{"id":32214,"date":"2023-05-08T07:29:32","date_gmt":"2023-05-08T07:29:32","guid":{"rendered":"https:\/\/occasions-teile.ch\/product\/kia-sorento-tuere-vorne-3\/"},"modified":"2023-05-08T07:29:35","modified_gmt":"2023-05-08T07:29:35","slug":"kia-sorento-tuere-vorne-3","status":"publish","type":"product","link":"https:\/\/occasions-teile.ch\/fr\/produkt\/kia-sorento-tuere-vorne-3\/","title":{"rendered":"Kia Sorento  T\u00fcre vorne"},"content":{"rendered":"<p><span><b>Donn\u00e9es techniques<\/b><\/p>\n<p> V\u00e9hicule: Kia Sorento<br \/>\n N\u00b0 de ch\u00e2ssis: KNAKU814DA5104284<br \/>\n Ann\u00e9e de production: 2011<br \/>\n Kilom\u00e9trage: 166392 KM<br \/>\n Puissance: 197 KW<br \/>\n Cylindr\u00e9e du moteur: 2199 ccm<br \/>\n Typ: 1ka251<br \/>\n Code couleur: silber<br \/>\n Remarques: &#8211;<\/p>\n<p> Exp\u00e9dition : L&rsquo;exp\u00e9dition n&rsquo;est disponible qu&rsquo;en Suisse. Dans d&rsquo;autres pays, l&rsquo;acheteur est responsable du transport.<br \/>\n Garantie : 3 mois de garantie. Veuillez noter que la garantie n&rsquo;est valable que si les pi\u00e8ces de rechange sont install\u00e9es par un atelier sp\u00e9cialis\u00e9\/ma\u00eetre. Le montage et le d\u00e9montage de la pi\u00e8ce de rechange ne peuvent pas nous \u00eatre factur\u00e9s.<\/p>\n<p> Pi\u00e8ce de rechange : pour d&rsquo;autres v\u00e9hicules (marques) disponible sur demande. T\u00e9l. 041 980 27 47. Portable. 076 589 27 47<\/p>\n<p>  Contact<br \/>\n   Adresse : Autoverwertung Brun AG<br \/>\n              M\u00f6\u00f6slimatten 13<br \/>\n              6218 Ettiswil<br \/>\n   T\u00e9l\u00e9phone : 0041 (041) 980 27 47<br \/>\n   T\u00e9l\u00e9fax : 0041 (041) 980 03 47<\/p>\n<p>  Nous proposons \u00e9galement d&rsquo;autres pi\u00e8ces automobiles d&rsquo;occasion \u00e0 vendre.<br \/>\n<\/span><\/p>\n","protected":false},"excerpt":{"rendered":"<p>Donn\u00e9es techniques V\u00e9hicule: Kia Sorento N\u00b0 de ch\u00e2ssis: KNAKU814DA5104284 Ann\u00e9e de production: 2011 Kilom\u00e9trage: 166392 KM Puissance: 197 KW Cylindr\u00e9e du moteur: 2199 ccm Typ: 1ka251 Code couleur: silber Remarques: &#8211; Exp\u00e9dition : L&rsquo;exp\u00e9dition n&rsquo;est disponible qu&rsquo;en Suisse. Dans d&rsquo;autres pays, l&rsquo;acheteur est responsable du transport. Garantie : 3 mois de garantie. Veuillez noter que&hellip; <a class=\"more-link\" href=\"https:\/\/occasions-teile.ch\/fr\/produkt\/kia-sorento-tuere-vorne-3\/\">Poursuivre la lecture <span class=\"screen-reader-text\">Kia Sorento  T\u00fcre vorne<\/span><\/a><\/p>\n","protected":false},"featured_media":32208,"template":"","meta":[],"product_brand":[],"product_cat":[488,491,489,490,485,583,586,589,1980,1982,1978,492,493,1979,1981,1983,486,487],"product_tag":[],"class_list":{"0":"post-32214","1":"product","2":"type-product","3":"status-publish","4":"has-post-thumbnail","6":"product_cat-en-body-center","7":"product_cat-fr-centre-de-la-carrosserie","8":"product_cat-en-doors","9":"product_cat-en-doors-front","10":"product_cat-de-karosserie-mitte","11":"product_cat-de_kia","12":"product_cat-en_kia","13":"product_cat-fr_kia","14":"product_cat-en-knaku814da5104284","15":"product_cat-fr-knaku814da5104284","16":"product_cat-de-knaku814da5104284","17":"product_cat-fr-portes","18":"product_cat-fr-portes-avant","19":"product_cat-de_sorento","20":"product_cat-en_sorento","21":"product_cat-fr_sorento","22":"product_cat-de-tueren","23":"product_cat-de-tuerenvorn","24":"product_shipping_class-tarif-3-fr","25":"entry","27":"first","28":"outofstock","29":"taxable","30":"shipping-taxable","31":"purchasable","32":"product-type-simple"},"jetpack_sharing_enabled":true,"_links":{"self":[{"href":"https:\/\/occasions-teile.ch\/fr\/wp-json\/wp\/v2\/product\/32214","targetHints":{"allow":["GET"]}}],"collection":[{"href":"https:\/\/occasions-teile.ch\/fr\/wp-json\/wp\/v2\/product"}],"about":[{"href":"https:\/\/occasions-teile.ch\/fr\/wp-json\/wp\/v2\/types\/product"}],"wp:featuredmedia":[{"embeddable":true,"href":"https:\/\/occasions-teile.ch\/fr\/wp-json\/wp\/v2\/media\/32208"}],"wp:attachment":[{"href":"https:\/\/occasions-teile.ch\/fr\/wp-json\/wp\/v2\/media?parent=32214"}],"wp:term":[{"taxonomy":"product_brand","embeddable":true,"href":"https:\/\/occasions-teile.ch\/fr\/wp-json\/wp\/v2\/product_brand?post=32214"},{"taxonomy":"product_cat","embeddable":true,"href":"https:\/\/occasions-teile.ch\/fr\/wp-json\/wp\/v2\/product_cat?post=32214"},{"taxonomy":"product_tag","embeddable":true,"href":"https:\/\/occasions-teile.ch\/fr\/wp-json\/wp\/v2\/product_tag?post=32214"}],"curies":[{"name":"wp","href":"https:\/\/api.w.org\/{rel}","templated":true}]}}