{"id":322000,"date":"2024-07-19T12:19:01","date_gmt":"2024-07-19T12:19:01","guid":{"rendered":"https:\/\/occasions-teile.ch\/product\/hyundai-i30n-motor\/"},"modified":"2025-07-10T13:29:56","modified_gmt":"2025-07-10T13:29:56","slug":"hyundai-i30n-motor","status":"publish","type":"product","link":"https:\/\/occasions-teile.ch\/fr\/produkt\/hyundai-i30n-motor\/","title":{"rendered":"Hyundai i30N  Motor"},"content":{"rendered":"<p><span><b>Technische Daten<\/b><\/p>\n<p> Fahrzeug: Hyundai i30N<br \/>\n Chassis Nr.: TMAHCH1AAPJ011806<br \/>\n Baujahr: 2023<br \/>\n Kilometer: 19100 KM<br \/>\n Leistung: 280 KW<br \/>\n Hubraum: 1998 ccm<br \/>\n Typ: 1HC542<br \/>\n Farbcode: grau<br \/>\n Hinweise: &#8211;<\/p>\n<p> Versand: Versand nur in der Schweiz m\u00f6glich.Im Ausland ist der Transport k\u00e4uferseits.<br \/>\n Garantie: 3 Monate Garantie. Bitte beachten Sie, dass die Gew\u00e4hrleistung nur g\u00fcltig ist, wenn der Ersatzteileinbau durch eine Fachwerkstatt\/Meisterwerkstatt erfolgt. Das Ein- und Ausbau des Ersatzteiles kann nicht an uns verrechnet werden. <\/p>\n<p> Ersatzteil: f\u00fcr andere Fahrzeugen (Marken) verf\u00fcgbar auf anfrage. Tel.041 980 27 47. Mobil. 076 589 27 47<\/p>\n<p> Kontakt<br \/>\n  Adresse: Autoverwertung Brun AG<br \/>\n           M\u00f6\u00f6slimatten 13<br \/>\n           6218 Ettiswil<br \/>\n  Telefon: 0041 (041) 980 27 47<br \/>\n  Telefax: 0041 (041) 980 03 47<\/p>\n<p> Wir bieten Ihnen weitere gebrauchte Autoteile zum Kauf an.<br \/>\n Tags: Motor, Motor , Moteur<br \/>\n<\/span><\/p>\n","protected":false},"excerpt":{"rendered":"<p>Technische Daten Fahrzeug: Hyundai i30N Chassis Nr.: TMAHCH1AAPJ011806 Baujahr: 2023 Kilometer: 19100 KM Leistung: 280 KW Hubraum: 1998 ccm Typ: 1HC542 Farbcode: grau Hinweise: &#8211; Versand: Versand nur in der Schweiz m\u00f6glich.Im Ausland ist der Transport k\u00e4uferseits. Garantie: 3 Monate Garantie. Bitte beachten Sie, dass die Gew\u00e4hrleistung nur g\u00fcltig ist, wenn der Ersatzteileinbau durch eine&hellip; <a class=\"more-link\" href=\"https:\/\/occasions-teile.ch\/fr\/produkt\/hyundai-i30n-motor\/\">Poursuivre la lecture <span class=\"screen-reader-text\">Hyundai i30N  Motor<\/span><\/a><\/p>\n","protected":false},"featured_media":321997,"template":"","meta":[],"product_brand":[],"product_cat":[24015,2403,2403,2403,24012,24012,24012,499,497,498,497,498,497,499,498,499,24011,24011,24011],"product_tag":[],"class_list":{"0":"post-322000","1":"product","2":"type-product","3":"status-publish","4":"has-post-thumbnail","6":"product_cat-de-2-0-t-gdi","7":"product_cat-en_hyundai","10":"product_cat-en_slug_hyundai_i30n_837","13":"product_cat-en-motor-en-motor-en-motor","14":"product_cat-en-motor","15":"product_cat-en-motor-en-motor","22":"product_cat-en-tmahch1aapj011806-200000354","25":"product_shipping_class-tarif-4-en","26":"entry","28":"first","29":"outofstock","30":"taxable","31":"shipping-taxable","32":"purchasable","33":"product-type-simple"},"jetpack_sharing_enabled":true,"_links":{"self":[{"href":"https:\/\/occasions-teile.ch\/fr\/wp-json\/wp\/v2\/product\/322000","targetHints":{"allow":["GET"]}}],"collection":[{"href":"https:\/\/occasions-teile.ch\/fr\/wp-json\/wp\/v2\/product"}],"about":[{"href":"https:\/\/occasions-teile.ch\/fr\/wp-json\/wp\/v2\/types\/product"}],"wp:featuredmedia":[{"embeddable":true,"href":"https:\/\/occasions-teile.ch\/fr\/wp-json\/wp\/v2\/media\/321997"}],"wp:attachment":[{"href":"https:\/\/occasions-teile.ch\/fr\/wp-json\/wp\/v2\/media?parent=322000"}],"wp:term":[{"taxonomy":"product_brand","embeddable":true,"href":"https:\/\/occasions-teile.ch\/fr\/wp-json\/wp\/v2\/product_brand?post=322000"},{"taxonomy":"product_cat","embeddable":true,"href":"https:\/\/occasions-teile.ch\/fr\/wp-json\/wp\/v2\/product_cat?post=322000"},{"taxonomy":"product_tag","embeddable":true,"href":"https:\/\/occasions-teile.ch\/fr\/wp-json\/wp\/v2\/product_tag?post=322000"}],"curies":[{"name":"wp","href":"https:\/\/api.w.org\/{rel}","templated":true}]}}