{"id":321798,"date":"2024-07-18T08:32:56","date_gmt":"2024-07-18T08:32:56","guid":{"rendered":"https:\/\/occasions-teile.ch\/product\/vw-touran-automatikgetriebe-2\/"},"modified":"2024-07-18T08:55:06","modified_gmt":"2024-07-18T08:55:06","slug":"vw-touran-automatikgetriebe-2","status":"publish","type":"product","link":"https:\/\/occasions-teile.ch\/fr\/produkt\/vw-touran-automatikgetriebe-2\/","title":{"rendered":"VW Touran  Automatikgetriebe"},"content":{"rendered":"<p><span><b>Technische Daten<\/b><\/p>\n<p> Fahrzeug: VW Touran<br \/>\n Chassis Nr.: WVGZZZ1TZ9W038759<br \/>\n Baujahr: 2010<br \/>\n Kilometer: 163923 KM<br \/>\n Leistung: 170 KW<br \/>\n Hubraum: 1390 ccm<br \/>\n Typ: 1VD464<br \/>\n Farbcode: silber<br \/>\n Hinweise: &#8211;<\/p>\n<p> Versand: Versand nur in der Schweiz m\u00f6glich.Im Ausland ist der Transport k\u00e4uferseits.<br \/>\n Garantie: 3 Monate Garantie. Bitte beachten Sie, dass die Gew\u00e4hrleistung nur g\u00fcltig ist, wenn der Ersatzteileinbau durch eine Fachwerkstatt\/Meisterwerkstatt erfolgt. Das Ein- und Ausbau des Ersatzteiles kann nicht an uns verrechnet werden. <\/p>\n<p> Ersatzteil: f\u00fcr andere Fahrzeugen (Marken) verf\u00fcgbar auf anfrage. Tel.041 980 27 47. Mobil. 076 589 27 47<\/p>\n<p> Kontakt<br \/>\n  Adresse: Autoverwertung Brun AG<br \/>\n           M\u00f6\u00f6slimatten 13<br \/>\n           6218 Ettiswil<br \/>\n  Telefon: 0041 (041) 980 27 47<br \/>\n  Telefax: 0041 (041) 980 03 47<\/p>\n<p> Wir bieten Ihnen weitere gebrauchte Autoteile zum Kauf an.<br \/>\n Tags: Automatikgetriebe, Automatic transmission , Boi^te de vitesses automatique<br \/>\n<\/span><\/p>\n","protected":false},"excerpt":{"rendered":"<p>Technische Daten Fahrzeug: VW Touran Chassis Nr.: WVGZZZ1TZ9W038759 Baujahr: 2010 Kilometer: 163923 KM Leistung: 170 KW Hubraum: 1390 ccm Typ: 1VD464 Farbcode: silber Hinweise: &#8211; Versand: Versand nur in der Schweiz m\u00f6glich.Im Ausland ist der Transport k\u00e4uferseits. Garantie: 3 Monate Garantie. Bitte beachten Sie, dass die Gew\u00e4hrleistung nur g\u00fcltig ist, wenn der Ersatzteileinbau durch eine&hellip; <a class=\"more-link\" href=\"https:\/\/occasions-teile.ch\/fr\/produkt\/vw-touran-automatikgetriebe-2\/\">Poursuivre la lecture <span class=\"screen-reader-text\">VW Touran  Automatikgetriebe<\/span><\/a><\/p>\n","protected":false},"featured_media":321795,"template":"","meta":[],"product_brand":[],"product_cat":[23696,1050,1051,1050,1051,1050,1051,648,648,2172,2172,2172,648,1280,1280,1280,24018,24018,24018],"product_tag":[],"class_list":{"0":"post-321798","1":"product","2":"type-product","3":"status-publish","4":"has-post-thumbnail","6":"product_cat-de-1-4tsi-de_touran-de_volkswagen-manufacturer-5","7":"product_cat-de-automatikgetriebe","8":"product_cat-de-automatikgetriebe-de-automatikgetriebe","13":"product_cat-de-getriebe-antrieb","15":"product_cat-de_touran","19":"product_cat-de_volkswagen","22":"product_cat-de-wvgzzz1tz9w038759-200000356","25":"product_shipping_class-tarif-4","26":"entry","28":"first","29":"instock","30":"taxable","31":"shipping-taxable","32":"purchasable","33":"product-type-simple"},"jetpack_sharing_enabled":true,"_links":{"self":[{"href":"https:\/\/occasions-teile.ch\/fr\/wp-json\/wp\/v2\/product\/321798","targetHints":{"allow":["GET"]}}],"collection":[{"href":"https:\/\/occasions-teile.ch\/fr\/wp-json\/wp\/v2\/product"}],"about":[{"href":"https:\/\/occasions-teile.ch\/fr\/wp-json\/wp\/v2\/types\/product"}],"wp:featuredmedia":[{"embeddable":true,"href":"https:\/\/occasions-teile.ch\/fr\/wp-json\/wp\/v2\/media\/321795"}],"wp:attachment":[{"href":"https:\/\/occasions-teile.ch\/fr\/wp-json\/wp\/v2\/media?parent=321798"}],"wp:term":[{"taxonomy":"product_brand","embeddable":true,"href":"https:\/\/occasions-teile.ch\/fr\/wp-json\/wp\/v2\/product_brand?post=321798"},{"taxonomy":"product_cat","embeddable":true,"href":"https:\/\/occasions-teile.ch\/fr\/wp-json\/wp\/v2\/product_cat?post=321798"},{"taxonomy":"product_tag","embeddable":true,"href":"https:\/\/occasions-teile.ch\/fr\/wp-json\/wp\/v2\/product_tag?post=321798"}],"curies":[{"name":"wp","href":"https:\/\/api.w.org\/{rel}","templated":true}]}}