{"id":320979,"date":"2024-07-09T12:50:50","date_gmt":"2024-07-09T12:50:50","guid":{"rendered":"https:\/\/occasions-teile.ch\/product\/vw-amarok-luftduessen-innenraum\/"},"modified":"2024-07-09T13:19:38","modified_gmt":"2024-07-09T13:19:38","slug":"vw-amarok-luftduessen-innenraum","status":"publish","type":"product","link":"https:\/\/occasions-teile.ch\/fr\/produkt\/vw-amarok-luftduessen-innenraum\/","title":{"rendered":"VW Amarok  Luftd\u00fcssen innenraum"},"content":{"rendered":"<p><span><b>Technische Daten<\/b><\/p>\n<p> Fahrzeug: VW Amarok<br \/>\n Chassis Nr.: WV1ZZZ2HZHH006093<br \/>\n Baujahr: 2016<br \/>\n Kilometer: 162000 KM<br \/>\n Leistung: 224 KW<br \/>\n Hubraum: 2967 ccm<br \/>\n Typ: 3VE715<br \/>\n Farbcode: LeichtBraun<br \/>\n Hinweise: &#8211;<\/p>\n<p> Versand: Versand nur in der Schweiz m\u00f6glich.Im Ausland ist der Transport k\u00e4uferseits.<br \/>\n Garantie: 3 Monate Garantie. Bitte beachten Sie, dass die Gew\u00e4hrleistung nur g\u00fcltig ist, wenn der Ersatzteileinbau durch eine Fachwerkstatt\/Meisterwerkstatt erfolgt. Das Ein- und Ausbau des Ersatzteiles kann nicht an uns verrechnet werden. <\/p>\n<p> Ersatzteil: f\u00fcr andere Fahrzeugen (Marken) verf\u00fcgbar auf anfrage. Tel.041 980 27 47. Mobil. 076 589 27 47<\/p>\n<p> Kontakt<br \/>\n  Adresse: Autoverwertung Brun AG<br \/>\n           M\u00f6\u00f6slimatten 13<br \/>\n           6218 Ettiswil<br \/>\n  Telefon: 0041 (041) 980 27 47<br \/>\n  Telefax: 0041 (041) 980 03 47<\/p>\n<p> Wir bieten Ihnen weitere gebrauchte Autoteile zum Kauf an.<br \/>\n Tags: Luftd\u00fcssen innenraum , Air nozzles inside, Buses d&rsquo;air \u00e0 l&rsquo;int\u00e9rieur<br \/>\n<\/span><\/p>\n","protected":false},"excerpt":{"rendered":"<p>Technische Daten Fahrzeug: VW Amarok Chassis Nr.: WV1ZZZ2HZHH006093 Baujahr: 2016 Kilometer: 162000 KM Leistung: 224 KW Hubraum: 2967 ccm Typ: 3VE715 Farbcode: LeichtBraun Hinweise: &#8211; Versand: Versand nur in der Schweiz m\u00f6glich.Im Ausland ist der Transport k\u00e4uferseits. Garantie: 3 Monate Garantie. Bitte beachten Sie, dass die Gew\u00e4hrleistung nur g\u00fcltig ist, wenn der Ersatzteileinbau durch eine&hellip; <a class=\"more-link\" href=\"https:\/\/occasions-teile.ch\/fr\/produkt\/vw-amarok-luftduessen-innenraum\/\">Poursuivre la lecture <span class=\"screen-reader-text\">VW Amarok  Luftd\u00fcssen innenraum<\/span><\/a><\/p>\n","protected":false},"featured_media":320976,"template":"","meta":[],"product_brand":[],"product_cat":[23990,1157,5102,5102,5102,805,1157,805,804,804,804,1157,805,1280,1280,1280,23984,23984,23984],"product_tag":[],"class_list":{"0":"post-320979","1":"product","2":"type-product","3":"status-publish","4":"has-post-thumbnail","6":"product_cat-de-3-0tdi-4motion","7":"product_cat-de-luftduessen-innenraum","8":"product_cat-de_slug_vw_amarok_369","11":"product_cat-de-armaturenbrett-handschuhfach","14":"product_cat-de-innenraum","19":"product_cat-de_volkswagen","22":"product_cat-de-wv1zzz2hzhh006093-200000348","25":"product_shipping_class-tarif-1","26":"entry","28":"first","29":"instock","30":"taxable","31":"shipping-taxable","32":"purchasable","33":"product-type-simple"},"jetpack_sharing_enabled":true,"_links":{"self":[{"href":"https:\/\/occasions-teile.ch\/fr\/wp-json\/wp\/v2\/product\/320979","targetHints":{"allow":["GET"]}}],"collection":[{"href":"https:\/\/occasions-teile.ch\/fr\/wp-json\/wp\/v2\/product"}],"about":[{"href":"https:\/\/occasions-teile.ch\/fr\/wp-json\/wp\/v2\/types\/product"}],"wp:featuredmedia":[{"embeddable":true,"href":"https:\/\/occasions-teile.ch\/fr\/wp-json\/wp\/v2\/media\/320976"}],"wp:attachment":[{"href":"https:\/\/occasions-teile.ch\/fr\/wp-json\/wp\/v2\/media?parent=320979"}],"wp:term":[{"taxonomy":"product_brand","embeddable":true,"href":"https:\/\/occasions-teile.ch\/fr\/wp-json\/wp\/v2\/product_brand?post=320979"},{"taxonomy":"product_cat","embeddable":true,"href":"https:\/\/occasions-teile.ch\/fr\/wp-json\/wp\/v2\/product_cat?post=320979"},{"taxonomy":"product_tag","embeddable":true,"href":"https:\/\/occasions-teile.ch\/fr\/wp-json\/wp\/v2\/product_tag?post=320979"}],"curies":[{"name":"wp","href":"https:\/\/api.w.org\/{rel}","templated":true}]}}