{"id":319303,"date":"2024-06-20T15:59:09","date_gmt":"2024-06-20T15:59:09","guid":{"rendered":"https:\/\/occasions-teile.ch\/product\/vw-caddy-vakuumpumpe\/"},"modified":"2024-06-20T16:05:59","modified_gmt":"2024-06-20T16:05:59","slug":"vw-caddy-vakuumpumpe","status":"publish","type":"product","link":"https:\/\/occasions-teile.ch\/fr\/produkt\/vw-caddy-vakuumpumpe\/","title":{"rendered":"VW Caddy  Vakuumpumpe"},"content":{"rendered":"<p><span><b>Technische Daten<\/b><\/p>\n<p> Fahrzeug: VW Caddy<br \/>\n Chassis Nr.: WV2ZZZ2KZKX028733<br \/>\n Baujahr: 2018<br \/>\n Kilometer: 174459 KM<br \/>\n Leistung: 125 KW<br \/>\n Hubraum: 1390 ccm<br \/>\n Typ: 1VG940<br \/>\n Farbcode: LeichtBraun<br \/>\n Hinweise: &#8211;<\/p>\n<p> Versand: Versand nur in der Schweiz m\u00f6glich.Im Ausland ist der Transport k\u00e4uferseits.<br \/>\n Garantie: 3 Monate Garantie. Bitte beachten Sie, dass die Gew\u00e4hrleistung nur g\u00fcltig ist, wenn der Ersatzteileinbau durch eine Fachwerkstatt\/Meisterwerkstatt erfolgt. Das Ein- und Ausbau des Ersatzteiles kann nicht an uns verrechnet werden. <\/p>\n<p> Ersatzteil: f\u00fcr andere Fahrzeugen (Marken) verf\u00fcgbar auf anfrage. Tel.041 980 27 47. Mobil. 076 589 27 47<\/p>\n<p> Kontakt<br \/>\n  Adresse: Autoverwertung Brun AG<br \/>\n           M\u00f6\u00f6slimatten 13<br \/>\n           6218 Ettiswil<br \/>\n  Telefon: 0041 (041) 980 27 47<br \/>\n  Telefax: 0041 (041) 980 03 47<\/p>\n<p> Wir bieten Ihnen weitere gebrauchte Autoteile zum Kauf an.<br \/>\n Tags: Vakuumpumpe, Vacuum pump, Pompe a` vide Capteur<br \/>\n<\/span><\/p>\n","protected":false},"excerpt":{"rendered":"<p>Technische Daten Fahrzeug: VW Caddy Chassis Nr.: WV2ZZZ2KZKX028733 Baujahr: 2018 Kilometer: 174459 KM Leistung: 125 KW Hubraum: 1390 ccm Typ: 1VG940 Farbcode: LeichtBraun Hinweise: &#8211; Versand: Versand nur in der Schweiz m\u00f6glich.Im Ausland ist der Transport k\u00e4uferseits. Garantie: 3 Monate Garantie. Bitte beachten Sie, dass die Gew\u00e4hrleistung nur g\u00fcltig ist, wenn der Ersatzteileinbau durch eine&hellip; <a class=\"more-link\" href=\"https:\/\/occasions-teile.ch\/fr\/produkt\/vw-caddy-vakuumpumpe\/\">Poursuivre la lecture <span class=\"screen-reader-text\">VW Caddy  Vakuumpumpe<\/span><\/a><\/p>\n","protected":false},"featured_media":319300,"template":"","meta":[],"product_brand":[],"product_cat":[23956,530,530,1628,1628,1628,530,6469,6163,6163,6469,6163,6469,1280,1280,1280,23953,23953,23953],"product_tag":[],"class_list":{"0":"post-319303","1":"product","2":"type-product","3":"status-publish","4":"has-post-thumbnail","6":"product_cat-de-1-4-trendline","7":"product_cat-de-bremse-bremsanlage","9":"product_cat-de_caddy","13":"product_cat-de-vakuumpumpe-vakuumpumpe","14":"product_cat-de-vakuumpumpe-bremse-bremsanlage","19":"product_cat-de_volkswagen","22":"product_cat-de-wv2zzz2kzkx028733-200000337","25":"product_shipping_class-tarif-1","26":"entry","28":"first","29":"instock","30":"taxable","31":"shipping-taxable","32":"purchasable","33":"product-type-simple"},"jetpack_sharing_enabled":true,"_links":{"self":[{"href":"https:\/\/occasions-teile.ch\/fr\/wp-json\/wp\/v2\/product\/319303","targetHints":{"allow":["GET"]}}],"collection":[{"href":"https:\/\/occasions-teile.ch\/fr\/wp-json\/wp\/v2\/product"}],"about":[{"href":"https:\/\/occasions-teile.ch\/fr\/wp-json\/wp\/v2\/types\/product"}],"wp:featuredmedia":[{"embeddable":true,"href":"https:\/\/occasions-teile.ch\/fr\/wp-json\/wp\/v2\/media\/319300"}],"wp:attachment":[{"href":"https:\/\/occasions-teile.ch\/fr\/wp-json\/wp\/v2\/media?parent=319303"}],"wp:term":[{"taxonomy":"product_brand","embeddable":true,"href":"https:\/\/occasions-teile.ch\/fr\/wp-json\/wp\/v2\/product_brand?post=319303"},{"taxonomy":"product_cat","embeddable":true,"href":"https:\/\/occasions-teile.ch\/fr\/wp-json\/wp\/v2\/product_cat?post=319303"},{"taxonomy":"product_tag","embeddable":true,"href":"https:\/\/occasions-teile.ch\/fr\/wp-json\/wp\/v2\/product_tag?post=319303"}],"curies":[{"name":"wp","href":"https:\/\/api.w.org\/{rel}","templated":true}]}}