{"id":319254,"date":"2024-06-20T14:36:30","date_gmt":"2024-06-20T14:36:30","guid":{"rendered":"https:\/\/occasions-teile.ch\/product\/vw-caddy-acc-radar-sensor\/"},"modified":"2024-06-20T15:06:48","modified_gmt":"2024-06-20T15:06:48","slug":"vw-caddy-acc-radar-sensor","status":"publish","type":"product","link":"https:\/\/occasions-teile.ch\/fr\/produkt\/vw-caddy-acc-radar-sensor\/","title":{"rendered":"VW Caddy  ACC Radar Sensor"},"content":{"rendered":"<p><span><b>Technische Daten<\/b><\/p>\n<p> Fahrzeug: VW Caddy<br \/>\n Chassis Nr.: WV2ZZZ2KZKX028733<br \/>\n Baujahr: 2018<br \/>\n Kilometer: 174459 KM<br \/>\n Leistung: 125 KW<br \/>\n Hubraum: 1390 ccm<br \/>\n Typ: 1VG940<br \/>\n Farbcode: LeichtBraun<br \/>\n Hinweise: &#8211;<\/p>\n<p> Versand: Versand nur in der Schweiz m\u00f6glich.Im Ausland ist der Transport k\u00e4uferseits.<br \/>\n Garantie: 3 Monate Garantie. Bitte beachten Sie, dass die Gew\u00e4hrleistung nur g\u00fcltig ist, wenn der Ersatzteileinbau durch eine Fachwerkstatt\/Meisterwerkstatt erfolgt. Das Ein- und Ausbau des Ersatzteiles kann nicht an uns verrechnet werden. <\/p>\n<p> Ersatzteil: f\u00fcr andere Fahrzeugen (Marken) verf\u00fcgbar auf anfrage. Tel.041 980 27 47. Mobil. 076 589 27 47<\/p>\n<p> Kontakt<br \/>\n  Adresse: Autoverwertung Brun AG<br \/>\n           M\u00f6\u00f6slimatten 13<br \/>\n           6218 Ettiswil<br \/>\n  Telefon: 0041 (041) 980 27 47<br \/>\n  Telefax: 0041 (041) 980 03 47<\/p>\n<p> Wir bieten Ihnen weitere gebrauchte Autoteile zum Kauf an.<br \/>\n Tags: ACC Radar Sensor, ACC Radar Sensor, apteur radar ACC<br \/>\n<\/span><\/p>\n","protected":false},"excerpt":{"rendered":"<p>Technische Daten Fahrzeug: VW Caddy Chassis Nr.: WV2ZZZ2KZKX028733 Baujahr: 2018 Kilometer: 174459 KM Leistung: 125 KW Hubraum: 1390 ccm Typ: 1VG940 Farbcode: LeichtBraun Hinweise: &#8211; Versand: Versand nur in der Schweiz m\u00f6glich.Im Ausland ist der Transport k\u00e4uferseits. Garantie: 3 Monate Garantie. Bitte beachten Sie, dass die Gew\u00e4hrleistung nur g\u00fcltig ist, wenn der Ersatzteileinbau durch eine&hellip; <a class=\"more-link\" href=\"https:\/\/occasions-teile.ch\/fr\/produkt\/vw-caddy-acc-radar-sensor\/\">Poursuivre la lecture <span class=\"screen-reader-text\">VW Caddy  ACC Radar Sensor<\/span><\/a><\/p>\n","protected":false},"featured_media":319251,"template":"","meta":[],"product_brand":[],"product_cat":[23956,1815,1816,1817,1628,1630,1632,1081,627,624,621,1077,1079,1283,1286,1280,23955,23953,23954],"product_tag":[],"class_list":{"0":"post-319254","1":"product","2":"type-product","3":"status-publish","4":"has-post-thumbnail","6":"product_cat-de-1-4-trendline","7":"product_cat-de-acc-radar-sensor","8":"product_cat-en-acc-radar-sensor","9":"product_cat-fr-apteur-radar-acc","10":"product_cat-de_caddy","11":"product_cat-en_caddy","12":"product_cat-fr_caddy","13":"product_cat-fr-capteursautres","14":"product_cat-fr-electricite-dispositifs-de-commande","15":"product_cat-en-electrics-control-units","16":"product_cat-de-elektrik-steuergeraete","17":"product_cat-de-sensorensonstiges","18":"product_cat-en-sensorsother","19":"product_cat-en_volkswagen","20":"product_cat-fr_volkswagen","21":"product_cat-de_volkswagen","22":"product_cat-fr-wv2zzz2kzkx028733-200000337","23":"product_cat-de-wv2zzz2kzkx028733-200000337","24":"product_cat-en-wv2zzz2kzkx028733-200000337","25":"product_shipping_class-tarif-1","26":"entry","28":"first","29":"instock","30":"taxable","31":"shipping-taxable","32":"purchasable","33":"product-type-simple"},"jetpack_sharing_enabled":true,"_links":{"self":[{"href":"https:\/\/occasions-teile.ch\/fr\/wp-json\/wp\/v2\/product\/319254","targetHints":{"allow":["GET"]}}],"collection":[{"href":"https:\/\/occasions-teile.ch\/fr\/wp-json\/wp\/v2\/product"}],"about":[{"href":"https:\/\/occasions-teile.ch\/fr\/wp-json\/wp\/v2\/types\/product"}],"wp:featuredmedia":[{"embeddable":true,"href":"https:\/\/occasions-teile.ch\/fr\/wp-json\/wp\/v2\/media\/319251"}],"wp:attachment":[{"href":"https:\/\/occasions-teile.ch\/fr\/wp-json\/wp\/v2\/media?parent=319254"}],"wp:term":[{"taxonomy":"product_brand","embeddable":true,"href":"https:\/\/occasions-teile.ch\/fr\/wp-json\/wp\/v2\/product_brand?post=319254"},{"taxonomy":"product_cat","embeddable":true,"href":"https:\/\/occasions-teile.ch\/fr\/wp-json\/wp\/v2\/product_cat?post=319254"},{"taxonomy":"product_tag","embeddable":true,"href":"https:\/\/occasions-teile.ch\/fr\/wp-json\/wp\/v2\/product_tag?post=319254"}],"curies":[{"name":"wp","href":"https:\/\/api.w.org\/{rel}","templated":true}]}}