{"id":319209,"date":"2024-06-20T12:03:43","date_gmt":"2024-06-20T12:03:43","guid":{"rendered":"https:\/\/occasions-teile.ch\/product\/mini-cooper-s-felgen-einzeln\/"},"modified":"2024-06-20T13:06:12","modified_gmt":"2024-06-20T13:06:12","slug":"mini-cooper-s-felgen-einzeln","status":"publish","type":"product","link":"https:\/\/occasions-teile.ch\/fr\/produkt\/mini-cooper-s-felgen-einzeln\/","title":{"rendered":"Mini Cooper S  Felgen (einzeln)"},"content":{"rendered":"<p><span><b>Technische Daten<\/b><\/p>\n<p> Fahrzeug: Mini Cooper S<br \/>\n Chassis Nr.: WMWWH510103C80329<br \/>\n Baujahr: 2018<br \/>\n Kilometer: 76220 KM<br \/>\n Leistung: 170 KW<br \/>\n Hubraum: 1995 ccm<br \/>\n Typ: 1MQ436<br \/>\n Farbcode: Turquise<br \/>\n Hinweise: 205\/45\/17<br \/>\n7Jx17H2 IS54<\/p>\n<p> Versand: Versand nur in der Schweiz m\u00f6glich.Im Ausland ist der Transport k\u00e4uferseits.<br \/>\n Garantie: 3 Monate Garantie. Bitte beachten Sie, dass die Gew\u00e4hrleistung nur g\u00fcltig ist, wenn der Ersatzteileinbau durch eine Fachwerkstatt\/Meisterwerkstatt erfolgt. Das Ein- und Ausbau des Ersatzteiles kann nicht an uns verrechnet werden. <\/p>\n<p> Ersatzteil: f\u00fcr andere Fahrzeugen (Marken) verf\u00fcgbar auf anfrage. Tel.041 980 27 47. Mobil. 076 589 27 47<\/p>\n<p> Kontakt<br \/>\n  Adresse: Autoverwertung Brun AG<br \/>\n           M\u00f6\u00f6slimatten 13<br \/>\n           6218 Ettiswil<br \/>\n  Telefon: 0041 (041) 980 27 47<br \/>\n  Telefax: 0041 (041) 980 03 47<\/p>\n<p> Wir bieten Ihnen weitere gebrauchte Autoteile zum Kauf an.<br \/>\n Tags: Felgen (einzeln), Rims (single), Jantes  (seules)<br \/>\n<\/span><\/p>\n","protected":false},"excerpt":{"rendered":"<p>Technische Daten Fahrzeug: Mini Cooper S Chassis Nr.: WMWWH510103C80329 Baujahr: 2018 Kilometer: 76220 KM Leistung: 170 KW Hubraum: 1995 ccm Typ: 1MQ436 Farbcode: Turquise Hinweise: 205\/45\/17 7Jx17H2 IS54 Versand: Versand nur in der Schweiz m\u00f6glich.Im Ausland ist der Transport k\u00e4uferseits. Garantie: 3 Monate Garantie. Bitte beachten Sie, dass die Gew\u00e4hrleistung nur g\u00fcltig ist, wenn der&hellip; <a class=\"more-link\" href=\"https:\/\/occasions-teile.ch\/fr\/produkt\/mini-cooper-s-felgen-einzeln\/\">Poursuivre la lecture <span class=\"screen-reader-text\">Mini Cooper S  Felgen (einzeln)<\/span><\/a><\/p>\n","protected":false},"featured_media":319206,"template":"","meta":[],"product_brand":[],"product_cat":[23952,5433,5433,5433,1112,1111,1111,1112,2223,2223,2223,553,1112,1111,553,553,23950,23950,23950],"product_tag":[],"class_list":{"0":"post-319209","1":"product","2":"type-product","3":"status-publish","4":"has-post-thumbnail","6":"product_cat-de-cabrio-f57","7":"product_cat-en_slug_mini_cooper-s_839","10":"product_cat-en-rims-single","11":"product_cat-en-rimssingle","14":"product_cat-en_mini","17":"product_cat-en-wheels-tires-rims","22":"product_cat-en-wmwwh510103c80329-200000338","25":"product_shipping_class-tarif-1-en","26":"entry","28":"first","29":"instock","30":"taxable","31":"shipping-taxable","32":"purchasable","33":"product-type-simple"},"jetpack_sharing_enabled":true,"_links":{"self":[{"href":"https:\/\/occasions-teile.ch\/fr\/wp-json\/wp\/v2\/product\/319209","targetHints":{"allow":["GET"]}}],"collection":[{"href":"https:\/\/occasions-teile.ch\/fr\/wp-json\/wp\/v2\/product"}],"about":[{"href":"https:\/\/occasions-teile.ch\/fr\/wp-json\/wp\/v2\/types\/product"}],"wp:featuredmedia":[{"embeddable":true,"href":"https:\/\/occasions-teile.ch\/fr\/wp-json\/wp\/v2\/media\/319206"}],"wp:attachment":[{"href":"https:\/\/occasions-teile.ch\/fr\/wp-json\/wp\/v2\/media?parent=319209"}],"wp:term":[{"taxonomy":"product_brand","embeddable":true,"href":"https:\/\/occasions-teile.ch\/fr\/wp-json\/wp\/v2\/product_brand?post=319209"},{"taxonomy":"product_cat","embeddable":true,"href":"https:\/\/occasions-teile.ch\/fr\/wp-json\/wp\/v2\/product_cat?post=319209"},{"taxonomy":"product_tag","embeddable":true,"href":"https:\/\/occasions-teile.ch\/fr\/wp-json\/wp\/v2\/product_tag?post=319209"}],"curies":[{"name":"wp","href":"https:\/\/api.w.org\/{rel}","templated":true}]}}