{"id":318737,"date":"2024-06-17T13:41:30","date_gmt":"2024-06-17T13:41:30","guid":{"rendered":"https:\/\/occasions-teile.ch\/product\/mini-cooper-s-hupe-fanfare-alarmanlage-2\/"},"modified":"2024-06-17T14:04:06","modified_gmt":"2024-06-17T14:04:06","slug":"mini-cooper-s-hupe-fanfare-alarmanlage-2","status":"publish","type":"product","link":"https:\/\/occasions-teile.ch\/fr\/produkt\/mini-cooper-s-hupe-fanfare-alarmanlage-2\/","title":{"rendered":"Mini Cooper S  Hupe, Fanfare, Alarmanlage"},"content":{"rendered":"<p><span><b>Technische Daten<\/b><\/p>\n<p> Fahrzeug: Mini Cooper S<br \/>\n Chassis Nr.: WMWWH510103C80329<br \/>\n Baujahr: 2018<br \/>\n Kilometer: 76220 KM<br \/>\n Leistung: 170 KW<br \/>\n Hubraum: 1995 ccm<br \/>\n Typ: 1MQ436<br \/>\n Farbcode: Turquise<br \/>\n Hinweise: &#8211;<\/p>\n<p> Versand: Versand nur in der Schweiz m\u00f6glich.Im Ausland ist der Transport k\u00e4uferseits.<br \/>\n Garantie: 3 Monate Garantie. Bitte beachten Sie, dass die Gew\u00e4hrleistung nur g\u00fcltig ist, wenn der Ersatzteileinbau durch eine Fachwerkstatt\/Meisterwerkstatt erfolgt. Das Ein- und Ausbau des Ersatzteiles kann nicht an uns verrechnet werden. <\/p>\n<p> Ersatzteil: f\u00fcr andere Fahrzeugen (Marken) verf\u00fcgbar auf anfrage. Tel.041 980 27 47. Mobil. 076 589 27 47<\/p>\n<p> Kontakt<br \/>\n  Adresse: Autoverwertung Brun AG<br \/>\n           M\u00f6\u00f6slimatten 13<br \/>\n           6218 Ettiswil<br \/>\n  Telefon: 0041 (041) 980 27 47<br \/>\n  Telefax: 0041 (041) 980 03 47<\/p>\n<p> Wir bieten Ihnen weitere gebrauchte Autoteile zum Kauf an.<br \/>\n Tags: Hupe, Fanfare, Alarmanlage, Horn, Fanfare, Alarm system , Klaxon, Fanfare, Alarme<br \/>\n<\/span><\/p>\n","protected":false},"excerpt":{"rendered":"<p>Technische Daten Fahrzeug: Mini Cooper S Chassis Nr.: WMWWH510103C80329 Baujahr: 2018 Kilometer: 76220 KM Leistung: 170 KW Hubraum: 1995 ccm Typ: 1MQ436 Farbcode: Turquise Hinweise: &#8211; Versand: Versand nur in der Schweiz m\u00f6glich.Im Ausland ist der Transport k\u00e4uferseits. Garantie: 3 Monate Garantie. Bitte beachten Sie, dass die Gew\u00e4hrleistung nur g\u00fcltig ist, wenn der Ersatzteileinbau durch&hellip; <a class=\"more-link\" href=\"https:\/\/occasions-teile.ch\/fr\/produkt\/mini-cooper-s-hupe-fanfare-alarmanlage-2\/\">Poursuivre la lecture <span class=\"screen-reader-text\">Mini Cooper S  Hupe, Fanfare, Alarmanlage<\/span><\/a><\/p>\n","protected":false},"featured_media":318734,"template":"","meta":[],"product_brand":[],"product_cat":[23952,5432,5433,5434,627,624,621,2103,2102,2101,2100,2105,2104,2223,2226,2220,23949,23950,23951],"product_tag":[],"class_list":{"0":"post-318737","1":"product","2":"type-product","3":"status-publish","4":"has-post-thumbnail","6":"product_cat-de-cabrio-f57","7":"product_cat-de_slug_mini_cooper-s_434","8":"product_cat-en_slug_mini_cooper-s_839","9":"product_cat-fr_slug_mini_cooper-s_478","10":"product_cat-fr-electricite-dispositifs-de-commande","11":"product_cat-en-electrics-control-units","12":"product_cat-de-elektrik-steuergeraete","13":"product_cat-en-horn-fanfare-alarm-system","14":"product_cat-en-hornfanfarealarm-system","15":"product_cat-de-hupe-fanfare-alarmanlage","16":"product_cat-de-hupefanfarealarmanlage","17":"product_cat-fr-klaxon-fanfare-alarme","18":"product_cat-fr-klaxonfanfarealarme","19":"product_cat-en_mini","20":"product_cat-fr_mini","21":"product_cat-de_mini","22":"product_cat-de-wmwwh510103c80329-200000338","23":"product_cat-en-wmwwh510103c80329-200000338","24":"product_cat-fr-wmwwh510103c80329-200000338","25":"product_shipping_class-tarif-1","26":"entry","28":"first","29":"instock","30":"taxable","31":"shipping-taxable","32":"purchasable","33":"product-type-simple"},"jetpack_sharing_enabled":true,"_links":{"self":[{"href":"https:\/\/occasions-teile.ch\/fr\/wp-json\/wp\/v2\/product\/318737","targetHints":{"allow":["GET"]}}],"collection":[{"href":"https:\/\/occasions-teile.ch\/fr\/wp-json\/wp\/v2\/product"}],"about":[{"href":"https:\/\/occasions-teile.ch\/fr\/wp-json\/wp\/v2\/types\/product"}],"wp:featuredmedia":[{"embeddable":true,"href":"https:\/\/occasions-teile.ch\/fr\/wp-json\/wp\/v2\/media\/318734"}],"wp:attachment":[{"href":"https:\/\/occasions-teile.ch\/fr\/wp-json\/wp\/v2\/media?parent=318737"}],"wp:term":[{"taxonomy":"product_brand","embeddable":true,"href":"https:\/\/occasions-teile.ch\/fr\/wp-json\/wp\/v2\/product_brand?post=318737"},{"taxonomy":"product_cat","embeddable":true,"href":"https:\/\/occasions-teile.ch\/fr\/wp-json\/wp\/v2\/product_cat?post=318737"},{"taxonomy":"product_tag","embeddable":true,"href":"https:\/\/occasions-teile.ch\/fr\/wp-json\/wp\/v2\/product_tag?post=318737"}],"curies":[{"name":"wp","href":"https:\/\/api.w.org\/{rel}","templated":true}]}}