{"id":317865,"date":"2024-06-07T13:04:04","date_gmt":"2024-06-07T13:04:04","guid":{"rendered":"https:\/\/occasions-teile.ch\/product\/alfa-romeo-giulia-motorbock-motorhalter-2\/"},"modified":"2024-06-07T13:51:26","modified_gmt":"2024-06-07T13:51:26","slug":"alfa-romeo-giulia-motorbock-motorhalter-2","status":"publish","type":"product","link":"https:\/\/occasions-teile.ch\/fr\/produkt\/alfa-romeo-giulia-motorbock-motorhalter-2\/","title":{"rendered":"Alfa Romeo Giulia  Motorbock Motorhalter"},"content":{"rendered":"<p><span><b>Technische Daten<\/b><\/p>\n<p> Fahrzeug: Alfa Romeo Giulia<br \/>\n Chassis Nr.: ZAREAEGU4H7529453<br \/>\n Baujahr: 2016<br \/>\n Kilometer: 87841 KM<br \/>\n Leistung: 209 KW<br \/>\n Hubraum: 2143 ccm<br \/>\n Typ: 1AA570<br \/>\n Farbcode: White\/Weiss<br \/>\n Hinweise: &#8211;<\/p>\n<p> Versand: Versand nur in der Schweiz m\u00f6glich.Im Ausland ist der Transport k\u00e4uferseits.<br \/>\n Garantie: 3 Monate Garantie. Bitte beachten Sie, dass die Gew\u00e4hrleistung nur g\u00fcltig ist, wenn der Ersatzteileinbau durch eine Fachwerkstatt\/Meisterwerkstatt erfolgt. Das Ein- und Ausbau des Ersatzteiles kann nicht an uns verrechnet werden. <\/p>\n<p> Ersatzteil: f\u00fcr andere Fahrzeugen (Marken) verf\u00fcgbar auf anfrage. Tel.041 980 27 47. Mobil. 076 589 27 47<\/p>\n<p> Kontakt<br \/>\n  Adresse: Autoverwertung Brun AG<br \/>\n           M\u00f6\u00f6slimatten 13<br \/>\n           6218 Ettiswil<br \/>\n  Telefon: 0041 (041) 980 27 47<br \/>\n  Telefax: 0041 (041) 980 03 47<\/p>\n<p> Wir bieten Ihnen weitere gebrauchte Autoteile zum Kauf an.<br \/>\n Tags: Motorbock Motorhalter, Engine mount\/motor holder, Support de moteur moteur Gates<br \/>\n<\/span><\/p>\n","protected":false},"excerpt":{"rendered":"<p>Technische Daten Fahrzeug: Alfa Romeo Giulia Chassis Nr.: ZAREAEGU4H7529453 Baujahr: 2016 Kilometer: 87841 KM Leistung: 209 KW Hubraum: 2143 ccm Typ: 1AA570 Farbcode: White\/Weiss Hinweise: &#8211; Versand: Versand nur in der Schweiz m\u00f6glich.Im Ausland ist der Transport k\u00e4uferseits. Garantie: 3 Monate Garantie. Bitte beachten Sie, dass die Gew\u00e4hrleistung nur g\u00fcltig ist, wenn der Ersatzteileinbau durch&hellip; <a class=\"more-link\" href=\"https:\/\/occasions-teile.ch\/fr\/produkt\/alfa-romeo-giulia-motorbock-motorhalter-2\/\">Poursuivre la lecture <span class=\"screen-reader-text\">Alfa Romeo Giulia  Motorbock Motorhalter<\/span><\/a><\/p>\n","protected":false},"featured_media":317862,"template":"","meta":[],"product_brand":[],"product_cat":[468,471,474,1363,1364,727,729,731,500,494,497,1361,1362,1366,1365,23617,728,730,726],"product_tag":[],"class_list":{"0":"post-317865","1":"product","2":"type-product","3":"status-publish","4":"has-post-thumbnail","6":"product_cat-de_alfa-romeo","7":"product_cat-en_alfa-romeo","8":"product_cat-fr_alfa-romeo","9":"product_cat-en-engine-mount-motor-holder","10":"product_cat-en-engine-mount-motor-holder-en-engine-mount-motor-holder","11":"product_cat-de_giulia","12":"product_cat-en_giulia","13":"product_cat-fr_giulia","14":"product_cat-fr-moteur","15":"product_cat-de-motor","16":"product_cat-en-motor","17":"product_cat-de-motorbock-motorhalter","18":"product_cat-de-motorbock-motorhalter-de-motorbock-motorhalter","19":"product_cat-fr-support-de-moteur-moteur-gates-fr-support-de-moteur-moteur-gates","20":"product_cat-fr-support-de-moteur-moteur-gates","21":"product_cat-de-veloce-q4-de_giulia-de_alfa-romeo-manufacturer-50","22":"product_cat-en-zareaegu4h7529453","23":"product_cat-fr-zareaegu4h7529453","24":"product_cat-de-zareaegu4h7529453","25":"product_shipping_class-tarif-1","26":"entry","28":"first","29":"instock","30":"taxable","31":"shipping-taxable","32":"purchasable","33":"product-type-simple"},"jetpack_sharing_enabled":true,"_links":{"self":[{"href":"https:\/\/occasions-teile.ch\/fr\/wp-json\/wp\/v2\/product\/317865","targetHints":{"allow":["GET"]}}],"collection":[{"href":"https:\/\/occasions-teile.ch\/fr\/wp-json\/wp\/v2\/product"}],"about":[{"href":"https:\/\/occasions-teile.ch\/fr\/wp-json\/wp\/v2\/types\/product"}],"wp:featuredmedia":[{"embeddable":true,"href":"https:\/\/occasions-teile.ch\/fr\/wp-json\/wp\/v2\/media\/317862"}],"wp:attachment":[{"href":"https:\/\/occasions-teile.ch\/fr\/wp-json\/wp\/v2\/media?parent=317865"}],"wp:term":[{"taxonomy":"product_brand","embeddable":true,"href":"https:\/\/occasions-teile.ch\/fr\/wp-json\/wp\/v2\/product_brand?post=317865"},{"taxonomy":"product_cat","embeddable":true,"href":"https:\/\/occasions-teile.ch\/fr\/wp-json\/wp\/v2\/product_cat?post=317865"},{"taxonomy":"product_tag","embeddable":true,"href":"https:\/\/occasions-teile.ch\/fr\/wp-json\/wp\/v2\/product_tag?post=317865"}],"curies":[{"name":"wp","href":"https:\/\/api.w.org\/{rel}","templated":true}]}}