{"id":317648,"date":"2024-06-04T15:02:15","date_gmt":"2024-06-04T15:02:15","guid":{"rendered":"https:\/\/occasions-teile.ch\/product\/audi-q3-xenonsteuergeraet\/"},"modified":"2024-06-04T15:43:57","modified_gmt":"2024-06-04T15:43:57","slug":"audi-q3-xenonsteuergeraet","status":"publish","type":"product","link":"https:\/\/occasions-teile.ch\/fr\/produkt\/audi-q3-xenonsteuergeraet\/","title":{"rendered":"Audi Q3  Xenonsteuerger\u00e4t"},"content":{"rendered":"<p><span><b>Technische Daten<\/b><\/p>\n<p> Fahrzeug: Audi Q3<br \/>\n Chassis Nr.: WAUZZZ8U2CR025598<br \/>\n Baujahr: 2012<br \/>\n Kilometer: 157647 KM<br \/>\n Leistung: 170 KW<br \/>\n Hubraum: 1984 ccm<br \/>\n Typ: 1AC796<br \/>\n Farbcode: White\/Weiss<br \/>\n Hinweise: &#8211;<\/p>\n<p> Versand: Versand nur in der Schweiz m\u00f6glich.Im Ausland ist der Transport k\u00e4uferseits.<br \/>\n Garantie: 3 Monate Garantie. Bitte beachten Sie, dass die Gew\u00e4hrleistung nur g\u00fcltig ist, wenn der Ersatzteileinbau durch eine Fachwerkstatt\/Meisterwerkstatt erfolgt. Das Ein- und Ausbau des Ersatzteiles kann nicht an uns verrechnet werden. <\/p>\n<p> Ersatzteil: f\u00fcr andere Fahrzeugen (Marken) verf\u00fcgbar auf anfrage. Tel.041 980 27 47. Mobil. 076 589 27 47<\/p>\n<p> Kontakt<br \/>\n  Adresse: Autoverwertung Brun AG<br \/>\n           M\u00f6\u00f6slimatten 13<br \/>\n           6218 Ettiswil<br \/>\n  Telefon: 0041 (041) 980 27 47<br \/>\n  Telefax: 0041 (041) 980 03 47<\/p>\n<p> Wir bieten Ihnen weitere gebrauchte Autoteile zum Kauf an.<br \/>\n Tags: Xenonsteuerger\u00e4t , xenon control unit, unit\u00e9 de commande x\u00e9non<br \/>\n<\/span><\/p>\n","protected":false},"excerpt":{"rendered":"<p>Technische Daten Fahrzeug: Audi Q3 Chassis Nr.: WAUZZZ8U2CR025598 Baujahr: 2012 Kilometer: 157647 KM Leistung: 170 KW Hubraum: 1984 ccm Typ: 1AC796 Farbcode: White\/Weiss Hinweise: &#8211; Versand: Versand nur in der Schweiz m\u00f6glich.Im Ausland ist der Transport k\u00e4uferseits. Garantie: 3 Monate Garantie. Bitte beachten Sie, dass die Gew\u00e4hrleistung nur g\u00fcltig ist, wenn der Ersatzteileinbau durch eine&hellip; <a class=\"more-link\" href=\"https:\/\/occasions-teile.ch\/fr\/produkt\/audi-q3-xenonsteuergeraet\/\">Poursuivre la lecture <span class=\"screen-reader-text\">Audi Q3  Xenonsteuerger\u00e4t<\/span><\/a><\/p>\n","protected":false},"featured_media":317645,"template":"","meta":[],"product_brand":[],"product_cat":[23820,458,461,464,897,901,627,624,621,899,1120,1116,1118,1025,1117,1119,1115,1024,1023],"product_tag":[],"class_list":{"0":"post-317648","1":"product","2":"type-product","3":"status-publish","4":"has-post-thumbnail","6":"product_cat-de-2-0tfsi-8ub-8ug-de_q3-de_audi-manufacturer-30","7":"product_cat-de_audi","8":"product_cat-en_audi","9":"product_cat-fr_audi","10":"product_cat-de-beleuchtung","11":"product_cat-fr-eclairage","12":"product_cat-fr-electricite-dispositifs-de-commande","13":"product_cat-en-electrics-control-units","14":"product_cat-de-elektrik-steuergeraete","15":"product_cat-en-lighting","16":"product_cat-fr_q3","17":"product_cat-de_q3","18":"product_cat-en_q3","19":"product_cat-fr-unite-de-commande-xenon","20":"product_cat-en-wauzzz8u2cr025598","21":"product_cat-fr-wauzzz8u2cr025598","22":"product_cat-de-wauzzz8u2cr025598","23":"product_cat-en-xenon-control-unit","24":"product_cat-de-xenonsteuergeraet","25":"product_shipping_class-tarif-1","26":"entry","28":"first","29":"instock","30":"taxable","31":"shipping-taxable","32":"purchasable","33":"product-type-simple"},"jetpack_sharing_enabled":true,"_links":{"self":[{"href":"https:\/\/occasions-teile.ch\/fr\/wp-json\/wp\/v2\/product\/317648","targetHints":{"allow":["GET"]}}],"collection":[{"href":"https:\/\/occasions-teile.ch\/fr\/wp-json\/wp\/v2\/product"}],"about":[{"href":"https:\/\/occasions-teile.ch\/fr\/wp-json\/wp\/v2\/types\/product"}],"wp:featuredmedia":[{"embeddable":true,"href":"https:\/\/occasions-teile.ch\/fr\/wp-json\/wp\/v2\/media\/317645"}],"wp:attachment":[{"href":"https:\/\/occasions-teile.ch\/fr\/wp-json\/wp\/v2\/media?parent=317648"}],"wp:term":[{"taxonomy":"product_brand","embeddable":true,"href":"https:\/\/occasions-teile.ch\/fr\/wp-json\/wp\/v2\/product_brand?post=317648"},{"taxonomy":"product_cat","embeddable":true,"href":"https:\/\/occasions-teile.ch\/fr\/wp-json\/wp\/v2\/product_cat?post=317648"},{"taxonomy":"product_tag","embeddable":true,"href":"https:\/\/occasions-teile.ch\/fr\/wp-json\/wp\/v2\/product_tag?post=317648"}],"curies":[{"name":"wp","href":"https:\/\/api.w.org\/{rel}","templated":true}]}}