{"id":316304,"date":"2024-05-21T15:13:17","date_gmt":"2024-05-21T15:13:17","guid":{"rendered":"https:\/\/occasions-teile.ch\/product\/audi-a3-tuerschloss-hinten-4\/"},"modified":"2024-05-28T05:10:13","modified_gmt":"2024-05-28T05:10:13","slug":"audi-a3-tuerschloss-hinten-4","status":"publish","type":"product","link":"https:\/\/occasions-teile.ch\/fr\/produkt\/audi-a3-tuerschloss-hinten-4\/","title":{"rendered":"Audi A3  T\u00fcrschloss hinten"},"content":{"rendered":"<p><span><b>Technische Daten<\/b><\/p>\n<p> Fahrzeug: Audi A3<br \/>\n Chassis Nr.: WAUZZZGY4MA114870<br \/>\n Baujahr: 2021<br \/>\n Kilometer: 75588 KM<br \/>\n Leistung: 150 KW<br \/>\n Hubraum: 1498 ccm<br \/>\n Typ: 1AN909<br \/>\n Farbcode: Black<br \/>\n Hinweise: &#8211;<\/p>\n<p> Versand: Versand nur in der Schweiz m\u00f6glich.Im Ausland ist der Transport k\u00e4uferseits.<br \/>\n Garantie: 3 Monate Garantie. Bitte beachten Sie, dass die Gew\u00e4hrleistung nur g\u00fcltig ist, wenn der Ersatzteileinbau durch eine Fachwerkstatt\/Meisterwerkstatt erfolgt. Das Ein- und Ausbau des Ersatzteiles kann nicht an uns verrechnet werden. <\/p>\n<p> Ersatzteil: f\u00fcr andere Fahrzeugen (Marken) verf\u00fcgbar auf anfrage. Tel.041 980 27 47. Mobil. 076 589 27 47<\/p>\n<p> Kontakt<br \/>\n  Adresse: Autoverwertung Brun AG<br \/>\n           M\u00f6\u00f6slimatten 13<br \/>\n           6218 Ettiswil<br \/>\n  Telefon: 0041 (041) 980 27 47<br \/>\n  Telefax: 0041 (041) 980 03 47<\/p>\n<p> Wir bieten Ihnen weitere gebrauchte Autoteile zum Kauf an.<br \/>\n Tags: T\u00fcrschloss hinten, Door lock rear, Serrure de porte arrie`re<br \/>\n<\/span><\/p>\n","protected":false},"excerpt":{"rendered":"<p>Technische Daten Fahrzeug: Audi A3 Chassis Nr.: WAUZZZGY4MA114870 Baujahr: 2021 Kilometer: 75588 KM Leistung: 150 KW Hubraum: 1498 ccm Typ: 1AN909 Farbcode: Black Hinweise: &#8211; Versand: Versand nur in der Schweiz m\u00f6glich.Im Ausland ist der Transport k\u00e4uferseits. Garantie: 3 Monate Garantie. Bitte beachten Sie, dass die Gew\u00e4hrleistung nur g\u00fcltig ist, wenn der Ersatzteileinbau durch eine&hellip; <a class=\"more-link\" href=\"https:\/\/occasions-teile.ch\/fr\/produkt\/audi-a3-tuerschloss-hinten-4\/\">Poursuivre la lecture <span class=\"screen-reader-text\">Audi A3  T\u00fcrschloss hinten<\/span><\/a><\/p>\n","protected":false},"featured_media":316301,"template":"","meta":[],"product_brand":[],"product_cat":[23468,23740,2139,2141,2143,458,461,464,488,491,1342,1347,485,1344,1348,1340,1346,23289,23286,23288],"product_tag":[],"class_list":{"0":"post-316304","1":"product","2":"type-product","3":"status-publish","4":"has-post-thumbnail","6":"product_cat-de-35-tfsi-mild-hybrid-de_a3-de_audi-manufacturer-86","7":"product_cat-de-35-tfsi-mild-hybrid-de_a3-de_audi-manufacturer-132","8":"product_cat-de_a3","9":"product_cat-en_a3","10":"product_cat-fr_a3","11":"product_cat-de_audi","12":"product_cat-en_audi","13":"product_cat-fr_audi","14":"product_cat-en-body-center","15":"product_cat-fr-centre-de-la-carrosserie","16":"product_cat-en-door-lock","17":"product_cat-en-door-lock-rear","18":"product_cat-de-karosserie-mitte","19":"product_cat-fr-serrure-de-porte","20":"product_cat-fr-serrure-de-porte-arriere","21":"product_cat-de-tuerschloss","22":"product_cat-de-tuerschloss-hinten","23":"product_cat-fr-wauzzzgy4ma114870-200000325","24":"product_cat-de-wauzzzgy4ma114870-200000325","25":"product_cat-en-wauzzzgy4ma114870-200000325","26":"product_shipping_class-tarif-1","27":"entry","29":"first","30":"instock","31":"taxable","32":"shipping-taxable","33":"purchasable","34":"product-type-simple"},"jetpack_sharing_enabled":true,"_links":{"self":[{"href":"https:\/\/occasions-teile.ch\/fr\/wp-json\/wp\/v2\/product\/316304","targetHints":{"allow":["GET"]}}],"collection":[{"href":"https:\/\/occasions-teile.ch\/fr\/wp-json\/wp\/v2\/product"}],"about":[{"href":"https:\/\/occasions-teile.ch\/fr\/wp-json\/wp\/v2\/types\/product"}],"wp:featuredmedia":[{"embeddable":true,"href":"https:\/\/occasions-teile.ch\/fr\/wp-json\/wp\/v2\/media\/316301"}],"wp:attachment":[{"href":"https:\/\/occasions-teile.ch\/fr\/wp-json\/wp\/v2\/media?parent=316304"}],"wp:term":[{"taxonomy":"product_brand","embeddable":true,"href":"https:\/\/occasions-teile.ch\/fr\/wp-json\/wp\/v2\/product_brand?post=316304"},{"taxonomy":"product_cat","embeddable":true,"href":"https:\/\/occasions-teile.ch\/fr\/wp-json\/wp\/v2\/product_cat?post=316304"},{"taxonomy":"product_tag","embeddable":true,"href":"https:\/\/occasions-teile.ch\/fr\/wp-json\/wp\/v2\/product_tag?post=316304"}],"curies":[{"name":"wp","href":"https:\/\/api.w.org\/{rel}","templated":true}]}}