{"id":314986,"date":"2024-05-06T05:00:38","date_gmt":"2024-05-06T05:00:38","guid":{"rendered":"https:\/\/occasions-teile.ch\/product\/audi-audi-q4-elektromotor-2\/"},"modified":"2026-04-29T14:47:03","modified_gmt":"2026-04-29T14:47:03","slug":"audi-audi-q4-elektromotor-2","status":"publish","type":"product","link":"https:\/\/occasions-teile.ch\/fr\/produkt\/audi-audi-q4-elektromotor-2\/","title":{"rendered":"Audi Audi Q4 Elektromotor"},"content":{"rendered":"<p><span><b>Technische Daten<\/b><\/p>\n<p> Fahrzeug: Audi Audi Q4 Spb e-tron 50 quatt<br \/>\n Chassis Nr.: WAUZZZFZ2PP045267<br \/>\n Baujahr: 2023<br \/>\n Kilometer: 12000 KM<br \/>\n Leistung: 300 KW<br \/>\n Hubraum: &#8211; ccm<br \/>\n Typ: IVI<br \/>\n Farbcode: grau<br \/>\n Hinweise: &#8211;<\/p>\n<p> Versand: Versand nur in der Schweiz m\u00f6glich.Im Ausland ist der Transport k\u00e4uferseits.<br \/>\n Garantie: 3 Monate Garantie. Bitte beachten Sie, dass die Gew\u00e4hrleistung nur g\u00fcltig ist, wenn der Ersatzteileinbau durch eine Fachwerkstatt\/Meisterwerkstatt erfolgt. Das Ein- und Ausbau des Ersatzteiles kann nicht an uns verrechnet werden. <\/p>\n<p> Ersatzteil: f\u00fcr andere Fahrzeugen (Marken) verf\u00fcgbar auf anfrage. Tel.041 980 27 47. Mobil. 076 589 27 47<\/p>\n<p> Kontakt<br \/>\n  Adresse: Autoverwertung Brun AG<br \/>\n           M\u00f6\u00f6slimatten 13<br \/>\n           6218 Ettiswil<br \/>\n  Telefon: 0041 (041) 980 27 47<br \/>\n  Telefax: 0041 (041) 980 03 47<\/p>\n<p> Wir bieten Ihnen weitere gebrauchte Autoteile zum Kauf an.<br \/>\n Tags: Elektromotor, Electric motor, Moteur \u00e9lectrique<br \/>\n<\/span><\/p>\n","protected":false},"excerpt":{"rendered":"<p>Technische Daten Fahrzeug: Audi Audi Q4 Spb e-tron 50 quatt Chassis Nr.: WAUZZZFZ2PP045267 Baujahr: 2023 Kilometer: 12000 KM Leistung: 300 KW Hubraum: &#8211; ccm Typ: IVI Farbcode: grau Hinweise: &#8211; Versand: Versand nur in der Schweiz m\u00f6glich.Im Ausland ist der Transport k\u00e4uferseits. Garantie: 3 Monate Garantie. Bitte beachten Sie, dass die Gew\u00e4hrleistung nur g\u00fcltig ist,&hellip; <a class=\"more-link\" href=\"https:\/\/occasions-teile.ch\/fr\/produkt\/audi-audi-q4-elektromotor-2\/\">Poursuivre la lecture <span class=\"screen-reader-text\">Audi Audi Q4 Elektromotor<\/span><\/a><\/p>\n","protected":false},"featured_media":314983,"template":"","meta":[],"product_brand":[],"product_cat":[461,464,458,22754,22757,22751,11035,11034,500,501,11036,498,494,495,497,22756,22750,22753],"product_tag":[],"class_list":{"0":"post-314986","1":"product","2":"type-product","3":"status-publish","4":"has-post-thumbnail","6":"product_cat-en_audi","7":"product_cat-fr_audi","8":"product_cat-de_audi","9":"product_cat-en_slug_audi_audi-q4_384","10":"product_cat-fr_slug_audi_audi-q4_257","11":"product_cat-de_slug_audi_audi-q4_94","12":"product_cat-en-electric-motor","13":"product_cat-de-elektromotor","14":"product_cat-fr-moteur","15":"product_cat-fr-moteur-fr-moteur","16":"product_cat-fr-moteur-electrique","17":"product_cat-en-motor-en-motor","18":"product_cat-de-motor","19":"product_cat-de-motor-de-motor","20":"product_cat-en-motor","21":"product_cat-fr-wauzzzfz2pp045267-200000322","22":"product_cat-de-wauzzzfz2pp045267-200000322","23":"product_cat-en-wauzzzfz2pp045267-200000322","24":"product_shipping_class-tarif-4","25":"entry","27":"first","28":"instock","29":"taxable","30":"shipping-taxable","31":"purchasable","32":"product-type-simple"},"jetpack_sharing_enabled":true,"_links":{"self":[{"href":"https:\/\/occasions-teile.ch\/fr\/wp-json\/wp\/v2\/product\/314986","targetHints":{"allow":["GET"]}}],"collection":[{"href":"https:\/\/occasions-teile.ch\/fr\/wp-json\/wp\/v2\/product"}],"about":[{"href":"https:\/\/occasions-teile.ch\/fr\/wp-json\/wp\/v2\/types\/product"}],"wp:featuredmedia":[{"embeddable":true,"href":"https:\/\/occasions-teile.ch\/fr\/wp-json\/wp\/v2\/media\/314983"}],"wp:attachment":[{"href":"https:\/\/occasions-teile.ch\/fr\/wp-json\/wp\/v2\/media?parent=314986"}],"wp:term":[{"taxonomy":"product_brand","embeddable":true,"href":"https:\/\/occasions-teile.ch\/fr\/wp-json\/wp\/v2\/product_brand?post=314986"},{"taxonomy":"product_cat","embeddable":true,"href":"https:\/\/occasions-teile.ch\/fr\/wp-json\/wp\/v2\/product_cat?post=314986"},{"taxonomy":"product_tag","embeddable":true,"href":"https:\/\/occasions-teile.ch\/fr\/wp-json\/wp\/v2\/product_tag?post=314986"}],"curies":[{"name":"wp","href":"https:\/\/api.w.org\/{rel}","templated":true}]}}