{"id":314806,"date":"2024-05-06T01:48:17","date_gmt":"2024-05-06T01:48:17","guid":{"rendered":"https:\/\/occasions-teile.ch\/product\/audi-audi-q4-gaspedal\/"},"modified":"2024-05-24T22:10:24","modified_gmt":"2024-05-24T22:10:24","slug":"audi-audi-q4-gaspedal","status":"publish","type":"product","link":"https:\/\/occasions-teile.ch\/fr\/produkt\/audi-audi-q4-gaspedal\/","title":{"rendered":"Audi Audi Q4 Gaspedal"},"content":{"rendered":"<p><span><b>Technische Daten<\/b><\/p>\n<p> Fahrzeug: Audi Audi Q4<br \/>\n Chassis Nr.: WAUZZZFZ2PP045267<br \/>\n Baujahr: 2023<br \/>\n Kilometer: 12000 KM<br \/>\n Leistung: 300 KW<br \/>\n Hubraum: &#8211; ccm<br \/>\n Typ: IVI<br \/>\n Farbcode: grau<br \/>\n Hinweise: &#8211;<\/p>\n<p> Versand: Versand nur in der Schweiz m\u00f6glich.Im Ausland ist der Transport k\u00e4uferseits.<br \/>\n Garantie: 3 Monate Garantie. Bitte beachten Sie, dass die Gew\u00e4hrleistung nur g\u00fcltig ist, wenn der Ersatzteileinbau durch eine Fachwerkstatt\/Meisterwerkstatt erfolgt. Das Ein- und Ausbau des Ersatzteiles kann nicht an uns verrechnet werden. <\/p>\n<p> Ersatzteil: f\u00fcr andere Fahrzeugen (Marken) verf\u00fcgbar auf anfrage. Tel.041 980 27 47. Mobil. 076 589 27 47<\/p>\n<p> Kontakt<br \/>\n  Adresse: Autoverwertung Brun AG<br \/>\n           M\u00f6\u00f6slimatten 13<br \/>\n           6218 Ettiswil<br \/>\n  Telefon: 0041 (041) 980 27 47<br \/>\n  Telefax: 0041 (041) 980 03 47<\/p>\n<p> Wir bieten Ihnen weitere gebrauchte Autoteile zum Kauf an.<br \/>\n Tags: Gaspedal, Accelerator pedal , Pe\u00b4dale d&rsquo;acce\u00b4le\u00b4rateur<br \/>\n<\/span><\/p>\n","protected":false},"excerpt":{"rendered":"<p>Technische Daten Fahrzeug: Audi Audi Q4 Chassis Nr.: WAUZZZFZ2PP045267 Baujahr: 2023 Kilometer: 12000 KM Leistung: 300 KW Hubraum: &#8211; ccm Typ: IVI Farbcode: grau Hinweise: &#8211; Versand: Versand nur in der Schweiz m\u00f6glich.Im Ausland ist der Transport k\u00e4uferseits. Garantie: 3 Monate Garantie. Bitte beachten Sie, dass die Gew\u00e4hrleistung nur g\u00fcltig ist, wenn der Ersatzteileinbau durch&hellip; <a class=\"more-link\" href=\"https:\/\/occasions-teile.ch\/fr\/produkt\/audi-audi-q4-gaspedal\/\">Poursuivre la lecture <span class=\"screen-reader-text\">Audi Audi Q4 Gaspedal<\/span><\/a><\/p>\n","protected":false},"featured_media":314803,"template":"","meta":[],"product_brand":[],"product_cat":[1338,458,461,464,22757,22751,22754,1337,804,810,807,816,1339,22781,23592,818,820,22750,22753,22756],"product_tag":[],"class_list":{"0":"post-314806","1":"product","2":"type-product","3":"status-publish","4":"has-post-thumbnail","6":"product_cat-en-accelerator-pedal","7":"product_cat-de_audi","8":"product_cat-en_audi","9":"product_cat-fr_audi","10":"product_cat-fr_slug_audi_audi-q4_257","11":"product_cat-de_slug_audi_audi-q4_94","12":"product_cat-en_slug_audi_audi-q4_384","13":"product_cat-de-gaspedal","14":"product_cat-de-innenraum","15":"product_cat-fr-interieur","16":"product_cat-en-interior","17":"product_cat-de-lenkradschaltknaufpedalwerk","18":"product_cat-fr-pedale-daccelerateur","19":"product_cat-de-spb-e-tron-50-quatt-de_slug_audi_audi-q4_94-de_audi-manufacturer-21","20":"product_cat-de-spb-e-tron-50-quatt-de_slug_audi_audi-q4_94-de_audi-manufacturer-87","21":"product_cat-en-steering-wheelshift-knobpedal-work","22":"product_cat-fr-volantpommeau-de-levier-de-vitessepedalier","23":"product_cat-de-wauzzzfz2pp045267-200000322","24":"product_cat-en-wauzzzfz2pp045267-200000322","25":"product_cat-fr-wauzzzfz2pp045267-200000322","26":"product_shipping_class-tarif-1","27":"entry","29":"first","30":"instock","31":"taxable","32":"shipping-taxable","33":"purchasable","34":"product-type-simple"},"jetpack_sharing_enabled":true,"_links":{"self":[{"href":"https:\/\/occasions-teile.ch\/fr\/wp-json\/wp\/v2\/product\/314806","targetHints":{"allow":["GET"]}}],"collection":[{"href":"https:\/\/occasions-teile.ch\/fr\/wp-json\/wp\/v2\/product"}],"about":[{"href":"https:\/\/occasions-teile.ch\/fr\/wp-json\/wp\/v2\/types\/product"}],"wp:featuredmedia":[{"embeddable":true,"href":"https:\/\/occasions-teile.ch\/fr\/wp-json\/wp\/v2\/media\/314803"}],"wp:attachment":[{"href":"https:\/\/occasions-teile.ch\/fr\/wp-json\/wp\/v2\/media?parent=314806"}],"wp:term":[{"taxonomy":"product_brand","embeddable":true,"href":"https:\/\/occasions-teile.ch\/fr\/wp-json\/wp\/v2\/product_brand?post=314806"},{"taxonomy":"product_cat","embeddable":true,"href":"https:\/\/occasions-teile.ch\/fr\/wp-json\/wp\/v2\/product_cat?post=314806"},{"taxonomy":"product_tag","embeddable":true,"href":"https:\/\/occasions-teile.ch\/fr\/wp-json\/wp\/v2\/product_tag?post=314806"}],"curies":[{"name":"wp","href":"https:\/\/api.w.org\/{rel}","templated":true}]}}