{"id":314578,"date":"2024-05-05T13:17:58","date_gmt":"2024-05-05T13:17:58","guid":{"rendered":"https:\/\/occasions-teile.ch\/product\/skoda-fabia-antriebswelle-vorn-links-2\/"},"modified":"2024-05-23T16:28:43","modified_gmt":"2024-05-23T16:28:43","slug":"skoda-fabia-antriebswelle-vorn-links-2","status":"publish","type":"product","link":"https:\/\/occasions-teile.ch\/fr\/produkt\/skoda-fabia-antriebswelle-vorn-links-2\/","title":{"rendered":"Skoda Fabia  Antriebswelle vorn links"},"content":{"rendered":"<p><span><b>Technische Daten<\/b><\/p>\n<p> Fahrzeug: Skoda Fabia<br \/>\n Chassis Nr.: TMBEM6NJXFZ079826<br \/>\n Baujahr: 2016<br \/>\n Kilometer: 61268 KM<br \/>\n Leistung: 90 KW<br \/>\n Hubraum: 1197 ccm<br \/>\n Typ: 1SF885<br \/>\n Farbcode: Black<br \/>\n Hinweise: &#8211;<\/p>\n<p> Versand: Versand nur in der Schweiz m\u00f6glich.Im Ausland ist der Transport k\u00e4uferseits.<br \/>\n Garantie: 3 Monate Garantie. Bitte beachten Sie, dass die Gew\u00e4hrleistung nur g\u00fcltig ist, wenn der Ersatzteileinbau durch eine Fachwerkstatt\/Meisterwerkstatt erfolgt. Das Ein- und Ausbau des Ersatzteiles kann nicht an uns verrechnet werden. <\/p>\n<p> Ersatzteil: f\u00fcr andere Fahrzeugen (Marken) verf\u00fcgbar auf anfrage. Tel.041 980 27 47. Mobil. 076 589 27 47<\/p>\n<p> Kontakt<br \/>\n  Adresse: Autoverwertung Brun AG<br \/>\n           M\u00f6\u00f6slimatten 13<br \/>\n           6218 Ettiswil<br \/>\n  Telefon: 0041 (041) 980 27 47<br \/>\n  Telefax: 0041 (041) 980 03 47<\/p>\n<p> Wir bieten Ihnen weitere gebrauchte Autoteile zum Kauf an.<br \/>\n Tags: Antriebswelle vorn links, Drive shaft front left , Arbre d&rsquo;entrai^nement avant gauche<br \/>\n<\/span><\/p>\n","protected":false},"excerpt":{"rendered":"<p>Technische Daten Fahrzeug: Skoda Fabia Chassis Nr.: TMBEM6NJXFZ079826 Baujahr: 2016 Kilometer: 61268 KM Leistung: 90 KW Hubraum: 1197 ccm Typ: 1SF885 Farbcode: Black Hinweise: &#8211; Versand: Versand nur in der Schweiz m\u00f6glich.Im Ausland ist der Transport k\u00e4uferseits. Garantie: 3 Monate Garantie. Bitte beachten Sie, dass die Gew\u00e4hrleistung nur g\u00fcltig ist, wenn der Ersatzteileinbau durch eine&hellip; <a class=\"more-link\" href=\"https:\/\/occasions-teile.ch\/fr\/produkt\/skoda-fabia-antriebswelle-vorn-links-2\/\">Poursuivre la lecture <span class=\"screen-reader-text\">Skoda Fabia  Antriebswelle vorn links<\/span><\/a><\/p>\n","protected":false},"featured_media":314575,"template":"","meta":[],"product_brand":[],"product_cat":[22704,23541,784,783,784,783,784,783,3062,3062,3062,648,648,1463,1463,1463,17909,17909,17909,648],"product_tag":[],"class_list":{"0":"post-314578","1":"product","2":"type-product","3":"status-publish","4":"has-post-thumbnail","6":"product_cat-de-1-2tsi-de_fabia-de_skoda-manufacturer-9","7":"product_cat-de-1-2tsi-de_fabia-de_skoda-manufacturer-10","8":"product_cat-de-antriebswelle-vorn-links","9":"product_cat-de-antriebswellen","14":"product_cat-de_fabia","17":"product_cat-de-getriebe-antrieb","19":"product_cat-de_skoda","22":"product_cat-de-tmbem6njxfz079826-200000315","26":"product_shipping_class-tarif-2","27":"entry","29":"first","30":"instock","31":"taxable","32":"shipping-taxable","33":"purchasable","34":"product-type-simple"},"jetpack_sharing_enabled":true,"_links":{"self":[{"href":"https:\/\/occasions-teile.ch\/fr\/wp-json\/wp\/v2\/product\/314578","targetHints":{"allow":["GET"]}}],"collection":[{"href":"https:\/\/occasions-teile.ch\/fr\/wp-json\/wp\/v2\/product"}],"about":[{"href":"https:\/\/occasions-teile.ch\/fr\/wp-json\/wp\/v2\/types\/product"}],"wp:featuredmedia":[{"embeddable":true,"href":"https:\/\/occasions-teile.ch\/fr\/wp-json\/wp\/v2\/media\/314575"}],"wp:attachment":[{"href":"https:\/\/occasions-teile.ch\/fr\/wp-json\/wp\/v2\/media?parent=314578"}],"wp:term":[{"taxonomy":"product_brand","embeddable":true,"href":"https:\/\/occasions-teile.ch\/fr\/wp-json\/wp\/v2\/product_brand?post=314578"},{"taxonomy":"product_cat","embeddable":true,"href":"https:\/\/occasions-teile.ch\/fr\/wp-json\/wp\/v2\/product_cat?post=314578"},{"taxonomy":"product_tag","embeddable":true,"href":"https:\/\/occasions-teile.ch\/fr\/wp-json\/wp\/v2\/product_tag?post=314578"}],"curies":[{"name":"wp","href":"https:\/\/api.w.org\/{rel}","templated":true}]}}