{"id":314184,"date":"2024-05-05T06:35:51","date_gmt":"2024-05-05T06:35:51","guid":{"rendered":"https:\/\/occasions-teile.ch\/product\/peugeot-3008-federn-hinten\/"},"modified":"2024-05-24T11:48:56","modified_gmt":"2024-05-24T11:48:56","slug":"peugeot-3008-federn-hinten","status":"publish","type":"product","link":"https:\/\/occasions-teile.ch\/fr\/produkt\/peugeot-3008-federn-hinten\/","title":{"rendered":"Peugeot 3008  Federn hinten"},"content":{"rendered":"<p><span><b>Technische Daten<\/b><\/p>\n<p> Fahrzeug: Peugeot 3008<br \/>\n Chassis Nr.: VF3M45GZWHS053058<br \/>\n Baujahr: 2017<br \/>\n Kilometer: 112000 KM<br \/>\n Leistung: 165 KW<br \/>\n Hubraum: 1598 ccm<br \/>\n Typ: 1PC116<br \/>\n Farbcode: White\/Weiss<br \/>\n Hinweise: &#8211;<\/p>\n<p> Versand: Versand nur in der Schweiz m\u00f6glich.Im Ausland ist der Transport k\u00e4uferseits.<br \/>\n Garantie: 3 Monate Garantie. Bitte beachten Sie, dass die Gew\u00e4hrleistung nur g\u00fcltig ist, wenn der Ersatzteileinbau durch eine Fachwerkstatt\/Meisterwerkstatt erfolgt. Das Ein- und Ausbau des Ersatzteiles kann nicht an uns verrechnet werden. <\/p>\n<p> Ersatzteil: f\u00fcr andere Fahrzeugen (Marken) verf\u00fcgbar auf anfrage. Tel.041 980 27 47. Mobil. 076 589 27 47<\/p>\n<p> Kontakt<br \/>\n  Adresse: Autoverwertung Brun AG<br \/>\n           M\u00f6\u00f6slimatten 13<br \/>\n           6218 Ettiswil<br \/>\n  Telefon: 0041 (041) 980 27 47<br \/>\n  Telefax: 0041 (041) 980 03 47<\/p>\n<p> Wir bieten Ihnen weitere gebrauchte Autoteile zum Kauf an.<br \/>\n Tags: Federn hinten, Spring Rear , Ressorts arrie`re<br \/>\n<\/span><\/p>\n","protected":false},"excerpt":{"rendered":"<p>Technische Daten Fahrzeug: Peugeot 3008 Chassis Nr.: VF3M45GZWHS053058 Baujahr: 2017 Kilometer: 112000 KM Leistung: 165 KW Hubraum: 1598 ccm Typ: 1PC116 Farbcode: White\/Weiss Hinweise: &#8211; Versand: Versand nur in der Schweiz m\u00f6glich.Im Ausland ist der Transport k\u00e4uferseits. Garantie: 3 Monate Garantie. Bitte beachten Sie, dass die Gew\u00e4hrleistung nur g\u00fcltig ist, wenn der Ersatzteileinbau durch eine&hellip; <a class=\"more-link\" href=\"https:\/\/occasions-teile.ch\/fr\/produkt\/peugeot-3008-federn-hinten\/\">Poursuivre la lecture <span class=\"screen-reader-text\">Peugeot 3008  Federn hinten<\/span><\/a><\/p>\n","protected":false},"featured_media":314181,"template":"","meta":[],"product_brand":[],"product_cat":[22605,23571,3857,3858,3859,544,541,951,952,1190,1184,1187,955,956,954,953,547,15830,15832,15833],"product_tag":[],"class_list":{"0":"post-314184","1":"product","2":"type-product","3":"status-publish","4":"has-post-thumbnail","6":"product_cat-de-1-6thp-suv-de_slug_peugeot_3008_605-de_peugeot-manufacturer-297","7":"product_cat-de-1-6thp-suv-de_slug_peugeot_3008_605-de_peugeot-manufacturer-324","8":"product_cat-de_slug_peugeot_3008_605","9":"product_cat-en_slug_peugeot_3008_912","10":"product_cat-fr_slug_peugeot_3008_215","11":"product_cat-en-chassis-steering","12":"product_cat-de-fahrwerk-lenkung","13":"product_cat-de-federn","14":"product_cat-de-federn-hinten","15":"product_cat-fr_peugeot","16":"product_cat-de_peugeot","17":"product_cat-en_peugeot","18":"product_cat-fr-ressorts","19":"product_cat-fr-ressorts-arriere","20":"product_cat-en-spring-rear","21":"product_cat-en-springs","22":"product_cat-fr-train-de-roulement-direction","23":"product_cat-de-vf3m45gzwhs053058-200000308","24":"product_cat-en-vf3m45gzwhs053058-200000308","25":"product_cat-fr-vf3m45gzwhs053058-200000308","26":"product_shipping_class-tarif-1","27":"entry","29":"first","30":"instock","31":"taxable","32":"shipping-taxable","33":"purchasable","34":"product-type-simple"},"jetpack_sharing_enabled":true,"_links":{"self":[{"href":"https:\/\/occasions-teile.ch\/fr\/wp-json\/wp\/v2\/product\/314184","targetHints":{"allow":["GET"]}}],"collection":[{"href":"https:\/\/occasions-teile.ch\/fr\/wp-json\/wp\/v2\/product"}],"about":[{"href":"https:\/\/occasions-teile.ch\/fr\/wp-json\/wp\/v2\/types\/product"}],"wp:featuredmedia":[{"embeddable":true,"href":"https:\/\/occasions-teile.ch\/fr\/wp-json\/wp\/v2\/media\/314181"}],"wp:attachment":[{"href":"https:\/\/occasions-teile.ch\/fr\/wp-json\/wp\/v2\/media?parent=314184"}],"wp:term":[{"taxonomy":"product_brand","embeddable":true,"href":"https:\/\/occasions-teile.ch\/fr\/wp-json\/wp\/v2\/product_brand?post=314184"},{"taxonomy":"product_cat","embeddable":true,"href":"https:\/\/occasions-teile.ch\/fr\/wp-json\/wp\/v2\/product_cat?post=314184"},{"taxonomy":"product_tag","embeddable":true,"href":"https:\/\/occasions-teile.ch\/fr\/wp-json\/wp\/v2\/product_tag?post=314184"}],"curies":[{"name":"wp","href":"https:\/\/api.w.org\/{rel}","templated":true}]}}