{"id":312746,"date":"2024-05-04T07:10:07","date_gmt":"2024-05-04T07:10:07","guid":{"rendered":"https:\/\/occasions-teile.ch\/product\/renault-espace-abdeckung-blende-radlaufaussen\/"},"modified":"2024-05-29T22:16:55","modified_gmt":"2024-05-29T22:16:55","slug":"renault-espace-abdeckung-blende-radlaufaussen","status":"publish","type":"product","link":"https:\/\/occasions-teile.ch\/fr\/produkt\/renault-espace-abdeckung-blende-radlaufaussen\/","title":{"rendered":"Renault Espace  Abdeckung, Blende Radlaufaussen"},"content":{"rendered":"<p><span><b>Technische Daten<\/b><\/p>\n<p> Fahrzeug: Renault Espace<br \/>\n Chassis Nr.: VF1RFC00257791281<br \/>\n Baujahr: 2017<br \/>\n Kilometer: 102853 KM<br \/>\n Leistung: 200 KW<br \/>\n Hubraum: 1618 ccm<br \/>\n Typ: 1RC230<br \/>\n Farbcode: Black<br \/>\n Hinweise: Achtung Riss vorhanden sehe Bild!!!<\/p>\n<p> Versand: Versand nur in der Schweiz m\u00f6glich.Im Ausland ist der Transport k\u00e4uferseits.<br \/>\n Garantie: 3 Monate Garantie. Bitte beachten Sie, dass die Gew\u00e4hrleistung nur g\u00fcltig ist, wenn der Ersatzteileinbau durch eine Fachwerkstatt\/Meisterwerkstatt erfolgt. Das Ein- und Ausbau des Ersatzteiles kann nicht an uns verrechnet werden. <\/p>\n<p> Ersatzteil: f\u00fcr andere Fahrzeugen (Marken) verf\u00fcgbar auf anfrage. Tel.041 980 27 47. Mobil. 076 589 27 47<\/p>\n<p> Kontakt<br \/>\n  Adresse: Autoverwertung Brun AG<br \/>\n           M\u00f6\u00f6slimatten 13<br \/>\n           6218 Ettiswil<br \/>\n  Telefon: 0041 (041) 980 27 47<br \/>\n  Telefax: 0041 (041) 980 03 47<\/p>\n<p> Wir bieten Ihnen weitere gebrauchte Autoteile zum Kauf an.<br \/>\n Tags: Abdeckung, Blende Radlaufaussen, Cover, Orifice Wheel run outside , Cache, cache de passage de roue exte\u00b4rieur<br \/>\n<\/span><\/p>\n","protected":false},"excerpt":{"rendered":"<p>Technische Daten Fahrzeug: Renault Espace Chassis Nr.: VF1RFC00257791281 Baujahr: 2017 Kilometer: 102853 KM Leistung: 200 KW Hubraum: 1618 ccm Typ: 1RC230 Farbcode: Black Hinweise: Achtung Riss vorhanden sehe Bild!!! Versand: Versand nur in der Schweiz m\u00f6glich.Im Ausland ist der Transport k\u00e4uferseits. Garantie: 3 Monate Garantie. Bitte beachten Sie, dass die Gew\u00e4hrleistung nur g\u00fcltig ist, wenn&hellip; <a class=\"more-link\" href=\"https:\/\/occasions-teile.ch\/fr\/produkt\/renault-espace-abdeckung-blende-radlaufaussen\/\">Poursuivre la lecture <span class=\"screen-reader-text\">Renault Espace  Abdeckung, Blende Radlaufaussen<\/span><\/a><\/p>\n","protected":false},"featured_media":312743,"template":"","meta":[],"product_brand":[],"product_cat":[22247,23914,523,528,524,529,527,526,3534,3535,3533,521,522,2433,2436,2439,12975,12972,12974,525],"product_tag":[],"class_list":{"0":"post-312746","1":"product","2":"type-product","3":"status-publish","4":"has-post-thumbnail","6":"product_cat-de-1-6-de_slug_renault_espace_66-de_renault-manufacturer-510","7":"product_cat-de-1-6-de_slug_renault_espace_66-de_renault-manufacturer-550","8":"product_cat-de-abdeckungblenderadlaufaussen","9":"product_cat-fr-arriere-du-passage-de-roue","10":"product_cat-en-body-rear","11":"product_cat-fr-cache-cache-de-passage-de-roue-exterieur","12":"product_cat-fr-carrosserie-arriere","13":"product_cat-en-coverorificewheel-run-outside","14":"product_cat-en_slug_renault_espace_640","15":"product_cat-fr_slug_renault_espace_687","16":"product_cat-de_slug_renault_espace_66","17":"product_cat-de-karosserie-heck","18":"product_cat-de-radlaufhinten","19":"product_cat-de_renault","20":"product_cat-en_renault","21":"product_cat-fr_renault","22":"product_cat-fr-vf1rfc00257791281-200000296","23":"product_cat-de-vf1rfc00257791281-200000296","24":"product_cat-en-vf1rfc00257791281-200000296","25":"product_cat-en-wheel-arch-rear","26":"product_shipping_class-tarif-2","27":"entry","29":"first","30":"instock","31":"taxable","32":"shipping-taxable","33":"purchasable","34":"product-type-simple"},"jetpack_sharing_enabled":true,"_links":{"self":[{"href":"https:\/\/occasions-teile.ch\/fr\/wp-json\/wp\/v2\/product\/312746","targetHints":{"allow":["GET"]}}],"collection":[{"href":"https:\/\/occasions-teile.ch\/fr\/wp-json\/wp\/v2\/product"}],"about":[{"href":"https:\/\/occasions-teile.ch\/fr\/wp-json\/wp\/v2\/types\/product"}],"wp:featuredmedia":[{"embeddable":true,"href":"https:\/\/occasions-teile.ch\/fr\/wp-json\/wp\/v2\/media\/312743"}],"wp:attachment":[{"href":"https:\/\/occasions-teile.ch\/fr\/wp-json\/wp\/v2\/media?parent=312746"}],"wp:term":[{"taxonomy":"product_brand","embeddable":true,"href":"https:\/\/occasions-teile.ch\/fr\/wp-json\/wp\/v2\/product_brand?post=312746"},{"taxonomy":"product_cat","embeddable":true,"href":"https:\/\/occasions-teile.ch\/fr\/wp-json\/wp\/v2\/product_cat?post=312746"},{"taxonomy":"product_tag","embeddable":true,"href":"https:\/\/occasions-teile.ch\/fr\/wp-json\/wp\/v2\/product_tag?post=312746"}],"curies":[{"name":"wp","href":"https:\/\/api.w.org\/{rel}","templated":true}]}}