{"id":311122,"date":"2024-05-03T04:13:10","date_gmt":"2024-05-03T04:13:10","guid":{"rendered":"https:\/\/occasions-teile.ch\/product\/ford-ecosport-abdeckung-windlauf-wasserabweiser\/"},"modified":"2024-05-24T09:26:21","modified_gmt":"2024-05-24T09:26:21","slug":"ford-ecosport-abdeckung-windlauf-wasserabweiser","status":"publish","type":"product","link":"https:\/\/occasions-teile.ch\/fr\/produkt\/ford-ecosport-abdeckung-windlauf-wasserabweiser\/","title":{"rendered":"Ford EcoSport  Abdeckung Windlauf, Wasserabweiser"},"content":{"rendered":"<p><span><b>Technische Daten<\/b><\/p>\n<p> Fahrzeug: Ford EcoSport<br \/>\n Chassis Nr.: WF0BXXMRKBHR63488<br \/>\n Baujahr: 2017<br \/>\n Kilometer: 80188 KM<br \/>\n Leistung: 140 KW<br \/>\n Hubraum: 998 ccm<br \/>\n Typ: 1FK361<br \/>\n Farbcode: silber<br \/>\n Hinweise: &#8211;<\/p>\n<p> Versand: Versand nur in der Schweiz m\u00f6glich.Im Ausland ist der Transport k\u00e4uferseits.<br \/>\n Garantie: 3 Monate Garantie. Bitte beachten Sie, dass die Gew\u00e4hrleistung nur g\u00fcltig ist, wenn der Ersatzteileinbau durch eine Fachwerkstatt\/Meisterwerkstatt erfolgt. Das Ein- und Ausbau des Ersatzteiles kann nicht an uns verrechnet werden. <\/p>\n<p> Ersatzteil: f\u00fcr andere Fahrzeugen (Marken) verf\u00fcgbar auf anfrage. Tel.041 980 27 47. Mobil. 076 589 27 47<\/p>\n<p> Kontakt<br \/>\n  Adresse: Autoverwertung Brun AG<br \/>\n           M\u00f6\u00f6slimatten 13<br \/>\n           6218 Ettiswil<br \/>\n  Telefon: 0041 (041) 980 27 47<br \/>\n  Telefax: 0041 (041) 980 03 47<\/p>\n<p> Wir bieten Ihnen weitere gebrauchte Autoteile zum Kauf an.<br \/>\n Tags: Abdeckung Windlauf, Wasserabweiser, Cover Wind Run, Water Deflector , Couverture Coupe-vent,de\u00b4flecteur d&rsquo;eau<br \/>\n<\/span><\/p>\n","protected":false},"excerpt":{"rendered":"<p>Technische Daten Fahrzeug: Ford EcoSport Chassis Nr.: WF0BXXMRKBHR63488 Baujahr: 2017 Kilometer: 80188 KM Leistung: 140 KW Hubraum: 998 ccm Typ: 1FK361 Farbcode: silber Hinweise: &#8211; Versand: Versand nur in der Schweiz m\u00f6glich.Im Ausland ist der Transport k\u00e4uferseits. Garantie: 3 Monate Garantie. Bitte beachten Sie, dass die Gew\u00e4hrleistung nur g\u00fcltig ist, wenn der Ersatzteileinbau durch eine&hellip; <a class=\"more-link\" href=\"https:\/\/occasions-teile.ch\/fr\/produkt\/ford-ecosport-abdeckung-windlauf-wasserabweiser\/\">Poursuivre la lecture <span class=\"screen-reader-text\">Ford EcoSport  Abdeckung Windlauf, Wasserabweiser<\/span><\/a><\/p>\n","protected":false},"featured_media":311119,"template":"","meta":[],"product_brand":[],"product_cat":[23557,21843,994,993,512,512,994,993,994,993,10978,10978,10978,1586,1586,1586,512,10977,10977,10977],"product_tag":[],"class_list":{"0":"post-311122","1":"product","2":"type-product","3":"status-publish","4":"has-post-thumbnail","6":"product_cat-de-1-0-scti-de_slug_ford_ecosport_453-de_ford-manufacturer-155","7":"product_cat-de-1-0-scti-de_slug_ford_ecosport_453-de_ford-manufacturer-131","8":"product_cat-de-abdeckung-windlauf-wasserabweiser","9":"product_cat-de-abdeckungwindlaufwasserabweiser","10":"product_cat-de-karosserie-front","16":"product_cat-de_slug_ford_ecosport_453","19":"product_cat-de_ford","23":"product_cat-de-wf0bxxmrkbhr63488-200000281","26":"product_shipping_class-tarif-1","27":"entry","29":"first","30":"instock","31":"taxable","32":"shipping-taxable","33":"purchasable","34":"product-type-simple"},"jetpack_sharing_enabled":true,"_links":{"self":[{"href":"https:\/\/occasions-teile.ch\/fr\/wp-json\/wp\/v2\/product\/311122","targetHints":{"allow":["GET"]}}],"collection":[{"href":"https:\/\/occasions-teile.ch\/fr\/wp-json\/wp\/v2\/product"}],"about":[{"href":"https:\/\/occasions-teile.ch\/fr\/wp-json\/wp\/v2\/types\/product"}],"wp:featuredmedia":[{"embeddable":true,"href":"https:\/\/occasions-teile.ch\/fr\/wp-json\/wp\/v2\/media\/311119"}],"wp:attachment":[{"href":"https:\/\/occasions-teile.ch\/fr\/wp-json\/wp\/v2\/media?parent=311122"}],"wp:term":[{"taxonomy":"product_brand","embeddable":true,"href":"https:\/\/occasions-teile.ch\/fr\/wp-json\/wp\/v2\/product_brand?post=311122"},{"taxonomy":"product_cat","embeddable":true,"href":"https:\/\/occasions-teile.ch\/fr\/wp-json\/wp\/v2\/product_cat?post=311122"},{"taxonomy":"product_tag","embeddable":true,"href":"https:\/\/occasions-teile.ch\/fr\/wp-json\/wp\/v2\/product_tag?post=311122"}],"curies":[{"name":"wp","href":"https:\/\/api.w.org\/{rel}","templated":true}]}}