{"id":310357,"date":"2024-05-02T15:46:46","date_gmt":"2024-05-02T15:46:46","guid":{"rendered":"https:\/\/occasions-teile.ch\/product\/audi-a7-motorsteuergeraet\/"},"modified":"2024-05-27T02:25:00","modified_gmt":"2024-05-27T02:25:00","slug":"audi-a7-motorsteuergeraet","status":"publish","type":"product","link":"https:\/\/occasions-teile.ch\/fr\/produkt\/audi-a7-motorsteuergeraet\/","title":{"rendered":"Audi A7  Motorsteuerger\u00e4t"},"content":{"rendered":"<p><span><b>Technische Daten<\/b><\/p>\n<p> Fahrzeug: Audi A7<br \/>\n Chassis Nr.: WAUZZZ4G4BN001129<br \/>\n Baujahr: 2010<br \/>\n Kilometer: 228280 KM<br \/>\n Leistung: 245 KW<br \/>\n Hubraum: 2967 ccm<br \/>\n Typ: X<br \/>\n Farbcode: Black<br \/>\n Hinweise: &#8211;<\/p>\n<p> Versand: Versand nur in der Schweiz m\u00f6glich.Im Ausland ist der Transport k\u00e4uferseits.<br \/>\n Garantie: 3 Monate Garantie. Bitte beachten Sie, dass die Gew\u00e4hrleistung nur g\u00fcltig ist, wenn der Ersatzteileinbau durch eine Fachwerkstatt\/Meisterwerkstatt erfolgt. Das Ein- und Ausbau des Ersatzteiles kann nicht an uns verrechnet werden. <\/p>\n<p> Ersatzteil: f\u00fcr andere Fahrzeugen (Marken) verf\u00fcgbar auf anfrage. Tel.041 980 27 47. Mobil. 076 589 27 47<\/p>\n<p> Kontakt<br \/>\n  Adresse: Autoverwertung Brun AG<br \/>\n           M\u00f6\u00f6slimatten 13<br \/>\n           6218 Ettiswil<br \/>\n  Telefon: 0041 (041) 980 27 47<br \/>\n  Telefax: 0041 (041) 980 03 47<\/p>\n<p> Wir bieten Ihnen weitere gebrauchte Autoteile zum Kauf an.<br \/>\n Tags: Motorsteuerger\u00e4t , Control unit Motor , Unite\u00b4 de contro^le Moteur<br \/>\n<\/span><\/p>\n","protected":false},"excerpt":{"rendered":"<p>Technische Daten Fahrzeug: Audi A7 Chassis Nr.: WAUZZZ4G4BN001129 Baujahr: 2010 Kilometer: 228280 KM Leistung: 245 KW Hubraum: 2967 ccm Typ: X Farbcode: Black Hinweise: &#8211; Versand: Versand nur in der Schweiz m\u00f6glich.Im Ausland ist der Transport k\u00e4uferseits. Garantie: 3 Monate Garantie. Bitte beachten Sie, dass die Gew\u00e4hrleistung nur g\u00fcltig ist, wenn der Ersatzteileinbau durch eine&hellip; <a class=\"more-link\" href=\"https:\/\/occasions-teile.ch\/fr\/produkt\/audi-a7-motorsteuergeraet\/\">Poursuivre la lecture <span class=\"screen-reader-text\">Audi A7  Motorsteuerger\u00e4t<\/span><\/a><\/p>\n","protected":false},"featured_media":310354,"template":"","meta":[],"product_brand":[],"product_cat":[2035,2037,2039,464,458,461,661,660,659,500,494,497,657,21652,23672,658,662,10339,10340,10337],"product_tag":[],"class_list":{"0":"post-310357","1":"product","2":"type-product","3":"status-publish","4":"has-post-thumbnail","6":"product_cat-de_a7","7":"product_cat-en_a7","8":"product_cat-fr_a7","9":"product_cat-fr_audi","10":"product_cat-de_audi","11":"product_cat-en_audi","12":"product_cat-fr-commande-du-moteur-allumage","13":"product_cat-en-control-unit-motor","14":"product_cat-en-engine-control-ignition","15":"product_cat-fr-moteur","16":"product_cat-de-motor","17":"product_cat-en-motor","18":"product_cat-de-motorsteuerung-zuendung","19":"product_cat-de-sportback-quattro-3-0tdi-de_a7-de_audi-manufacturer-111","20":"product_cat-de-sportback-quattro-3-0tdi-de_a7-de_audi-manufacturer-130","21":"product_cat-de-steuergeraet-motor","22":"product_cat-fr-unite-de-controle-moteur","23":"product_cat-en-wauzzz4g4bn001129-200000269","24":"product_cat-fr-wauzzz4g4bn001129-200000269","25":"product_cat-de-wauzzz4g4bn001129-200000269","26":"product_shipping_class-tarif-1","27":"entry","29":"first","30":"instock","31":"taxable","32":"shipping-taxable","33":"purchasable","34":"product-type-simple"},"jetpack_sharing_enabled":true,"_links":{"self":[{"href":"https:\/\/occasions-teile.ch\/fr\/wp-json\/wp\/v2\/product\/310357","targetHints":{"allow":["GET"]}}],"collection":[{"href":"https:\/\/occasions-teile.ch\/fr\/wp-json\/wp\/v2\/product"}],"about":[{"href":"https:\/\/occasions-teile.ch\/fr\/wp-json\/wp\/v2\/types\/product"}],"wp:featuredmedia":[{"embeddable":true,"href":"https:\/\/occasions-teile.ch\/fr\/wp-json\/wp\/v2\/media\/310354"}],"wp:attachment":[{"href":"https:\/\/occasions-teile.ch\/fr\/wp-json\/wp\/v2\/media?parent=310357"}],"wp:term":[{"taxonomy":"product_brand","embeddable":true,"href":"https:\/\/occasions-teile.ch\/fr\/wp-json\/wp\/v2\/product_brand?post=310357"},{"taxonomy":"product_cat","embeddable":true,"href":"https:\/\/occasions-teile.ch\/fr\/wp-json\/wp\/v2\/product_cat?post=310357"},{"taxonomy":"product_tag","embeddable":true,"href":"https:\/\/occasions-teile.ch\/fr\/wp-json\/wp\/v2\/product_tag?post=310357"}],"curies":[{"name":"wp","href":"https:\/\/api.w.org\/{rel}","templated":true}]}}