{"id":310240,"date":"2024-05-02T13:58:43","date_gmt":"2024-05-02T13:58:43","guid":{"rendered":"https:\/\/occasions-teile.ch\/product\/opel-corsa-automatikgetriebe\/"},"modified":"2025-08-13T07:56:46","modified_gmt":"2025-08-13T07:56:46","slug":"opel-corsa-automatikgetriebe","status":"publish","type":"product","link":"https:\/\/occasions-teile.ch\/fr\/produkt\/opel-corsa-automatikgetriebe\/","title":{"rendered":"Opel Corsa  Automatikgetriebe"},"content":{"rendered":"<p><span><b>Technische Daten<\/b><\/p>\n<p> Fahrzeug: Opel Corsa<br \/>\n Chassis Nr.: VXKUPHNSSL4346098<br \/>\n Baujahr: 2020<br \/>\n Kilometer: 29465 KM<br \/>\n Leistung: 131 KW<br \/>\n Hubraum: 1199 ccm<br \/>\n Typ: 1XV771<br \/>\n Farbcode: White\/Weiss<br \/>\n Hinweise: &#8211;<\/p>\n<p> Versand: Versand nur in der Schweiz m\u00f6glich.Im Ausland ist der Transport k\u00e4uferseits.<br \/>\n Garantie: 3 Monate Garantie. Bitte beachten Sie, dass die Gew\u00e4hrleistung nur g\u00fcltig ist, wenn der Ersatzteileinbau durch eine Fachwerkstatt\/Meisterwerkstatt erfolgt. Das Ein- und Ausbau des Ersatzteiles kann nicht an uns verrechnet werden. <\/p>\n<p> Ersatzteil: f\u00fcr andere Fahrzeugen (Marken) verf\u00fcgbar auf anfrage. Tel.041 980 27 47. Mobil. 076 589 27 47<\/p>\n<p> Kontakt<br \/>\n  Adresse: Autoverwertung Brun AG<br \/>\n           M\u00f6\u00f6slimatten 13<br \/>\n           6218 Ettiswil<br \/>\n  Telefon: 0041 (041) 980 27 47<br \/>\n  Telefax: 0041 (041) 980 03 47<\/p>\n<p> Wir bieten Ihnen weitere gebrauchte Autoteile zum Kauf an.<br \/>\n Tags: Automatikgetriebe, Automatic transmission , Boi^te de vitesses automatique<br \/>\n<\/span><\/p>\n","protected":false},"excerpt":{"rendered":"<p>Technische Daten Fahrzeug: Opel Corsa Chassis Nr.: VXKUPHNSSL4346098 Baujahr: 2020 Kilometer: 29465 KM Leistung: 131 KW Hubraum: 1199 ccm Typ: 1XV771 Farbcode: White\/Weiss Hinweise: &#8211; Versand: Versand nur in der Schweiz m\u00f6glich.Im Ausland ist der Transport k\u00e4uferseits. Garantie: 3 Monate Garantie. Bitte beachten Sie, dass die Gew\u00e4hrleistung nur g\u00fcltig ist, wenn der Ersatzteileinbau durch eine&hellip; <a class=\"more-link\" href=\"https:\/\/occasions-teile.ch\/fr\/produkt\/opel-corsa-automatikgetriebe\/\">Poursuivre la lecture <span class=\"screen-reader-text\">Opel Corsa  Automatikgetriebe<\/span><\/a><\/p>\n","protected":false},"featured_media":310237,"template":"","meta":[],"product_brand":[],"product_cat":[1050,1051,1050,1051,1050,1051,1217,1217,1217,648,648,613,613,613,648,10210,10210,10210],"product_tag":[],"class_list":{"0":"post-310240","1":"product","2":"type-product","3":"status-publish","4":"has-post-thumbnail","6":"product_cat-de-automatikgetriebe","7":"product_cat-de-automatikgetriebe-de-automatikgetriebe","12":"product_cat-de_corsa","15":"product_cat-de-getriebe-antrieb","17":"product_cat-de_opel","21":"product_cat-de-vxkuphnssl4346098-200000268","24":"product_shipping_class-tarif-4","25":"entry","27":"first","28":"instock","29":"taxable","30":"shipping-taxable","31":"purchasable","32":"product-type-simple"},"jetpack_sharing_enabled":true,"_links":{"self":[{"href":"https:\/\/occasions-teile.ch\/fr\/wp-json\/wp\/v2\/product\/310240","targetHints":{"allow":["GET"]}}],"collection":[{"href":"https:\/\/occasions-teile.ch\/fr\/wp-json\/wp\/v2\/product"}],"about":[{"href":"https:\/\/occasions-teile.ch\/fr\/wp-json\/wp\/v2\/types\/product"}],"wp:featuredmedia":[{"embeddable":true,"href":"https:\/\/occasions-teile.ch\/fr\/wp-json\/wp\/v2\/media\/310237"}],"wp:attachment":[{"href":"https:\/\/occasions-teile.ch\/fr\/wp-json\/wp\/v2\/media?parent=310240"}],"wp:term":[{"taxonomy":"product_brand","embeddable":true,"href":"https:\/\/occasions-teile.ch\/fr\/wp-json\/wp\/v2\/product_brand?post=310240"},{"taxonomy":"product_cat","embeddable":true,"href":"https:\/\/occasions-teile.ch\/fr\/wp-json\/wp\/v2\/product_cat?post=310240"},{"taxonomy":"product_tag","embeddable":true,"href":"https:\/\/occasions-teile.ch\/fr\/wp-json\/wp\/v2\/product_tag?post=310240"}],"curies":[{"name":"wp","href":"https:\/\/api.w.org\/{rel}","templated":true}]}}