{"id":310127,"date":"2024-05-02T12:13:25","date_gmt":"2024-05-02T12:13:25","guid":{"rendered":"https:\/\/occasions-teile.ch\/product\/vw-tiguan-steuergeraet-kraftstoffpumpe\/"},"modified":"2024-05-23T19:28:55","modified_gmt":"2024-05-23T19:28:55","slug":"vw-tiguan-steuergeraet-kraftstoffpumpe","status":"publish","type":"product","link":"https:\/\/occasions-teile.ch\/fr\/produkt\/vw-tiguan-steuergeraet-kraftstoffpumpe\/","title":{"rendered":"VW Tiguan  Steuerger\u00e4t Kraftstoffpumpe"},"content":{"rendered":"<p><span><b>Technische Daten<\/b><\/p>\n<p> Fahrzeug: VW Tiguan<br \/>\n Chassis Nr.: WVGZZZ5NZFW606454<br \/>\n Baujahr: 2015<br \/>\n Kilometer: 131235 KM<br \/>\n Leistung: 180 KW<br \/>\n Hubraum: 1984 ccm<br \/>\n Typ: 1XK368<br \/>\n Farbcode: White\/Weiss<br \/>\n Hinweise: &#8211;<\/p>\n<p> Versand: Versand nur in der Schweiz m\u00f6glich.Im Ausland ist der Transport k\u00e4uferseits.<br \/>\n Garantie: 3 Monate Garantie. Bitte beachten Sie, dass die Gew\u00e4hrleistung nur g\u00fcltig ist, wenn der Ersatzteileinbau durch eine Fachwerkstatt\/Meisterwerkstatt erfolgt. Das Ein- und Ausbau des Ersatzteiles kann nicht an uns verrechnet werden. <\/p>\n<p> Ersatzteil: f\u00fcr andere Fahrzeugen (Marken) verf\u00fcgbar auf anfrage. Tel.041 980 27 47. Mobil. 076 589 27 47<\/p>\n<p> Kontakt<br \/>\n  Adresse: Autoverwertung Brun AG<br \/>\n           M\u00f6\u00f6slimatten 13<br \/>\n           6218 Ettiswil<br \/>\n  Telefon: 0041 (041) 980 27 47<br \/>\n  Telefax: 0041 (041) 980 03 47<\/p>\n<p> Wir bieten Ihnen weitere gebrauchte Autoteile zum Kauf an.<br \/>\n Tags: Steuerger\u00e4t Kraftstoffpumpe,  Fuel pump control unit,  Unit\u00e9 de commande de pompe \u00e0 carburant<br \/>\n<\/span><\/p>\n","protected":false},"excerpt":{"rendered":"<p>Technische Daten Fahrzeug: VW Tiguan Chassis Nr.: WVGZZZ5NZFW606454 Baujahr: 2015 Kilometer: 131235 KM Leistung: 180 KW Hubraum: 1984 ccm Typ: 1XK368 Farbcode: White\/Weiss Hinweise: &#8211; Versand: Versand nur in der Schweiz m\u00f6glich.Im Ausland ist der Transport k\u00e4uferseits. Garantie: 3 Monate Garantie. Bitte beachten Sie, dass die Gew\u00e4hrleistung nur g\u00fcltig ist, wenn der Ersatzteileinbau durch eine&hellip; <a class=\"more-link\" href=\"https:\/\/occasions-teile.ch\/fr\/produkt\/vw-tiguan-steuergeraet-kraftstoffpumpe\/\">Poursuivre la lecture <span class=\"screen-reader-text\">VW Tiguan  Steuerger\u00e4t Kraftstoffpumpe<\/span><\/a><\/p>\n","protected":false},"featured_media":310124,"template":"","meta":[],"product_brand":[],"product_cat":[23545,21595,663,2159,663,494,494,494,2159,663,1667,1667,1667,2159,1280,1280,1280,9728,9728,9728],"product_tag":[],"class_list":{"0":"post-310127","1":"product","2":"type-product","3":"status-publish","4":"has-post-thumbnail","6":"product_cat-de-2-0-tsi-4motion-de_tiguan-de_volkswagen-manufacturer-81","7":"product_cat-de-2-0-tsi-4motion-de_tiguan-de_volkswagen-manufacturer-79","8":"product_cat-de-luft-kraftstoffsystem","9":"product_cat-de-steuergeraet-kraftstoffpumpe","11":"product_cat-de-motor","16":"product_cat-de_tiguan","20":"product_cat-de_volkswagen","23":"product_cat-de-wvgzzz5nzfw606454-200000263","26":"product_shipping_class-tarif-1","27":"entry","29":"first","30":"instock","31":"taxable","32":"shipping-taxable","33":"purchasable","34":"product-type-simple"},"jetpack_sharing_enabled":true,"_links":{"self":[{"href":"https:\/\/occasions-teile.ch\/fr\/wp-json\/wp\/v2\/product\/310127","targetHints":{"allow":["GET"]}}],"collection":[{"href":"https:\/\/occasions-teile.ch\/fr\/wp-json\/wp\/v2\/product"}],"about":[{"href":"https:\/\/occasions-teile.ch\/fr\/wp-json\/wp\/v2\/types\/product"}],"wp:featuredmedia":[{"embeddable":true,"href":"https:\/\/occasions-teile.ch\/fr\/wp-json\/wp\/v2\/media\/310124"}],"wp:attachment":[{"href":"https:\/\/occasions-teile.ch\/fr\/wp-json\/wp\/v2\/media?parent=310127"}],"wp:term":[{"taxonomy":"product_brand","embeddable":true,"href":"https:\/\/occasions-teile.ch\/fr\/wp-json\/wp\/v2\/product_brand?post=310127"},{"taxonomy":"product_cat","embeddable":true,"href":"https:\/\/occasions-teile.ch\/fr\/wp-json\/wp\/v2\/product_cat?post=310127"},{"taxonomy":"product_tag","embeddable":true,"href":"https:\/\/occasions-teile.ch\/fr\/wp-json\/wp\/v2\/product_tag?post=310127"}],"curies":[{"name":"wp","href":"https:\/\/api.w.org\/{rel}","templated":true}]}}