{"id":310015,"date":"2024-05-02T10:23:08","date_gmt":"2024-05-02T10:23:08","guid":{"rendered":"https:\/\/occasions-teile.ch\/product\/alfa-romeo-mito-federbein-stossdaempfer-hinten\/"},"modified":"2024-05-27T21:38:23","modified_gmt":"2024-05-27T21:38:23","slug":"alfa-romeo-mito-federbein-stossdaempfer-hinten","status":"publish","type":"product","link":"https:\/\/occasions-teile.ch\/fr\/produkt\/alfa-romeo-mito-federbein-stossdaempfer-hinten\/","title":{"rendered":"Alfa Romeo Mito  Federbein Stossd\u00e4mpfer hinten"},"content":{"rendered":"<p><span><b>Technische Daten<\/b><\/p>\n<p> Fahrzeug: Alfa Romeo Mito<br \/>\n Chassis Nr.: ZAR9550000X066215<br \/>\n Baujahr: 2017<br \/>\n Kilometer: 42679 KM<br \/>\n Leistung: 77 KW<br \/>\n Hubraum: 1368 ccm<br \/>\n Typ: X<br \/>\n Farbcode: White\/Weiss<br \/>\n Hinweise: &#8211;<\/p>\n<p> Versand: Versand nur in der Schweiz m\u00f6glich.Im Ausland ist der Transport k\u00e4uferseits.<br \/>\n Garantie: 3 Monate Garantie. Bitte beachten Sie, dass die Gew\u00e4hrleistung nur g\u00fcltig ist, wenn der Ersatzteileinbau durch eine Fachwerkstatt\/Meisterwerkstatt erfolgt. Das Ein- und Ausbau des Ersatzteiles kann nicht an uns verrechnet werden. <\/p>\n<p> Ersatzteil: f\u00fcr andere Fahrzeugen (Marken) verf\u00fcgbar auf anfrage. Tel.041 980 27 47. Mobil. 076 589 27 47<\/p>\n<p> Kontakt<br \/>\n  Adresse: Autoverwertung Brun AG<br \/>\n           M\u00f6\u00f6slimatten 13<br \/>\n           6218 Ettiswil<br \/>\n  Telefon: 0041 (041) 980 27 47<br \/>\n  Telefax: 0041 (041) 980 03 47<\/p>\n<p> Wir bieten Ihnen weitere gebrauchte Autoteile zum Kauf an.<br \/>\n Tags: Federbein Stossd\u00e4mpfer hinten, Suspension strut rear shock absorber, Amortisseur arri\u00e8re de jambe de suspension<br \/>\n<\/span><\/p>\n","protected":false},"excerpt":{"rendered":"<p>Technische Daten Fahrzeug: Alfa Romeo Mito Chassis Nr.: ZAR9550000X066215 Baujahr: 2017 Kilometer: 42679 KM Leistung: 77 KW Hubraum: 1368 ccm Typ: X Farbcode: White\/Weiss Hinweise: &#8211; Versand: Versand nur in der Schweiz m\u00f6glich.Im Ausland ist der Transport k\u00e4uferseits. Garantie: 3 Monate Garantie. Bitte beachten Sie, dass die Gew\u00e4hrleistung nur g\u00fcltig ist, wenn der Ersatzteileinbau durch&hellip; <a class=\"more-link\" href=\"https:\/\/occasions-teile.ch\/fr\/produkt\/alfa-romeo-mito-federbein-stossdaempfer-hinten\/\">Poursuivre la lecture <span class=\"screen-reader-text\">Alfa Romeo Mito  Federbein Stossd\u00e4mpfer hinten<\/span><\/a><\/p>\n","protected":false},"featured_media":310012,"template":"","meta":[],"product_brand":[],"product_cat":[471,474,468,544,541,762,813,766,815,5969,5970,5971,23728,21567,764,814,547,9918,9920,9922],"product_tag":[],"class_list":{"0":"post-310015","1":"product","2":"type-product","3":"status-publish","4":"has-post-thumbnail","6":"product_cat-en_alfa-romeo","7":"product_cat-fr_alfa-romeo","8":"product_cat-de_alfa-romeo","9":"product_cat-en-chassis-steering","10":"product_cat-de-fahrwerk-lenkung","11":"product_cat-de-federbeine-stossdaempfer","12":"product_cat-de-federbeine-stossdaempfer-hinten","13":"product_cat-fr-jambes-de-force-amortisseurs","14":"product_cat-fr-jambes-de-force-amortisseurs-arriere","15":"product_cat-de_slug_alfa-romeo_mito_977","16":"product_cat-en_slug_alfa-romeo_mito_27","17":"product_cat-fr_slug_alfa-romeo_mito_805","18":"product_cat-de-mito-1-4-78cv-e6-de_slug_alfa-romeo_mito_977-de_alfa-romeo-manufacturer-71","19":"product_cat-de-mito-1-4-78cv-e6-de_slug_alfa-romeo_mito_977-de_alfa-romeo-manufacturer-67","20":"product_cat-en-struts-shock-absorbers","21":"product_cat-en-suspension-struts-shock-absorber-rear","22":"product_cat-fr-train-de-roulement-direction","23":"product_cat-de-zar9550000x066215-200000266","24":"product_cat-en-zar9550000x066215-200000266","25":"product_cat-fr-zar9550000x066215-200000266","26":"product_shipping_class-tarif-1","27":"entry","29":"first","30":"instock","31":"taxable","32":"shipping-taxable","33":"purchasable","34":"product-type-simple"},"jetpack_sharing_enabled":true,"_links":{"self":[{"href":"https:\/\/occasions-teile.ch\/fr\/wp-json\/wp\/v2\/product\/310015","targetHints":{"allow":["GET"]}}],"collection":[{"href":"https:\/\/occasions-teile.ch\/fr\/wp-json\/wp\/v2\/product"}],"about":[{"href":"https:\/\/occasions-teile.ch\/fr\/wp-json\/wp\/v2\/types\/product"}],"wp:featuredmedia":[{"embeddable":true,"href":"https:\/\/occasions-teile.ch\/fr\/wp-json\/wp\/v2\/media\/310012"}],"wp:attachment":[{"href":"https:\/\/occasions-teile.ch\/fr\/wp-json\/wp\/v2\/media?parent=310015"}],"wp:term":[{"taxonomy":"product_brand","embeddable":true,"href":"https:\/\/occasions-teile.ch\/fr\/wp-json\/wp\/v2\/product_brand?post=310015"},{"taxonomy":"product_cat","embeddable":true,"href":"https:\/\/occasions-teile.ch\/fr\/wp-json\/wp\/v2\/product_cat?post=310015"},{"taxonomy":"product_tag","embeddable":true,"href":"https:\/\/occasions-teile.ch\/fr\/wp-json\/wp\/v2\/product_tag?post=310015"}],"curies":[{"name":"wp","href":"https:\/\/api.w.org\/{rel}","templated":true}]}}