{"id":309979,"date":"2024-05-02T09:49:21","date_gmt":"2024-05-02T09:49:21","guid":{"rendered":"https:\/\/occasions-teile.ch\/product\/alfa-romeo-mito-alternator\/"},"modified":"2024-05-27T21:45:05","modified_gmt":"2024-05-27T21:45:05","slug":"alfa-romeo-mito-alternator","status":"publish","type":"product","link":"https:\/\/occasions-teile.ch\/fr\/produkt\/alfa-romeo-mito-alternator\/","title":{"rendered":"Alfa Romeo Mito  Alternator"},"content":{"rendered":"<p><span><b>Technische Daten<\/b><\/p>\n<p> Fahrzeug: Alfa Romeo Mito<br \/>\n Chassis Nr.: ZAR9550000X066215<br \/>\n Baujahr: 2017<br \/>\n Kilometer: 42679 KM<br \/>\n Leistung: 77 KW<br \/>\n Hubraum: 1368 ccm<br \/>\n Typ: X<br \/>\n Farbcode: White\/Weiss<br \/>\n Hinweise: &#8211;<\/p>\n<p> Versand: Versand nur in der Schweiz m\u00f6glich.Im Ausland ist der Transport k\u00e4uferseits.<br \/>\n Garantie: 3 Monate Garantie. Bitte beachten Sie, dass die Gew\u00e4hrleistung nur g\u00fcltig ist, wenn der Ersatzteileinbau durch eine Fachwerkstatt\/Meisterwerkstatt erfolgt. Das Ein- und Ausbau des Ersatzteiles kann nicht an uns verrechnet werden. <\/p>\n<p> Ersatzteil: f\u00fcr andere Fahrzeugen (Marken) verf\u00fcgbar auf anfrage. Tel.041 980 27 47. Mobil. 076 589 27 47<\/p>\n<p> Kontakt<br \/>\n  Adresse: Autoverwertung Brun AG<br \/>\n           M\u00f6\u00f6slimatten 13<br \/>\n           6218 Ettiswil<br \/>\n  Telefon: 0041 (041) 980 27 47<br \/>\n  Telefax: 0041 (041) 980 03 47<\/p>\n<p> Wir bieten Ihnen weitere gebrauchte Autoteile zum Kauf an.<br \/>\n Tags: Alternator, Alternator, Alternateur<br \/>\n<\/span><\/p>\n","protected":false},"excerpt":{"rendered":"<p>Technische Daten Fahrzeug: Alfa Romeo Mito Chassis Nr.: ZAR9550000X066215 Baujahr: 2017 Kilometer: 42679 KM Leistung: 77 KW Hubraum: 1368 ccm Typ: X Farbcode: White\/Weiss Hinweise: &#8211; Versand: Versand nur in der Schweiz m\u00f6glich.Im Ausland ist der Transport k\u00e4uferseits. Garantie: 3 Monate Garantie. Bitte beachten Sie, dass die Gew\u00e4hrleistung nur g\u00fcltig ist, wenn der Ersatzteileinbau durch&hellip; <a class=\"more-link\" href=\"https:\/\/occasions-teile.ch\/fr\/produkt\/alfa-romeo-mito-alternator\/\">Poursuivre la lecture <span class=\"screen-reader-text\">Alfa Romeo Mito  Alternator<\/span><\/a><\/p>\n","protected":false},"featured_media":309976,"template":"","meta":[],"product_brand":[],"product_cat":[471,474,468,703,704,700,701,702,627,624,621,699,5969,5970,5971,23728,21558,9918,9920,9922],"product_tag":[],"class_list":{"0":"post-309979","1":"product","2":"type-product","3":"status-publish","4":"has-post-thumbnail","6":"product_cat-en_alfa-romeo","7":"product_cat-fr_alfa-romeo","8":"product_cat-de_alfa-romeo","9":"product_cat-fr-alternateur","10":"product_cat-fr-alternateur-fr-alternateur","11":"product_cat-de-alternator","12":"product_cat-en-alternator","13":"product_cat-en-alternator-en-alternator","14":"product_cat-fr-electricite-dispositifs-de-commande","15":"product_cat-en-electrics-control-units","16":"product_cat-de-elektrik-steuergeraete","17":"product_cat-de-lichtmaschine","18":"product_cat-de_slug_alfa-romeo_mito_977","19":"product_cat-en_slug_alfa-romeo_mito_27","20":"product_cat-fr_slug_alfa-romeo_mito_805","21":"product_cat-de-mito-1-4-78cv-e6-de_slug_alfa-romeo_mito_977-de_alfa-romeo-manufacturer-71","22":"product_cat-de-mito-1-4-78cv-e6-de_slug_alfa-romeo_mito_977-de_alfa-romeo-manufacturer-61","23":"product_cat-de-zar9550000x066215-200000266","24":"product_cat-en-zar9550000x066215-200000266","25":"product_cat-fr-zar9550000x066215-200000266","26":"product_shipping_class-tarif-1","27":"entry","29":"first","30":"instock","31":"taxable","32":"shipping-taxable","33":"purchasable","34":"product-type-simple"},"jetpack_sharing_enabled":true,"_links":{"self":[{"href":"https:\/\/occasions-teile.ch\/fr\/wp-json\/wp\/v2\/product\/309979","targetHints":{"allow":["GET"]}}],"collection":[{"href":"https:\/\/occasions-teile.ch\/fr\/wp-json\/wp\/v2\/product"}],"about":[{"href":"https:\/\/occasions-teile.ch\/fr\/wp-json\/wp\/v2\/types\/product"}],"wp:featuredmedia":[{"embeddable":true,"href":"https:\/\/occasions-teile.ch\/fr\/wp-json\/wp\/v2\/media\/309976"}],"wp:attachment":[{"href":"https:\/\/occasions-teile.ch\/fr\/wp-json\/wp\/v2\/media?parent=309979"}],"wp:term":[{"taxonomy":"product_brand","embeddable":true,"href":"https:\/\/occasions-teile.ch\/fr\/wp-json\/wp\/v2\/product_brand?post=309979"},{"taxonomy":"product_cat","embeddable":true,"href":"https:\/\/occasions-teile.ch\/fr\/wp-json\/wp\/v2\/product_cat?post=309979"},{"taxonomy":"product_tag","embeddable":true,"href":"https:\/\/occasions-teile.ch\/fr\/wp-json\/wp\/v2\/product_tag?post=309979"}],"curies":[{"name":"wp","href":"https:\/\/api.w.org\/{rel}","templated":true}]}}