{"id":309913,"date":"2024-05-02T08:49:50","date_gmt":"2024-05-02T08:49:50","guid":{"rendered":"https:\/\/occasions-teile.ch\/product\/alfa-romeo-mito-zuendschloss\/"},"modified":"2024-05-27T21:45:49","modified_gmt":"2024-05-27T21:45:49","slug":"alfa-romeo-mito-zuendschloss","status":"publish","type":"product","link":"https:\/\/occasions-teile.ch\/fr\/produkt\/alfa-romeo-mito-zuendschloss\/","title":{"rendered":"Alfa Romeo Mito  Z\u00fcndschloss"},"content":{"rendered":"<p><span><b>Technische Daten<\/b><\/p>\n<p> Fahrzeug: Alfa Romeo Mito<br \/>\n Chassis Nr.: ZAR9550000X066215<br \/>\n Baujahr: 2017<br \/>\n Kilometer: 42679 KM<br \/>\n Leistung: 77 KW<br \/>\n Hubraum: 1368 ccm<br \/>\n Typ: X<br \/>\n Farbcode: White\/Weiss<br \/>\n Hinweise: &#8211;<\/p>\n<p> Versand: Versand nur in der Schweiz m\u00f6glich.Im Ausland ist der Transport k\u00e4uferseits.<br \/>\n Garantie: 3 Monate Garantie. Bitte beachten Sie, dass die Gew\u00e4hrleistung nur g\u00fcltig ist, wenn der Ersatzteileinbau durch eine Fachwerkstatt\/Meisterwerkstatt erfolgt. Das Ein- und Ausbau des Ersatzteiles kann nicht an uns verrechnet werden. <\/p>\n<p> Ersatzteil: f\u00fcr andere Fahrzeugen (Marken) verf\u00fcgbar auf anfrage. Tel.041 980 27 47. Mobil. 076 589 27 47<\/p>\n<p> Kontakt<br \/>\n  Adresse: Autoverwertung Brun AG<br \/>\n           M\u00f6\u00f6slimatten 13<br \/>\n           6218 Ettiswil<br \/>\n  Telefon: 0041 (041) 980 27 47<br \/>\n  Telefax: 0041 (041) 980 03 47<\/p>\n<p> Wir bieten Ihnen weitere gebrauchte Autoteile zum Kauf an.<br \/>\n Tags: Z\u00fcndschloss, Ignition lock, Serrure d&rsquo;allumage<br \/>\n<\/span><\/p>\n","protected":false},"excerpt":{"rendered":"<p>Technische Daten Fahrzeug: Alfa Romeo Mito Chassis Nr.: ZAR9550000X066215 Baujahr: 2017 Kilometer: 42679 KM Leistung: 77 KW Hubraum: 1368 ccm Typ: X Farbcode: White\/Weiss Hinweise: &#8211; Versand: Versand nur in der Schweiz m\u00f6glich.Im Ausland ist der Transport k\u00e4uferseits. Garantie: 3 Monate Garantie. Bitte beachten Sie, dass die Gew\u00e4hrleistung nur g\u00fcltig ist, wenn der Ersatzteileinbau durch&hellip; <a class=\"more-link\" href=\"https:\/\/occasions-teile.ch\/fr\/produkt\/alfa-romeo-mito-zuendschloss\/\">Poursuivre la lecture <span class=\"screen-reader-text\">Alfa Romeo Mito  Z\u00fcndschloss<\/span><\/a><\/p>\n","protected":false},"featured_media":309910,"template":"","meta":[],"product_brand":[],"product_cat":[468,471,474,661,659,1161,5969,5970,5971,21542,23728,500,494,497,657,1162,9920,9922,9918,1160],"product_tag":[],"class_list":{"0":"post-309913","1":"product","2":"type-product","3":"status-publish","4":"has-post-thumbnail","6":"product_cat-de_alfa-romeo","7":"product_cat-en_alfa-romeo","8":"product_cat-fr_alfa-romeo","9":"product_cat-fr-commande-du-moteur-allumage","10":"product_cat-en-engine-control-ignition","11":"product_cat-en-ignition-lock","12":"product_cat-de_slug_alfa-romeo_mito_977","13":"product_cat-en_slug_alfa-romeo_mito_27","14":"product_cat-fr_slug_alfa-romeo_mito_805","15":"product_cat-de-mito-1-4-78cv-e6-de_slug_alfa-romeo_mito_977-de_alfa-romeo-manufacturer-52","16":"product_cat-de-mito-1-4-78cv-e6-de_slug_alfa-romeo_mito_977-de_alfa-romeo-manufacturer-71","17":"product_cat-fr-moteur","18":"product_cat-de-motor","19":"product_cat-en-motor","20":"product_cat-de-motorsteuerung-zuendung","21":"product_cat-fr-serrure-dallumage","22":"product_cat-en-zar9550000x066215-200000266","23":"product_cat-fr-zar9550000x066215-200000266","24":"product_cat-de-zar9550000x066215-200000266","25":"product_cat-de-zuendschloss","26":"product_shipping_class-tarif-1","27":"entry","29":"first","30":"instock","31":"taxable","32":"shipping-taxable","33":"purchasable","34":"product-type-simple"},"jetpack_sharing_enabled":true,"_links":{"self":[{"href":"https:\/\/occasions-teile.ch\/fr\/wp-json\/wp\/v2\/product\/309913","targetHints":{"allow":["GET"]}}],"collection":[{"href":"https:\/\/occasions-teile.ch\/fr\/wp-json\/wp\/v2\/product"}],"about":[{"href":"https:\/\/occasions-teile.ch\/fr\/wp-json\/wp\/v2\/types\/product"}],"wp:featuredmedia":[{"embeddable":true,"href":"https:\/\/occasions-teile.ch\/fr\/wp-json\/wp\/v2\/media\/309910"}],"wp:attachment":[{"href":"https:\/\/occasions-teile.ch\/fr\/wp-json\/wp\/v2\/media?parent=309913"}],"wp:term":[{"taxonomy":"product_brand","embeddable":true,"href":"https:\/\/occasions-teile.ch\/fr\/wp-json\/wp\/v2\/product_brand?post=309913"},{"taxonomy":"product_cat","embeddable":true,"href":"https:\/\/occasions-teile.ch\/fr\/wp-json\/wp\/v2\/product_cat?post=309913"},{"taxonomy":"product_tag","embeddable":true,"href":"https:\/\/occasions-teile.ch\/fr\/wp-json\/wp\/v2\/product_tag?post=309913"}],"curies":[{"name":"wp","href":"https:\/\/api.w.org\/{rel}","templated":true}]}}