{"id":309806,"date":"2024-05-02T07:02:32","date_gmt":"2024-05-02T07:02:32","guid":{"rendered":"https:\/\/occasions-teile.ch\/product\/skoda-octavia-klimakompressor-3\/"},"modified":"2024-05-26T11:57:41","modified_gmt":"2024-05-26T11:57:41","slug":"skoda-octavia-klimakompressor-3","status":"publish","type":"product","link":"https:\/\/occasions-teile.ch\/fr\/produkt\/skoda-octavia-klimakompressor-3\/","title":{"rendered":"Skoda Octavia  Klimakompressor"},"content":{"rendered":"<p><span><b>Technische Daten<\/b><\/p>\n<p> Fahrzeug: Skoda Octavia<br \/>\n Chassis Nr.: TMBLK7NE5L0007745<br \/>\n Baujahr: 2019<br \/>\n Kilometer: 31667 KM<br \/>\n Leistung: 185 KW<br \/>\n Hubraum: 1968 ccm<br \/>\n Typ: 1SG664<br \/>\n Farbcode: Black<br \/>\n Hinweise: &#8211;<\/p>\n<p> Versand: Versand nur in der Schweiz m\u00f6glich.Im Ausland ist der Transport k\u00e4uferseits.<br \/>\n Garantie: 3 Monate Garantie. Bitte beachten Sie, dass die Gew\u00e4hrleistung nur g\u00fcltig ist, wenn der Ersatzteileinbau durch eine Fachwerkstatt\/Meisterwerkstatt erfolgt. Das Ein- und Ausbau des Ersatzteiles kann nicht an uns verrechnet werden. <\/p>\n<p> Ersatzteil: f\u00fcr andere Fahrzeugen (Marken) verf\u00fcgbar auf anfrage. Tel.041 980 27 47. Mobil. 076 589 27 47<\/p>\n<p> Kontakt<br \/>\n  Adresse: Autoverwertung Brun AG<br \/>\n           M\u00f6\u00f6slimatten 13<br \/>\n           6218 Ettiswil<br \/>\n  Telefon: 0041 (041) 980 27 47<br \/>\n  Telefax: 0041 (041) 980 03 47<\/p>\n<p> Wir bieten Ihnen weitere gebrauchte Autoteile zum Kauf an.<br \/>\n Tags: Klimakompressor , Compressor Air conditioning , Compresseur Climatisation<br \/>\n<\/span><\/p>\n","protected":false},"excerpt":{"rendered":"<p>Technische Daten Fahrzeug: Skoda Octavia Chassis Nr.: TMBLK7NE5L0007745 Baujahr: 2019 Kilometer: 31667 KM Leistung: 185 KW Hubraum: 1968 ccm Typ: 1SG664 Farbcode: Black Hinweise: &#8211; Versand: Versand nur in der Schweiz m\u00f6glich.Im Ausland ist der Transport k\u00e4uferseits. Garantie: 3 Monate Garantie. Bitte beachten Sie, dass die Gew\u00e4hrleistung nur g\u00fcltig ist, wenn der Ersatzteileinbau durch eine&hellip; <a class=\"more-link\" href=\"https:\/\/occasions-teile.ch\/fr\/produkt\/skoda-octavia-klimakompressor-3\/\">Poursuivre la lecture <span class=\"screen-reader-text\">Skoda Octavia  Klimakompressor<\/span><\/a><\/p>\n","protected":false},"featured_media":309803,"template":"","meta":[],"product_brand":[],"product_cat":[21519,23651,717,719,718,716,715,714,711,713,712,1477,1464,1472,1476,1463,1471,9862,9859,9861],"product_tag":[],"class_list":{"0":"post-309806","1":"product","2":"type-product","3":"status-publish","4":"has-post-thumbnail","6":"product_cat-de-2-0tdi-4x4-de_octavia-de_skoda-manufacturer-48","7":"product_cat-de-2-0tdi-4x4-de_octavia-de_skoda-manufacturer-62","8":"product_cat-fr-chauffage-climatisation","9":"product_cat-fr-compresseur-climatisation","10":"product_cat-fr-compresseurclimatisation","11":"product_cat-en-compressor-air-conditioning","12":"product_cat-en-compressorair-conditioning","13":"product_cat-en-heating-air-conditioning","14":"product_cat-de-heizung-klima","15":"product_cat-de-kompressor-klima","16":"product_cat-de-kompressorklima","17":"product_cat-fr_octavia-fr_skoda-fabricant-2","18":"product_cat-de_octavia","19":"product_cat-en_octavia-en_skoda-manufacturer-en","20":"product_cat-fr_skoda-fabricant-2","21":"product_cat-de_skoda","22":"product_cat-en_skoda-manufacturer-en","23":"product_cat-fr-tmblk7ne5l0007745-200000264","24":"product_cat-de-tmblk7ne5l0007745-200000264","25":"product_cat-en-tmblk7ne5l0007745-200000264","26":"product_shipping_class-tarif-1","27":"entry","29":"first","30":"instock","31":"taxable","32":"shipping-taxable","33":"purchasable","34":"product-type-simple"},"jetpack_sharing_enabled":true,"_links":{"self":[{"href":"https:\/\/occasions-teile.ch\/fr\/wp-json\/wp\/v2\/product\/309806","targetHints":{"allow":["GET"]}}],"collection":[{"href":"https:\/\/occasions-teile.ch\/fr\/wp-json\/wp\/v2\/product"}],"about":[{"href":"https:\/\/occasions-teile.ch\/fr\/wp-json\/wp\/v2\/types\/product"}],"wp:featuredmedia":[{"embeddable":true,"href":"https:\/\/occasions-teile.ch\/fr\/wp-json\/wp\/v2\/media\/309803"}],"wp:attachment":[{"href":"https:\/\/occasions-teile.ch\/fr\/wp-json\/wp\/v2\/media?parent=309806"}],"wp:term":[{"taxonomy":"product_brand","embeddable":true,"href":"https:\/\/occasions-teile.ch\/fr\/wp-json\/wp\/v2\/product_brand?post=309806"},{"taxonomy":"product_cat","embeddable":true,"href":"https:\/\/occasions-teile.ch\/fr\/wp-json\/wp\/v2\/product_cat?post=309806"},{"taxonomy":"product_tag","embeddable":true,"href":"https:\/\/occasions-teile.ch\/fr\/wp-json\/wp\/v2\/product_tag?post=309806"}],"curies":[{"name":"wp","href":"https:\/\/api.w.org\/{rel}","templated":true}]}}