{"id":309646,"date":"2024-05-02T04:35:00","date_gmt":"2024-05-02T04:35:00","guid":{"rendered":"https:\/\/occasions-teile.ch\/product\/vw-tiguan-antriebswelle-hinten-links\/"},"modified":"2024-05-23T19:20:52","modified_gmt":"2024-05-23T19:20:52","slug":"vw-tiguan-antriebswelle-hinten-links","status":"publish","type":"product","link":"https:\/\/occasions-teile.ch\/fr\/produkt\/vw-tiguan-antriebswelle-hinten-links\/","title":{"rendered":"VW Tiguan  Antriebswelle hinten links"},"content":{"rendered":"<p><span><b>Technische Daten<\/b><\/p>\n<p> Fahrzeug: VW Tiguan<br \/>\n Chassis Nr.: WVGZZZ5NZFW606454<br \/>\n Baujahr: 2015<br \/>\n Kilometer: 131235 KM<br \/>\n Leistung: 180 KW<br \/>\n Hubraum: 1984 ccm<br \/>\n Typ: 1XK368<br \/>\n Farbcode: White\/Weiss<br \/>\n Hinweise: &#8211;<\/p>\n<p> Versand: Versand nur in der Schweiz m\u00f6glich.Im Ausland ist der Transport k\u00e4uferseits.<br \/>\n Garantie: 3 Monate Garantie. Bitte beachten Sie, dass die Gew\u00e4hrleistung nur g\u00fcltig ist, wenn der Ersatzteileinbau durch eine Fachwerkstatt\/Meisterwerkstatt erfolgt. Das Ein- und Ausbau des Ersatzteiles kann nicht an uns verrechnet werden. <\/p>\n<p> Ersatzteil: f\u00fcr andere Fahrzeugen (Marken) verf\u00fcgbar auf anfrage. Tel.041 980 27 47. Mobil. 076 589 27 47<\/p>\n<p> Kontakt<br \/>\n  Adresse: Autoverwertung Brun AG<br \/>\n           M\u00f6\u00f6slimatten 13<br \/>\n           6218 Ettiswil<br \/>\n  Telefon: 0041 (041) 980 27 47<br \/>\n  Telefax: 0041 (041) 980 03 47<\/p>\n<p> Wir bieten Ihnen weitere gebrauchte Autoteile zum Kauf an.<br \/>\n Tags: Antriebswelle hinten links, Drive shaft rear left , Arbre d&rsquo;entrai^nement arrie`re gauche<br \/>\n<\/span><\/p>\n","protected":false},"excerpt":{"rendered":"<p>Technische Daten Fahrzeug: VW Tiguan Chassis Nr.: WVGZZZ5NZFW606454 Baujahr: 2015 Kilometer: 131235 KM Leistung: 180 KW Hubraum: 1984 ccm Typ: 1XK368 Farbcode: White\/Weiss Hinweise: &#8211; Versand: Versand nur in der Schweiz m\u00f6glich.Im Ausland ist der Transport k\u00e4uferseits. Garantie: 3 Monate Garantie. Bitte beachten Sie, dass die Gew\u00e4hrleistung nur g\u00fcltig ist, wenn der Ersatzteileinbau durch eine&hellip; <a class=\"more-link\" href=\"https:\/\/occasions-teile.ch\/fr\/produkt\/vw-tiguan-antriebswelle-hinten-links\/\">Poursuivre la lecture <span class=\"screen-reader-text\">VW Tiguan  Antriebswelle hinten links<\/span><\/a><\/p>\n","protected":false},"featured_media":309643,"template":"","meta":[],"product_brand":[],"product_cat":[21479,23545,1089,783,1091,787,1090,785,651,648,1667,1669,1671,654,1286,1280,1283,9728,9730,9731],"product_tag":[],"class_list":{"0":"post-309646","1":"product","2":"type-product","3":"status-publish","4":"has-post-thumbnail","6":"product_cat-de-2-0-tsi-4motion-de_tiguan-de_volkswagen-manufacturer-69","7":"product_cat-de-2-0-tsi-4motion-de_tiguan-de_volkswagen-manufacturer-81","8":"product_cat-de-antriebswelle-hinten-links","9":"product_cat-de-antriebswellen","10":"product_cat-fr-arbre-dentrainement-arriere-gauche","11":"product_cat-fr-arbres-de-transmission","12":"product_cat-en-drive-shaft-rear-left","13":"product_cat-en-drive-shafts","14":"product_cat-en-gearbox-drive","15":"product_cat-de-getriebe-antrieb","16":"product_cat-de_tiguan","17":"product_cat-en_tiguan","18":"product_cat-fr_tiguan","19":"product_cat-fr-transmission-entrainement","20":"product_cat-fr_volkswagen","21":"product_cat-de_volkswagen","22":"product_cat-en_volkswagen","23":"product_cat-de-wvgzzz5nzfw606454-200000263","24":"product_cat-en-wvgzzz5nzfw606454-200000263","25":"product_cat-fr-wvgzzz5nzfw606454-200000263","26":"product_shipping_class-tarif-1","27":"entry","29":"first","30":"instock","31":"taxable","32":"shipping-taxable","33":"purchasable","34":"product-type-simple"},"jetpack_sharing_enabled":true,"_links":{"self":[{"href":"https:\/\/occasions-teile.ch\/fr\/wp-json\/wp\/v2\/product\/309646","targetHints":{"allow":["GET"]}}],"collection":[{"href":"https:\/\/occasions-teile.ch\/fr\/wp-json\/wp\/v2\/product"}],"about":[{"href":"https:\/\/occasions-teile.ch\/fr\/wp-json\/wp\/v2\/types\/product"}],"wp:featuredmedia":[{"embeddable":true,"href":"https:\/\/occasions-teile.ch\/fr\/wp-json\/wp\/v2\/media\/309643"}],"wp:attachment":[{"href":"https:\/\/occasions-teile.ch\/fr\/wp-json\/wp\/v2\/media?parent=309646"}],"wp:term":[{"taxonomy":"product_brand","embeddable":true,"href":"https:\/\/occasions-teile.ch\/fr\/wp-json\/wp\/v2\/product_brand?post=309646"},{"taxonomy":"product_cat","embeddable":true,"href":"https:\/\/occasions-teile.ch\/fr\/wp-json\/wp\/v2\/product_cat?post=309646"},{"taxonomy":"product_tag","embeddable":true,"href":"https:\/\/occasions-teile.ch\/fr\/wp-json\/wp\/v2\/product_tag?post=309646"}],"curies":[{"name":"wp","href":"https:\/\/api.w.org\/{rel}","templated":true}]}}