{"id":309598,"date":"2024-05-02T03:50:11","date_gmt":"2024-05-02T03:50:11","guid":{"rendered":"https:\/\/occasions-teile.ch\/product\/ford-transit-federbein-stossdaempfer-vorne-2\/"},"modified":"2024-05-28T21:03:56","modified_gmt":"2024-05-28T21:03:56","slug":"ford-transit-federbein-stossdaempfer-vorne-2","status":"publish","type":"product","link":"https:\/\/occasions-teile.ch\/fr\/produkt\/ford-transit-federbein-stossdaempfer-vorne-2\/","title":{"rendered":"Ford Transit  Federbein Stossd\u00e4mpfer vorne"},"content":{"rendered":"<p><span><b>Technische Daten<\/b><\/p>\n<p> Fahrzeug: Ford Transit<br \/>\n Chassis Nr.: WF0YXXTTGYDE28290<br \/>\n Baujahr: 2014<br \/>\n Kilometer: 140867 KM<br \/>\n Leistung: 101 KW<br \/>\n Hubraum: 2198 ccm<br \/>\n Typ: 3FF469<br \/>\n Farbcode: White\/Weiss<br \/>\n Hinweise: &#8211;<\/p>\n<p> Versand: Versand nur in der Schweiz m\u00f6glich.Im Ausland ist der Transport k\u00e4uferseits.<br \/>\n Garantie: 3 Monate Garantie. Bitte beachten Sie, dass die Gew\u00e4hrleistung nur g\u00fcltig ist, wenn der Ersatzteileinbau durch eine Fachwerkstatt\/Meisterwerkstatt erfolgt. Das Ein- und Ausbau des Ersatzteiles kann nicht an uns verrechnet werden. <\/p>\n<p> Ersatzteil: f\u00fcr andere Fahrzeugen (Marken) verf\u00fcgbar auf anfrage. Tel.041 980 27 47. Mobil. 076 589 27 47<\/p>\n<p> Kontakt<br \/>\n  Adresse: Autoverwertung Brun AG<br \/>\n           M\u00f6\u00f6slimatten 13<br \/>\n           6218 Ettiswil<br \/>\n  Telefon: 0041 (041) 980 27 47<br \/>\n  Telefax: 0041 (041) 980 03 47<\/p>\n<p> Wir bieten Ihnen weitere gebrauchte Autoteile zum Kauf an.<br \/>\n Tags: Federbein Stossd\u00e4mpfer vorne, Suspension strut front shock absorber, Amortisseur avant de jambe de suspension<br \/>\n<\/span><\/p>\n","protected":false},"excerpt":{"rendered":"<p>Technische Daten Fahrzeug: Ford Transit Chassis Nr.: WF0YXXTTGYDE28290 Baujahr: 2014 Kilometer: 140867 KM Leistung: 101 KW Hubraum: 2198 ccm Typ: 3FF469 Farbcode: White\/Weiss Hinweise: &#8211; Versand: Versand nur in der Schweiz m\u00f6glich.Im Ausland ist der Transport k\u00e4uferseits. Garantie: 3 Monate Garantie. Bitte beachten Sie, dass die Gew\u00e4hrleistung nur g\u00fcltig ist, wenn der Ersatzteileinbau durch eine&hellip; <a class=\"more-link\" href=\"https:\/\/occasions-teile.ch\/fr\/produkt\/ford-transit-federbein-stossdaempfer-vorne-2\/\">Poursuivre la lecture <span class=\"screen-reader-text\">Ford Transit  Federbein Stossd\u00e4mpfer vorne<\/span><\/a><\/p>\n","protected":false},"featured_media":309595,"template":"","meta":[],"product_brand":[],"product_cat":[21467,23803,544,541,762,763,1586,1589,1592,766,767,764,765,547,3237,3238,3236,7494,7496,7498],"product_tag":[],"class_list":{"0":"post-309598","1":"product","2":"type-product","3":"status-publish","4":"has-post-thumbnail","6":"product_cat-de-c-van-2-2tdci-de_transit-de_ford-manufacturer-53","7":"product_cat-de-c-van-2-2tdci-de_transit-de_ford-manufacturer-58","8":"product_cat-en-chassis-steering","9":"product_cat-de-fahrwerk-lenkung","10":"product_cat-de-federbeine-stossdaempfer","11":"product_cat-de-federbeine-stossdaempfer-vorne","12":"product_cat-de_ford","13":"product_cat-en_ford","14":"product_cat-fr_ford","15":"product_cat-fr-jambes-de-force-amortisseurs","16":"product_cat-fr-jambes-de-force-amortisseurs-avant","17":"product_cat-en-struts-shock-absorbers","18":"product_cat-en-suspension-struts-shock-absorber-in-front","19":"product_cat-fr-train-de-roulement-direction","20":"product_cat-en_transit","21":"product_cat-fr_transit","22":"product_cat-de_transit","23":"product_cat-de-wf0yxxttgyde28290-200000235","24":"product_cat-en-wf0yxxttgyde28290-200000235","25":"product_cat-fr-wf0yxxttgyde28290-200000235","26":"product_shipping_class-tarif-1","27":"entry","29":"first","30":"instock","31":"taxable","32":"shipping-taxable","33":"purchasable","34":"product-type-simple"},"jetpack_sharing_enabled":true,"_links":{"self":[{"href":"https:\/\/occasions-teile.ch\/fr\/wp-json\/wp\/v2\/product\/309598","targetHints":{"allow":["GET"]}}],"collection":[{"href":"https:\/\/occasions-teile.ch\/fr\/wp-json\/wp\/v2\/product"}],"about":[{"href":"https:\/\/occasions-teile.ch\/fr\/wp-json\/wp\/v2\/types\/product"}],"wp:featuredmedia":[{"embeddable":true,"href":"https:\/\/occasions-teile.ch\/fr\/wp-json\/wp\/v2\/media\/309595"}],"wp:attachment":[{"href":"https:\/\/occasions-teile.ch\/fr\/wp-json\/wp\/v2\/media?parent=309598"}],"wp:term":[{"taxonomy":"product_brand","embeddable":true,"href":"https:\/\/occasions-teile.ch\/fr\/wp-json\/wp\/v2\/product_brand?post=309598"},{"taxonomy":"product_cat","embeddable":true,"href":"https:\/\/occasions-teile.ch\/fr\/wp-json\/wp\/v2\/product_cat?post=309598"},{"taxonomy":"product_tag","embeddable":true,"href":"https:\/\/occasions-teile.ch\/fr\/wp-json\/wp\/v2\/product_tag?post=309598"}],"curies":[{"name":"wp","href":"https:\/\/api.w.org\/{rel}","templated":true}]}}