{"id":309450,"date":"2024-05-02T01:17:41","date_gmt":"2024-05-02T01:17:41","guid":{"rendered":"https:\/\/occasions-teile.ch\/product\/vw-passat-rueckleuchte-links-6\/"},"modified":"2024-05-28T14:29:34","modified_gmt":"2024-05-28T14:29:34","slug":"vw-passat-rueckleuchte-links-6","status":"publish","type":"product","link":"https:\/\/occasions-teile.ch\/fr\/produkt\/vw-passat-rueckleuchte-links-6\/","title":{"rendered":"VW Passat  R\u00fcckleuchte links"},"content":{"rendered":"<p><span><b>Technische Daten<\/b><\/p>\n<p> Fahrzeug: VW Passat<br \/>\n Chassis Nr.: WVWZZZ3CZKE200461<br \/>\n Baujahr: 2019<br \/>\n Kilometer: 164234 KM<br \/>\n Leistung: 190 KW<br \/>\n Hubraum: 1968 ccm<br \/>\n Typ: 1VJ334<br \/>\n Farbcode: silber<br \/>\n Hinweise: &#8211;<\/p>\n<p> Versand: Versand nur in der Schweiz m\u00f6glich.Im Ausland ist der Transport k\u00e4uferseits.<br \/>\n Garantie: 3 Monate Garantie. Bitte beachten Sie, dass die Gew\u00e4hrleistung nur g\u00fcltig ist, wenn der Ersatzteileinbau durch eine Fachwerkstatt\/Meisterwerkstatt erfolgt. Das Ein- und Ausbau des Ersatzteiles kann nicht an uns verrechnet werden. <\/p>\n<p> Ersatzteil: f\u00fcr andere Fahrzeugen (Marken) verf\u00fcgbar auf anfrage. Tel.041 980 27 47. Mobil. 076 589 27 47<\/p>\n<p> Kontakt<br \/>\n  Adresse: Autoverwertung Brun AG<br \/>\n           M\u00f6\u00f6slimatten 13<br \/>\n           6218 Ettiswil<br \/>\n  Telefon: 0041 (041) 980 27 47<br \/>\n  Telefax: 0041 (041) 980 03 47<\/p>\n<p> Wir bieten Ihnen weitere gebrauchte Autoteile zum Kauf an.<br \/>\n Tags: R\u00fcckleuchte links,  Tail light links, Feu arrie`re gauche<br \/>\n<\/span><\/p>\n","protected":false},"excerpt":{"rendered":"<p>Technische Daten Fahrzeug: VW Passat Chassis Nr.: WVWZZZ3CZKE200461 Baujahr: 2019 Kilometer: 164234 KM Leistung: 190 KW Hubraum: 1968 ccm Typ: 1VJ334 Farbcode: silber Hinweise: &#8211; Versand: Versand nur in der Schweiz m\u00f6glich.Im Ausland ist der Transport k\u00e4uferseits. Garantie: 3 Monate Garantie. Bitte beachten Sie, dass die Gew\u00e4hrleistung nur g\u00fcltig ist, wenn der Ersatzteileinbau durch eine&hellip; <a class=\"more-link\" href=\"https:\/\/occasions-teile.ch\/fr\/produkt\/vw-passat-rueckleuchte-links-6\/\">Poursuivre la lecture <span class=\"screen-reader-text\">VW Passat  R\u00fcckleuchte links<\/span><\/a><\/p>\n","protected":false},"featured_media":309447,"template":"","meta":[],"product_brand":[],"product_cat":[21430,23765,524,527,1125,1126,521,1299,1301,1303,1121,1122,1124,1123,1286,1280,1283,9422,9423,9184],"product_tag":[],"class_list":{"0":"post-309450","1":"product","2":"type-product","3":"status-publish","4":"has-post-thumbnail","6":"product_cat-de-b8-variant-de_passat-de_volkswagen-manufacturer-129","7":"product_cat-de-b8-variant-de_passat-de_volkswagen-manufacturer-136","8":"product_cat-en-body-rear","9":"product_cat-fr-carrosserie-arriere","10":"product_cat-fr-feu-arriere","11":"product_cat-fr-feu-arriere-gauche","12":"product_cat-de-karosserie-heck","13":"product_cat-de_passat","14":"product_cat-en_passat","15":"product_cat-fr_passat","16":"product_cat-de-rueckleuchte","17":"product_cat-de-rueckleuchte-links","18":"product_cat-en-tail-light-links","19":"product_cat-en-taillight","20":"product_cat-fr_volkswagen","21":"product_cat-de_volkswagen","22":"product_cat-en_volkswagen","23":"product_cat-en-wvwzzz3czke200461-200000257","24":"product_cat-fr-wvwzzz3czke200461-200000257","25":"product_cat-de-wvwzzz3czke200461-200000257","26":"product_shipping_class-tarif-1","27":"entry","29":"first","30":"instock","31":"taxable","32":"shipping-taxable","33":"purchasable","34":"product-type-simple"},"jetpack_sharing_enabled":true,"_links":{"self":[{"href":"https:\/\/occasions-teile.ch\/fr\/wp-json\/wp\/v2\/product\/309450","targetHints":{"allow":["GET"]}}],"collection":[{"href":"https:\/\/occasions-teile.ch\/fr\/wp-json\/wp\/v2\/product"}],"about":[{"href":"https:\/\/occasions-teile.ch\/fr\/wp-json\/wp\/v2\/types\/product"}],"wp:featuredmedia":[{"embeddable":true,"href":"https:\/\/occasions-teile.ch\/fr\/wp-json\/wp\/v2\/media\/309447"}],"wp:attachment":[{"href":"https:\/\/occasions-teile.ch\/fr\/wp-json\/wp\/v2\/media?parent=309450"}],"wp:term":[{"taxonomy":"product_brand","embeddable":true,"href":"https:\/\/occasions-teile.ch\/fr\/wp-json\/wp\/v2\/product_brand?post=309450"},{"taxonomy":"product_cat","embeddable":true,"href":"https:\/\/occasions-teile.ch\/fr\/wp-json\/wp\/v2\/product_cat?post=309450"},{"taxonomy":"product_tag","embeddable":true,"href":"https:\/\/occasions-teile.ch\/fr\/wp-json\/wp\/v2\/product_tag?post=309450"}],"curies":[{"name":"wp","href":"https:\/\/api.w.org\/{rel}","templated":true}]}}