{"id":308887,"date":"2024-05-01T14:24:28","date_gmt":"2024-05-01T14:24:28","guid":{"rendered":"https:\/\/occasions-teile.ch\/product\/opel-insignia-kraftstoffpumpe-tankgeber\/"},"modified":"2024-05-24T07:23:06","modified_gmt":"2024-05-24T07:23:06","slug":"opel-insignia-kraftstoffpumpe-tankgeber","status":"publish","type":"product","link":"https:\/\/occasions-teile.ch\/fr\/produkt\/opel-insignia-kraftstoffpumpe-tankgeber\/","title":{"rendered":"Opel Insignia  Kraftstoffpumpe Tankgeber"},"content":{"rendered":"<p><span><b>Technische Daten<\/b><\/p>\n<p> Fahrzeug: Opel Insignia<br \/>\n Chassis Nr.: W0LGS8EU7E1186199<br \/>\n Baujahr: 2014<br \/>\n Kilometer: 105888 KM<br \/>\n Leistung: 250 KW<br \/>\n Hubraum: 1998 ccm<br \/>\n Typ: 1OC158<br \/>\n Farbcode: grau<br \/>\n Hinweise: &#8211;<\/p>\n<p> Versand: Versand nur in der Schweiz m\u00f6glich.Im Ausland ist der Transport k\u00e4uferseits.<br \/>\n Garantie: 3 Monate Garantie. Bitte beachten Sie, dass die Gew\u00e4hrleistung nur g\u00fcltig ist, wenn der Ersatzteileinbau durch eine Fachwerkstatt\/Meisterwerkstatt erfolgt. Das Ein- und Ausbau des Ersatzteiles kann nicht an uns verrechnet werden. <\/p>\n<p> Ersatzteil: f\u00fcr andere Fahrzeugen (Marken) verf\u00fcgbar auf anfrage. Tel.041 980 27 47. Mobil. 076 589 27 47<\/p>\n<p> Kontakt<br \/>\n  Adresse: Autoverwertung Brun AG<br \/>\n           M\u00f6\u00f6slimatten 13<br \/>\n           6218 Ettiswil<br \/>\n  Telefon: 0041 (041) 980 27 47<br \/>\n  Telefax: 0041 (041) 980 03 47<\/p>\n<p> Wir bieten Ihnen weitere gebrauchte Autoteile zum Kauf an.<br \/>\n Tags: Kraftstoffpumpe Tankgeber, Fuel pump\/tank sender, Pompe a` carburant\/re\u00b4servoir<br \/>\n<\/span><\/p>\n","protected":false},"excerpt":{"rendered":"<p>Technische Daten Fahrzeug: Opel Insignia Chassis Nr.: W0LGS8EU7E1186199 Baujahr: 2014 Kilometer: 105888 KM Leistung: 250 KW Hubraum: 1998 ccm Typ: 1OC158 Farbcode: grau Hinweise: &#8211; Versand: Versand nur in der Schweiz m\u00f6glich.Im Ausland ist der Transport k\u00e4uferseits. Garantie: 3 Monate Garantie. Bitte beachten Sie, dass die Gew\u00e4hrleistung nur g\u00fcltig ist, wenn der Ersatzteileinbau durch eine&hellip; <a class=\"more-link\" href=\"https:\/\/occasions-teile.ch\/fr\/produkt\/opel-insignia-kraftstoffpumpe-tankgeber\/\">Poursuivre la lecture <span class=\"screen-reader-text\">Opel Insignia  Kraftstoffpumpe Tankgeber<\/span><\/a><\/p>\n","protected":false},"featured_media":308884,"template":"","meta":[],"product_brand":[],"product_cat":[6122,6371,21292,23546,1869,1869,1869,6371,6122,497,497,497,616,616,616,6371,6122,1868,1868,1868],"product_tag":[],"class_list":{"0":"post-308887","1":"product","2":"type-product","3":"status-publish","4":"has-post-thumbnail","6":"product_cat-en-air-fuel-system-motor","7":"product_cat-en-fuel-pump-tank-sender-luft-kraftstoffsystem","8":"product_cat-de-g09-2-0-turbo-4x4-de_insignia-de_opel-manufacturer-17","9":"product_cat-de-g09-2-0-turbo-4x4-de_insignia-de_opel-manufacturer-18","10":"product_cat-en_insignia","15":"product_cat-en-motor","18":"product_cat-en_opel","23":"product_cat-en-w0lgs8eu7e1186199","26":"product_shipping_class-tarif-1-en","27":"entry","29":"first","30":"instock","31":"taxable","32":"shipping-taxable","33":"purchasable","34":"product-type-simple"},"jetpack_sharing_enabled":true,"_links":{"self":[{"href":"https:\/\/occasions-teile.ch\/fr\/wp-json\/wp\/v2\/product\/308887","targetHints":{"allow":["GET"]}}],"collection":[{"href":"https:\/\/occasions-teile.ch\/fr\/wp-json\/wp\/v2\/product"}],"about":[{"href":"https:\/\/occasions-teile.ch\/fr\/wp-json\/wp\/v2\/types\/product"}],"wp:featuredmedia":[{"embeddable":true,"href":"https:\/\/occasions-teile.ch\/fr\/wp-json\/wp\/v2\/media\/308884"}],"wp:attachment":[{"href":"https:\/\/occasions-teile.ch\/fr\/wp-json\/wp\/v2\/media?parent=308887"}],"wp:term":[{"taxonomy":"product_brand","embeddable":true,"href":"https:\/\/occasions-teile.ch\/fr\/wp-json\/wp\/v2\/product_brand?post=308887"},{"taxonomy":"product_cat","embeddable":true,"href":"https:\/\/occasions-teile.ch\/fr\/wp-json\/wp\/v2\/product_cat?post=308887"},{"taxonomy":"product_tag","embeddable":true,"href":"https:\/\/occasions-teile.ch\/fr\/wp-json\/wp\/v2\/product_tag?post=308887"}],"curies":[{"name":"wp","href":"https:\/\/api.w.org\/{rel}","templated":true}]}}