{"id":308806,"date":"2024-05-01T13:09:54","date_gmt":"2024-05-01T13:09:54","guid":{"rendered":"https:\/\/occasions-teile.ch\/product\/audi-a3-ventile-sensoren-luftversorgung\/"},"modified":"2024-05-27T22:11:15","modified_gmt":"2024-05-27T22:11:15","slug":"audi-a3-ventile-sensoren-luftversorgung","status":"publish","type":"product","link":"https:\/\/occasions-teile.ch\/fr\/produkt\/audi-a3-ventile-sensoren-luftversorgung\/","title":{"rendered":"Audi A3  Ventile&amp; Sensoren Luftversorgung"},"content":{"rendered":"<p><span><b>Technische Daten<\/b><\/p>\n<p> Fahrzeug: Audi A3<br \/>\n Chassis Nr.: WAUZZZ8V8E1011523<br \/>\n Baujahr: 2014<br \/>\n Kilometer: 185000 KM<br \/>\n Leistung: 150 KW<br \/>\n Hubraum: 1968 ccm<br \/>\n Typ: X<br \/>\n Farbcode: silber<br \/>\n Hinweise: &#8211;<\/p>\n<p> Versand: Versand nur in der Schweiz m\u00f6glich.Im Ausland ist der Transport k\u00e4uferseits.<br \/>\n Garantie: 3 Monate Garantie. Bitte beachten Sie, dass die Gew\u00e4hrleistung nur g\u00fcltig ist, wenn der Ersatzteileinbau durch eine Fachwerkstatt\/Meisterwerkstatt erfolgt. Das Ein- und Ausbau des Ersatzteiles kann nicht an uns verrechnet werden. <\/p>\n<p> Ersatzteil: f\u00fcr andere Fahrzeugen (Marken) verf\u00fcgbar auf anfrage. Tel.041 980 27 47. Mobil. 076 589 27 47<\/p>\n<p> Kontakt<br \/>\n  Adresse: Autoverwertung Brun AG<br \/>\n           M\u00f6\u00f6slimatten 13<br \/>\n           6218 Ettiswil<br \/>\n  Telefon: 0041 (041) 980 27 47<br \/>\n  Telefax: 0041 (041) 980 03 47<\/p>\n<p> Wir bieten Ihnen weitere gebrauchte Autoteile zum Kauf an.<br \/>\n Tags: Ventile&amp; Sensoren Luftversorgung, Valves&amp; Sensors Air supply , Vannes&amp; Capteurs Alimentation en air<br \/>\n<\/span><\/p>\n","protected":false},"excerpt":{"rendered":"<p>Technische Daten Fahrzeug: Audi A3 Chassis Nr.: WAUZZZ8V8E1011523 Baujahr: 2014 Kilometer: 185000 KM Leistung: 150 KW Hubraum: 1968 ccm Typ: X Farbcode: silber Hinweise: &#8211; Versand: Versand nur in der Schweiz m\u00f6glich.Im Ausland ist der Transport k\u00e4uferseits. Garantie: 3 Monate Garantie. Bitte beachten Sie, dass die Gew\u00e4hrleistung nur g\u00fcltig ist, wenn der Ersatzteileinbau durch eine&hellip; <a class=\"more-link\" href=\"https:\/\/occasions-teile.ch\/fr\/produkt\/audi-a3-ventile-sensoren-luftversorgung\/\">Poursuivre la lecture <span class=\"screen-reader-text\">Audi A3  Ventile&amp; Sensoren Luftversorgung<\/span><\/a><\/p>\n","protected":false},"featured_media":308803,"template":"","meta":[],"product_brand":[],"product_cat":[21271,23729,2139,2141,2143,6122,458,461,464,6121,500,494,497,6123,6380,6381,6379,2140,2142,2138],"product_tag":[],"class_list":{"0":"post-308806","1":"product","2":"type-product","3":"status-publish","4":"has-post-thumbnail","6":"product_cat-de-8v-2-0tdi-de_a3-de_audi-manufacturer-16","7":"product_cat-de-8v-2-0tdi-de_a3-de_audi-manufacturer-17","8":"product_cat-de_a3","9":"product_cat-en_a3","10":"product_cat-fr_a3","11":"product_cat-en-air-fuel-system-motor","12":"product_cat-de_audi","13":"product_cat-en_audi","14":"product_cat-fr_audi","15":"product_cat-de-luft-kraftstoffsystem-motor","16":"product_cat-fr-moteur","17":"product_cat-de-motor","18":"product_cat-en-motor","19":"product_cat-fr-systeme-de-carburant-a-air-motor","20":"product_cat-en-valves-sensors-air-supply-luft-kraftstoffsystem","21":"product_cat-fr-vannes-capteurs-alimentation-en-air-luft-kraftstoffsystem","22":"product_cat-de-ventile-sensoren-luftversorgung-luft-kraftstoffsystem","23":"product_cat-en-wauzzz8v8e1011523-20000178","24":"product_cat-fr-wauzzz8v8e1011523-20000178","25":"product_cat-de-wauzzz8v8e1011523-20000178","26":"product_shipping_class-tarif-1","27":"entry","29":"first","30":"instock","31":"taxable","32":"shipping-taxable","33":"purchasable","34":"product-type-simple"},"jetpack_sharing_enabled":true,"_links":{"self":[{"href":"https:\/\/occasions-teile.ch\/fr\/wp-json\/wp\/v2\/product\/308806","targetHints":{"allow":["GET"]}}],"collection":[{"href":"https:\/\/occasions-teile.ch\/fr\/wp-json\/wp\/v2\/product"}],"about":[{"href":"https:\/\/occasions-teile.ch\/fr\/wp-json\/wp\/v2\/types\/product"}],"wp:featuredmedia":[{"embeddable":true,"href":"https:\/\/occasions-teile.ch\/fr\/wp-json\/wp\/v2\/media\/308803"}],"wp:attachment":[{"href":"https:\/\/occasions-teile.ch\/fr\/wp-json\/wp\/v2\/media?parent=308806"}],"wp:term":[{"taxonomy":"product_brand","embeddable":true,"href":"https:\/\/occasions-teile.ch\/fr\/wp-json\/wp\/v2\/product_brand?post=308806"},{"taxonomy":"product_cat","embeddable":true,"href":"https:\/\/occasions-teile.ch\/fr\/wp-json\/wp\/v2\/product_cat?post=308806"},{"taxonomy":"product_tag","embeddable":true,"href":"https:\/\/occasions-teile.ch\/fr\/wp-json\/wp\/v2\/product_tag?post=308806"}],"curies":[{"name":"wp","href":"https:\/\/api.w.org\/{rel}","templated":true}]}}