{"id":308802,"date":"2024-05-01T13:06:06","date_gmt":"2024-05-01T13:06:06","guid":{"rendered":"https:\/\/occasions-teile.ch\/product\/kia-sorento-steuergeraet-2\/"},"modified":"2024-05-24T20:10:05","modified_gmt":"2024-05-24T20:10:05","slug":"kia-sorento-steuergeraet-2","status":"publish","type":"product","link":"https:\/\/occasions-teile.ch\/fr\/produkt\/kia-sorento-steuergeraet-2\/","title":{"rendered":"Kia Sorento  Steuerger\u00e4t"},"content":{"rendered":"<p><span><b>Technische Daten<\/b><\/p>\n<p> Fahrzeug: Kia Sorento<br \/>\n Chassis Nr.: KNAKU814DA5104284<br \/>\n Baujahr: 2011<br \/>\n Kilometer: 166392 KM<br \/>\n Leistung: 197 KW<br \/>\n Hubraum: 2199 ccm<br \/>\n Typ: 1ka251<br \/>\n Farbcode: silber<br \/>\n Hinweise: &#8211;<\/p>\n<p> Versand: Versand nur in der Schweiz m\u00f6glich.Im Ausland ist der Transport k\u00e4uferseits.<br \/>\n Garantie: 3 Monate Garantie. Bitte beachten Sie, dass die Gew\u00e4hrleistung nur g\u00fcltig ist, wenn der Ersatzteileinbau durch eine Fachwerkstatt\/Meisterwerkstatt erfolgt. Das Ein- und Ausbau des Ersatzteiles kann nicht an uns verrechnet werden. <\/p>\n<p> Ersatzteil: f\u00fcr andere Fahrzeugen (Marken) verf\u00fcgbar auf anfrage. Tel.041 980 27 47. Mobil. 076 589 27 47<\/p>\n<p> Kontakt<br \/>\n  Adresse: Autoverwertung Brun AG<br \/>\n           M\u00f6\u00f6slimatten 13<br \/>\n           6218 Ettiswil<br \/>\n  Telefon: 0041 (041) 980 27 47<br \/>\n  Telefax: 0041 (041) 980 03 47<\/p>\n<p> Wir bieten Ihnen weitere gebrauchte Autoteile zum Kauf an.<br \/>\n Tags: Steuerger\u00e4t, control unit, Unit\u00e9 de contr\u00f4le<br \/>\n<\/span><\/p>\n","protected":false},"excerpt":{"rendered":"<p>Technische Daten Fahrzeug: Kia Sorento Chassis Nr.: KNAKU814DA5104284 Baujahr: 2011 Kilometer: 166392 KM Leistung: 197 KW Hubraum: 2199 ccm Typ: 1ka251 Farbcode: silber Hinweise: &#8211; Versand: Versand nur in der Schweiz m\u00f6glich.Im Ausland ist der Transport k\u00e4uferseits. Garantie: 3 Monate Garantie. Bitte beachten Sie, dass die Gew\u00e4hrleistung nur g\u00fcltig ist, wenn der Ersatzteileinbau durch eine&hellip; <a class=\"more-link\" href=\"https:\/\/occasions-teile.ch\/fr\/produkt\/kia-sorento-steuergeraet-2\/\">Poursuivre la lecture <span class=\"screen-reader-text\">Kia Sorento  Steuerger\u00e4t<\/span><\/a><\/p>\n","protected":false},"featured_media":308799,"template":"","meta":[],"product_brand":[],"product_cat":[21270,23587,1253,6303,627,627,627,1253,1253,589,589,589,1982,1982,1982,1983,1983,1983,6303,6303],"product_tag":[],"class_list":{"0":"post-308802","1":"product","2":"type-product","3":"status-publish","4":"has-post-thumbnail","6":"product_cat-de-2-2-2-crdi-4wd-de_sorento-de_kia-manufacturer-29","7":"product_cat-de-2-2-2-crdi-4wd-de_sorento-de_kia-manufacturer-38","8":"product_cat-fr-faisceaux-de-cablesjeux-de-cables","9":"product_cat-fr-unite-de-controle-kabelbaeumeleitungssaetze","10":"product_cat-fr-electricite-dispositifs-de-commande","15":"product_cat-fr_kia","18":"product_cat-fr-knaku814da5104284","21":"product_cat-fr_sorento","26":"product_shipping_class-tarif-1-fr","27":"entry","29":"first","30":"instock","31":"taxable","32":"shipping-taxable","33":"purchasable","34":"product-type-simple"},"jetpack_sharing_enabled":true,"_links":{"self":[{"href":"https:\/\/occasions-teile.ch\/fr\/wp-json\/wp\/v2\/product\/308802","targetHints":{"allow":["GET"]}}],"collection":[{"href":"https:\/\/occasions-teile.ch\/fr\/wp-json\/wp\/v2\/product"}],"about":[{"href":"https:\/\/occasions-teile.ch\/fr\/wp-json\/wp\/v2\/types\/product"}],"wp:featuredmedia":[{"embeddable":true,"href":"https:\/\/occasions-teile.ch\/fr\/wp-json\/wp\/v2\/media\/308799"}],"wp:attachment":[{"href":"https:\/\/occasions-teile.ch\/fr\/wp-json\/wp\/v2\/media?parent=308802"}],"wp:term":[{"taxonomy":"product_brand","embeddable":true,"href":"https:\/\/occasions-teile.ch\/fr\/wp-json\/wp\/v2\/product_brand?post=308802"},{"taxonomy":"product_cat","embeddable":true,"href":"https:\/\/occasions-teile.ch\/fr\/wp-json\/wp\/v2\/product_cat?post=308802"},{"taxonomy":"product_tag","embeddable":true,"href":"https:\/\/occasions-teile.ch\/fr\/wp-json\/wp\/v2\/product_tag?post=308802"}],"curies":[{"name":"wp","href":"https:\/\/api.w.org\/{rel}","templated":true}]}}