{"id":308692,"date":"2024-05-01T11:24:24","date_gmt":"2024-05-01T11:24:24","guid":{"rendered":"https:\/\/occasions-teile.ch\/product\/bmw-7-serien-735-behaelter-waschanlage\/"},"modified":"2024-05-29T12:25:55","modified_gmt":"2024-05-29T12:25:55","slug":"bmw-7-serien-735-behaelter-waschanlage","status":"publish","type":"product","link":"https:\/\/occasions-teile.ch\/fr\/produkt\/bmw-7-serien-735-behaelter-waschanlage\/","title":{"rendered":"BMW 7-serien 735 Beh\u00e4lter Waschanlage"},"content":{"rendered":"<p><span><b>Technische Daten<\/b><\/p>\n<p> Fahrzeug: BMW 7-serien 735<br \/>\n Chassis Nr.: WBAGL41050DL94225<br \/>\n Baujahr: 2002<br \/>\n Kilometer: 185987 KM<br \/>\n Leistung: 272 KW<br \/>\n Hubraum: 3600 ccm<br \/>\n Typ: 1BB155<br \/>\n Farbcode: Green<br \/>\n Hinweise: &#8211;<\/p>\n<p> Versand: Versand nur in der Schweiz m\u00f6glich.Im Ausland ist der Transport k\u00e4uferseits.<br \/>\n Garantie: 3 Monate Garantie. Bitte beachten Sie, dass die Gew\u00e4hrleistung nur g\u00fcltig ist, wenn der Ersatzteileinbau durch eine Fachwerkstatt\/Meisterwerkstatt erfolgt. Das Ein- und Ausbau des Ersatzteiles kann nicht an uns verrechnet werden. <\/p>\n<p> Ersatzteil: f\u00fcr andere Fahrzeugen (Marken) verf\u00fcgbar auf anfrage. Tel.041 980 27 47. Mobil. 076 589 27 47<\/p>\n<p> Kontakt<br \/>\n  Adresse: Autoverwertung Brun AG<br \/>\n           M\u00f6\u00f6slimatten 13<br \/>\n           6218 Ettiswil<br \/>\n  Telefon: 0041 (041) 980 27 47<br \/>\n  Telefax: 0041 (041) 980 03 47<\/p>\n<p> Wir bieten Ihnen weitere gebrauchte Autoteile zum Kauf an.<br \/>\n Tags: Beh\u00e4lter Waschanlage, Container Washer, Syste`me de lavage de re\u00b4cipients<br \/>\n<\/span><\/p>\n","protected":false},"excerpt":{"rendered":"<p>Technische Daten Fahrzeug: BMW 7-serien 735 Chassis Nr.: WBAGL41050DL94225 Baujahr: 2002 Kilometer: 185987 KM Leistung: 272 KW Hubraum: 3600 ccm Typ: 1BB155 Farbcode: Green Hinweise: &#8211; Versand: Versand nur in der Schweiz m\u00f6glich.Im Ausland ist der Transport k\u00e4uferseits. Garantie: 3 Monate Garantie. Bitte beachten Sie, dass die Gew\u00e4hrleistung nur g\u00fcltig ist, wenn der Ersatzteileinbau durch&hellip; <a class=\"more-link\" href=\"https:\/\/occasions-teile.ch\/fr\/produkt\/bmw-7-serien-735-behaelter-waschanlage\/\">Poursuivre la lecture <span class=\"screen-reader-text\">BMW 7-serien 735 Beh\u00e4lter Waschanlage<\/span><\/a><\/p>\n","protected":false},"featured_media":308689,"template":"","meta":[],"product_brand":[],"product_cat":[4908,4908,4908,1172,1171,1512,1512,1512,1172,1171,21243,23832,672,672,1171,1172,6999,6999,6999,672],"product_tag":[],"class_list":{"0":"post-308692","1":"product","2":"type-product","3":"status-publish","4":"has-post-thumbnail","6":"product_cat-en_slug_bmw_7-serien-735_586","9":"product_cat-en-container-washer","10":"product_cat-en-containerwasher","11":"product_cat-en_bmw","16":"product_cat-de-e65-v8-de_slug_bmw_7-serien-735_796-de_bmw-manufacturer-105","17":"product_cat-de-e65-v8-de_slug_bmw_7-serien-735_796-de_bmw-manufacturer-108","18":"product_cat-en-window-cleaning","22":"product_cat-en-wbagl41050dl94225-200000231","26":"product_shipping_class-tarif-1-en","27":"entry","29":"first","30":"instock","31":"taxable","32":"shipping-taxable","33":"purchasable","34":"product-type-simple"},"jetpack_sharing_enabled":true,"_links":{"self":[{"href":"https:\/\/occasions-teile.ch\/fr\/wp-json\/wp\/v2\/product\/308692","targetHints":{"allow":["GET"]}}],"collection":[{"href":"https:\/\/occasions-teile.ch\/fr\/wp-json\/wp\/v2\/product"}],"about":[{"href":"https:\/\/occasions-teile.ch\/fr\/wp-json\/wp\/v2\/types\/product"}],"wp:featuredmedia":[{"embeddable":true,"href":"https:\/\/occasions-teile.ch\/fr\/wp-json\/wp\/v2\/media\/308689"}],"wp:attachment":[{"href":"https:\/\/occasions-teile.ch\/fr\/wp-json\/wp\/v2\/media?parent=308692"}],"wp:term":[{"taxonomy":"product_brand","embeddable":true,"href":"https:\/\/occasions-teile.ch\/fr\/wp-json\/wp\/v2\/product_brand?post=308692"},{"taxonomy":"product_cat","embeddable":true,"href":"https:\/\/occasions-teile.ch\/fr\/wp-json\/wp\/v2\/product_cat?post=308692"},{"taxonomy":"product_tag","embeddable":true,"href":"https:\/\/occasions-teile.ch\/fr\/wp-json\/wp\/v2\/product_tag?post=308692"}],"curies":[{"name":"wp","href":"https:\/\/api.w.org\/{rel}","templated":true}]}}