{"id":308616,"date":"2024-05-01T10:02:26","date_gmt":"2024-05-01T10:02:26","guid":{"rendered":"https:\/\/occasions-teile.ch\/product\/jeep-grand-cherokee-schlaeuche-rohre-ladeluftschlauch-2\/"},"modified":"2024-05-24T19:09:49","modified_gmt":"2024-05-24T19:09:49","slug":"jeep-grand-cherokee-schlaeuche-rohre-ladeluftschlauch-2","status":"publish","type":"product","link":"https:\/\/occasions-teile.ch\/fr\/produkt\/jeep-grand-cherokee-schlaeuche-rohre-ladeluftschlauch-2\/","title":{"rendered":"Jeep Grand Cherokee  Schl\u00e4uche Rohre Ladeluftschlauch"},"content":{"rendered":"<p><span><b>Technische Daten<\/b><\/p>\n<p> Fahrzeug: Jeep Grand Cherokee<br \/>\n Chassis Nr.: 1C4RJFAM8EC342603<br \/>\n Baujahr: 2014<br \/>\n Kilometer: 178216 KM<br \/>\n Leistung: 250 KW<br \/>\n Hubraum: 2987 ccm<br \/>\n Typ: X<br \/>\n Farbcode: blau<br \/>\n Hinweise: &#8211;<\/p>\n<p> Versand: Versand nur in der Schweiz m\u00f6glich.Im Ausland ist der Transport k\u00e4uferseits.<br \/>\n Garantie: 3 Monate Garantie. Bitte beachten Sie, dass die Gew\u00e4hrleistung nur g\u00fcltig ist, wenn der Ersatzteileinbau durch eine Fachwerkstatt\/Meisterwerkstatt erfolgt. Das Ein- und Ausbau des Ersatzteiles kann nicht an uns verrechnet werden. <\/p>\n<p> Ersatzteil: f\u00fcr andere Fahrzeugen (Marken) verf\u00fcgbar auf anfrage. Tel.041 980 27 47. Mobil. 076 589 27 47<\/p>\n<p> Kontakt<br \/>\n  Adresse: Autoverwertung Brun AG<br \/>\n           M\u00f6\u00f6slimatten 13<br \/>\n           6218 Ettiswil<br \/>\n  Telefon: 0041 (041) 980 27 47<br \/>\n  Telefax: 0041 (041) 980 03 47<\/p>\n<p> Wir bieten Ihnen weitere gebrauchte Autoteile zum Kauf an.<br \/>\n Tags: Schl\u00e4uche Rohre Ladeluftschlauch , Hoses&amp; Pipes Charge air , Tuyaux &amp; tubes Air de charge<br \/>\n<\/span><\/p>\n","protected":false},"excerpt":{"rendered":"<p>Technische Daten Fahrzeug: Jeep Grand Cherokee Chassis Nr.: 1C4RJFAM8EC342603 Baujahr: 2014 Kilometer: 178216 KM Leistung: 250 KW Hubraum: 2987 ccm Typ: X Farbcode: blau Hinweise: &#8211; Versand: Versand nur in der Schweiz m\u00f6glich.Im Ausland ist der Transport k\u00e4uferseits. Garantie: 3 Monate Garantie. Bitte beachten Sie, dass die Gew\u00e4hrleistung nur g\u00fcltig ist, wenn der Ersatzteileinbau durch&hellip; <a class=\"more-link\" href=\"https:\/\/occasions-teile.ch\/fr\/produkt\/jeep-grand-cherokee-schlaeuche-rohre-ladeluftschlauch-2\/\">Poursuivre la lecture <span class=\"screen-reader-text\">Jeep Grand Cherokee  Schl\u00e4uche Rohre Ladeluftschlauch<\/span><\/a><\/p>\n","protected":false},"featured_media":308613,"template":"","meta":[],"product_brand":[],"product_cat":[2207,2204,2201,21223,23586,6122,2203,2209,2206,6386,2202,2208,2205,6121,500,494,497,6385,6123,6387],"product_tag":[],"class_list":{"0":"post-308616","1":"product","2":"type-product","3":"status-publish","4":"has-post-thumbnail","6":"product_cat-fr-1c4rjfam8ec342603-20000189","7":"product_cat-en-1c4rjfam8ec342603-20000189","8":"product_cat-de-1c4rjfam8ec342603-20000189","9":"product_cat-de-3-0d-de_grand-cherokee-de_jeep-manufacturer-47","10":"product_cat-de-3-0d-de_grand-cherokee-de_jeep-manufacturer-85","11":"product_cat-en-air-fuel-system-motor","12":"product_cat-de_grand-cherokee","13":"product_cat-fr_grand-cherokee","14":"product_cat-en_grand-cherokee","15":"product_cat-en-hoses-pipes-charge-air-luft-kraftstoffsystem","16":"product_cat-de_jeep","17":"product_cat-fr_jeep","18":"product_cat-en_jeep","19":"product_cat-de-luft-kraftstoffsystem-motor","20":"product_cat-fr-moteur","21":"product_cat-de-motor","22":"product_cat-en-motor","23":"product_cat-de-schlaeuche-rohre-ladeluftschlauch-luft-kraftstoffsystem","24":"product_cat-fr-systeme-de-carburant-a-air-motor","25":"product_cat-fr-tuyaux-tubes-air-de-charge-luft-kraftstoffsystem","26":"product_shipping_class-tarif-1","27":"entry","29":"first","30":"instock","31":"taxable","32":"shipping-taxable","33":"purchasable","34":"product-type-simple"},"jetpack_sharing_enabled":true,"_links":{"self":[{"href":"https:\/\/occasions-teile.ch\/fr\/wp-json\/wp\/v2\/product\/308616","targetHints":{"allow":["GET"]}}],"collection":[{"href":"https:\/\/occasions-teile.ch\/fr\/wp-json\/wp\/v2\/product"}],"about":[{"href":"https:\/\/occasions-teile.ch\/fr\/wp-json\/wp\/v2\/types\/product"}],"wp:featuredmedia":[{"embeddable":true,"href":"https:\/\/occasions-teile.ch\/fr\/wp-json\/wp\/v2\/media\/308613"}],"wp:attachment":[{"href":"https:\/\/occasions-teile.ch\/fr\/wp-json\/wp\/v2\/media?parent=308616"}],"wp:term":[{"taxonomy":"product_brand","embeddable":true,"href":"https:\/\/occasions-teile.ch\/fr\/wp-json\/wp\/v2\/product_brand?post=308616"},{"taxonomy":"product_cat","embeddable":true,"href":"https:\/\/occasions-teile.ch\/fr\/wp-json\/wp\/v2\/product_cat?post=308616"},{"taxonomy":"product_tag","embeddable":true,"href":"https:\/\/occasions-teile.ch\/fr\/wp-json\/wp\/v2\/product_tag?post=308616"}],"curies":[{"name":"wp","href":"https:\/\/api.w.org\/{rel}","templated":true}]}}