{"id":308218,"date":"2024-04-30T13:49:25","date_gmt":"2024-04-30T13:49:25","guid":{"rendered":"https:\/\/occasions-teile.ch\/product\/suzuki-swift-elektroluefter-lueftermotor-kuehler\/"},"modified":"2024-05-26T06:38:44","modified_gmt":"2024-05-26T06:38:44","slug":"suzuki-swift-elektroluefter-lueftermotor-kuehler","status":"publish","type":"product","link":"https:\/\/occasions-teile.ch\/fr\/produkt\/suzuki-swift-elektroluefter-lueftermotor-kuehler\/","title":{"rendered":"Suzuki Swift  Elektrol\u00fcfter L\u00fcftermotor (K\u00fchler)"},"content":{"rendered":"<p><span><b>Technische Daten<\/b><\/p>\n<p> Fahrzeug: Suzuki Swift<br \/>\n Chassis Nr.: JSAAZD53S00252755<br \/>\n Baujahr: 2019<br \/>\n Kilometer: 54348 KM<br \/>\n Leistung: 90 KW<br \/>\n Hubraum: 1242 ccm<br \/>\n Typ: 1SD845<br \/>\n Farbcode: grau<br \/>\n Hinweise: &#8211;<\/p>\n<p> Versand: Versand nur in der Schweiz m\u00f6glich.Im Ausland ist der Transport k\u00e4uferseits.<br \/>\n Garantie: 3 Monate Garantie. Bitte beachten Sie, dass die Gew\u00e4hrleistung nur g\u00fcltig ist, wenn der Ersatzteileinbau durch eine Fachwerkstatt\/Meisterwerkstatt erfolgt. Das Ein- und Ausbau des Ersatzteiles kann nicht an uns verrechnet werden. <\/p>\n<p> Ersatzteil: f\u00fcr andere Fahrzeugen (Marken) verf\u00fcgbar auf anfrage. Tel.041 980 27 47. Mobil. 076 589 27 47<\/p>\n<p> Kontakt<br \/>\n  Adresse: Autoverwertung Brun AG<br \/>\n           M\u00f6\u00f6slimatten 13<br \/>\n           6218 Ettiswil<br \/>\n  Telefon: 0041 (041) 980 27 47<br \/>\n  Telefax: 0041 (041) 980 03 47<\/p>\n<p> Wir bieten Ihnen weitere gebrauchte Autoteile zum Kauf an.<br \/>\n Tags: Elektrol\u00fcfter L\u00fcftermotor (K\u00fchler), Electric fan fan motor (cooler), Pompes a` eau pompes a` eau supple\u00b4mentaires<br \/>\n<\/span><\/p>\n","protected":false},"excerpt":{"rendered":"<p>Technische Daten Fahrzeug: Suzuki Swift Chassis Nr.: JSAAZD53S00252755 Baujahr: 2019 Kilometer: 54348 KM Leistung: 90 KW Hubraum: 1242 ccm Typ: 1SD845 Farbcode: grau Hinweise: &#8211; Versand: Versand nur in der Schweiz m\u00f6glich.Im Ausland ist der Transport k\u00e4uferseits. Garantie: 3 Monate Garantie. Bitte beachten Sie, dass die Gew\u00e4hrleistung nur g\u00fcltig ist, wenn der Ersatzteileinbau durch eine&hellip; <a class=\"more-link\" href=\"https:\/\/occasions-teile.ch\/fr\/produkt\/suzuki-swift-elektroluefter-lueftermotor-kuehler\/\">Poursuivre la lecture <span class=\"screen-reader-text\">Suzuki Swift  Elektrol\u00fcfter L\u00fcftermotor (K\u00fchler)<\/span><\/a><\/p>\n","protected":false},"featured_media":308215,"template":"","meta":[],"product_brand":[],"product_cat":[23643,21075,999,1322,1322,2046,2046,2046,999,494,494,494,1322,999,449,449,449,2047,2047,2047],"product_tag":[],"class_list":{"0":"post-308218","1":"product","2":"type-product","3":"status-publish","4":"has-post-thumbnail","6":"product_cat-de-1-2-allgrip-de_swift-suzuki-manufacturer-26","7":"product_cat-de-1-2-allgrip-de_swift-suzuki-manufacturer-25","8":"product_cat-de-kuehlungmotor","9":"product_cat-de-elektroluefter-lueftermotor-kuehler","11":"product_cat-de-jsaazd53s00252755","15":"product_cat-de-motor","20":"product_cat-suzuki","23":"product_cat-de_swift","26":"product_shipping_class-tarif-1","27":"entry","29":"first","30":"instock","31":"taxable","32":"shipping-taxable","33":"purchasable","34":"product-type-simple"},"jetpack_sharing_enabled":true,"_links":{"self":[{"href":"https:\/\/occasions-teile.ch\/fr\/wp-json\/wp\/v2\/product\/308218","targetHints":{"allow":["GET"]}}],"collection":[{"href":"https:\/\/occasions-teile.ch\/fr\/wp-json\/wp\/v2\/product"}],"about":[{"href":"https:\/\/occasions-teile.ch\/fr\/wp-json\/wp\/v2\/types\/product"}],"wp:featuredmedia":[{"embeddable":true,"href":"https:\/\/occasions-teile.ch\/fr\/wp-json\/wp\/v2\/media\/308215"}],"wp:attachment":[{"href":"https:\/\/occasions-teile.ch\/fr\/wp-json\/wp\/v2\/media?parent=308218"}],"wp:term":[{"taxonomy":"product_brand","embeddable":true,"href":"https:\/\/occasions-teile.ch\/fr\/wp-json\/wp\/v2\/product_brand?post=308218"},{"taxonomy":"product_cat","embeddable":true,"href":"https:\/\/occasions-teile.ch\/fr\/wp-json\/wp\/v2\/product_cat?post=308218"},{"taxonomy":"product_tag","embeddable":true,"href":"https:\/\/occasions-teile.ch\/fr\/wp-json\/wp\/v2\/product_tag?post=308218"}],"curies":[{"name":"wp","href":"https:\/\/api.w.org\/{rel}","templated":true}]}}