{"id":308097,"date":"2024-04-30T11:51:59","date_gmt":"2024-04-30T11:51:59","guid":{"rendered":"https:\/\/occasions-teile.ch\/product\/nissan-350-z-stabilisator-vorne\/"},"modified":"2024-05-23T17:38:57","modified_gmt":"2024-05-23T17:38:57","slug":"nissan-350-z-stabilisator-vorne","status":"publish","type":"product","link":"https:\/\/occasions-teile.ch\/fr\/produkt\/nissan-350-z-stabilisator-vorne\/","title":{"rendered":"Nissan 350 Z  Stabilisator vorne"},"content":{"rendered":"<p><span><b>Technische Daten<\/b><\/p>\n<p> Fahrzeug: Nissan 350 Z<br \/>\n Chassis Nr.: JN1GBAZ33U0311106<br \/>\n Baujahr: 2007<br \/>\n Kilometer: 71856 KM<br \/>\n Leistung: 313 KW<br \/>\n Hubraum: 3498 ccm<br \/>\n Typ: 1NA384<br \/>\n Farbcode: silber<br \/>\n Hinweise: &#8211;<\/p>\n<p> Versand: Versand nur in der Schweiz m\u00f6glich.Im Ausland ist der Transport k\u00e4uferseits.<br \/>\n Garantie: 3 Monate Garantie. Bitte beachten Sie, dass die Gew\u00e4hrleistung nur g\u00fcltig ist, wenn der Ersatzteileinbau durch eine Fachwerkstatt\/Meisterwerkstatt erfolgt. Das Ein- und Ausbau des Ersatzteiles kann nicht an uns verrechnet werden. <\/p>\n<p> Ersatzteil: f\u00fcr andere Fahrzeugen (Marken) verf\u00fcgbar auf anfrage. Tel.041 980 27 47. Mobil. 076 589 27 47<\/p>\n<p> Kontakt<br \/>\n  Adresse: Autoverwertung Brun AG<br \/>\n           M\u00f6\u00f6slimatten 13<br \/>\n           6218 Ettiswil<br \/>\n  Telefon: 0041 (041) 980 27 47<br \/>\n  Telefax: 0041 (041) 980 03 47<\/p>\n<p> Wir bieten Ihnen weitere gebrauchte Autoteile zum Kauf an.<br \/>\n Tags: Stabilisator vorne, Stabilizer front , Stabilisateur avant<br \/>\n<\/span><\/p>\n","protected":false},"excerpt":{"rendered":"<p>Technische Daten Fahrzeug: Nissan 350 Z Chassis Nr.: JN1GBAZ33U0311106 Baujahr: 2007 Kilometer: 71856 KM Leistung: 313 KW Hubraum: 3498 ccm Typ: 1NA384 Farbcode: silber Hinweise: &#8211; Versand: Versand nur in der Schweiz m\u00f6glich.Im Ausland ist der Transport k\u00e4uferseits. Garantie: 3 Monate Garantie. Bitte beachten Sie, dass die Gew\u00e4hrleistung nur g\u00fcltig ist, wenn der Ersatzteileinbau durch&hellip; <a class=\"more-link\" href=\"https:\/\/occasions-teile.ch\/fr\/produkt\/nissan-350-z-stabilisator-vorne\/\">Poursuivre la lecture <span class=\"screen-reader-text\">Nissan 350 Z  Stabilisator vorne<\/span><\/a><\/p>\n","protected":false},"featured_media":308094,"template":"","meta":[],"product_brand":[],"product_cat":[1752,1752,1752,23542,21044,541,541,1750,1750,1750,1751,1751,1751,1552,1553,1552,1553,1552,1553,541],"product_tag":[],"class_list":{"0":"post-308097","1":"product","2":"type-product","3":"status-publish","4":"has-post-thumbnail","6":"product_cat-de_350-z","9":"product_cat-de-350z-coupe-z33-de_350-z-de_nissan-manufacturer-9","10":"product_cat-de-350z-coupe-z33-de_350-z-de_nissan-manufacturer-8","11":"product_cat-de-fahrwerk-lenkung","13":"product_cat-de-jn1gbaz33u0311106","16":"product_cat-de_nissan","19":"product_cat-de-stabilisator","20":"product_cat-de-stabilisator-vorne","26":"product_shipping_class-tarif-1","27":"entry","29":"first","30":"instock","31":"taxable","32":"shipping-taxable","33":"purchasable","34":"product-type-simple"},"jetpack_sharing_enabled":true,"_links":{"self":[{"href":"https:\/\/occasions-teile.ch\/fr\/wp-json\/wp\/v2\/product\/308097","targetHints":{"allow":["GET"]}}],"collection":[{"href":"https:\/\/occasions-teile.ch\/fr\/wp-json\/wp\/v2\/product"}],"about":[{"href":"https:\/\/occasions-teile.ch\/fr\/wp-json\/wp\/v2\/types\/product"}],"wp:featuredmedia":[{"embeddable":true,"href":"https:\/\/occasions-teile.ch\/fr\/wp-json\/wp\/v2\/media\/308094"}],"wp:attachment":[{"href":"https:\/\/occasions-teile.ch\/fr\/wp-json\/wp\/v2\/media?parent=308097"}],"wp:term":[{"taxonomy":"product_brand","embeddable":true,"href":"https:\/\/occasions-teile.ch\/fr\/wp-json\/wp\/v2\/product_brand?post=308097"},{"taxonomy":"product_cat","embeddable":true,"href":"https:\/\/occasions-teile.ch\/fr\/wp-json\/wp\/v2\/product_cat?post=308097"},{"taxonomy":"product_tag","embeddable":true,"href":"https:\/\/occasions-teile.ch\/fr\/wp-json\/wp\/v2\/product_tag?post=308097"}],"curies":[{"name":"wp","href":"https:\/\/api.w.org\/{rel}","templated":true}]}}