{"id":307680,"date":"2024-04-30T05:20:09","date_gmt":"2024-04-30T05:20:09","guid":{"rendered":"https:\/\/occasions-teile.ch\/product\/vw-caddy-achs-hinten-achskoerper-2\/"},"modified":"2025-07-28T13:20:37","modified_gmt":"2025-07-28T13:20:37","slug":"vw-caddy-achs-hinten-achskoerper-2","status":"publish","type":"product","link":"https:\/\/occasions-teile.ch\/fr\/produkt\/vw-caddy-achs-hinten-achskoerper-2\/","title":{"rendered":"VW Caddy  Achs hinten Achsk\u00f6rper"},"content":{"rendered":"<p><b>Technische Daten<\/b><\/p>\n<p>Fahrzeug: VW Caddy<br \/>\nChassis Nr.: WV2ZZZ2KZHX124187<br \/>\nBaujahr: 2017<br \/>\nKilometer: 152041 KM<br \/>\nLeistung: 122 KW<br \/>\nHubraum: 1968 ccm<br \/>\nTyp: 1VF656<br \/>\nFarbcode: White\/Weiss<br \/>\nHinweise: &#8211;<\/p>\n<p>Versand: Versand nur in der Schweiz m\u00f6glich.Im Ausland ist der Transport k\u00e4uferseits.<br \/>\nGarantie: 3 Monate Garantie. Bitte beachten Sie, dass die Gew\u00e4hrleistung nur g\u00fcltig ist, wenn der Ersatzteileinbau durch eine Fachwerkstatt\/Meisterwerkstatt erfolgt. Das Ein- und Ausbau des Ersatzteiles kann nicht an uns verrechnet werden.<\/p>\n<p>Ersatzteil: f\u00fcr andere Fahrzeugen (Marken) verf\u00fcgbar auf anfrage. Tel.041 980 27 47. Mobil. 076 589 27 47<\/p>\n<p>Kontakt<br \/>\nAdresse: Autoverwertung Brun AG<br \/>\nM\u00f6\u00f6slimatten 13<br \/>\n6218 Ettiswil<br \/>\nTelefon: 0041 (041) 980 27 47<br \/>\nTelefax: 0041 (041) 980 03 47<\/p>\n<p>Wir bieten Ihnen weitere gebrauchte Autoteile zum Kauf an.<br \/>\nTags: Achs hinten Achsk\u00f6rper , Rear axlecomplete , Essieu arrie`re complet<\/p>\n","protected":false},"excerpt":{"rendered":"<p>Technische Daten Fahrzeug: VW Caddy Chassis Nr.: WV2ZZZ2KZHX124187 Baujahr: 2017 Kilometer: 152041 KM Leistung: 122 KW Hubraum: 1968 ccm Typ: 1VF656 Farbcode: White\/Weiss Hinweise: &#8211; Versand: Versand nur in der Schweiz m\u00f6glich.Im Ausland ist der Transport k\u00e4uferseits. Garantie: 3 Monate Garantie. Bitte beachten Sie, dass die Gew\u00e4hrleistung nur g\u00fcltig ist, wenn der Ersatzteileinbau durch eine&hellip; <a class=\"more-link\" href=\"https:\/\/occasions-teile.ch\/fr\/produkt\/vw-caddy-achs-hinten-achskoerper-2\/\">Poursuivre la lecture <span class=\"screen-reader-text\">VW Caddy  Achs hinten Achsk\u00f6rper<\/span><\/a><\/p>\n","protected":false},"featured_media":307677,"template":"","meta":[],"product_brand":[],"product_cat":[23556,742,741,1628,541,1280,1627],"product_tag":[],"class_list":{"0":"post-307680","1":"product","2":"type-product","3":"status-publish","4":"has-post-thumbnail","6":"product_cat-de-2-0tdi-de_caddy-de_volkswagen-manufacturer-40","7":"product_cat-de-achs-hinten-achskoerper","8":"product_cat-de-achstraeger-hilfsrahmen","9":"product_cat-de_caddy","10":"product_cat-de-fahrwerk-lenkung","11":"product_cat-de_volkswagen","12":"product_cat-de-wv2zzz2kzhx124187","13":"product_shipping_class-tarif-4","14":"entry","16":"first","17":"instock","18":"taxable","19":"shipping-taxable","20":"purchasable","21":"product-type-simple"},"jetpack_sharing_enabled":true,"_links":{"self":[{"href":"https:\/\/occasions-teile.ch\/fr\/wp-json\/wp\/v2\/product\/307680","targetHints":{"allow":["GET"]}}],"collection":[{"href":"https:\/\/occasions-teile.ch\/fr\/wp-json\/wp\/v2\/product"}],"about":[{"href":"https:\/\/occasions-teile.ch\/fr\/wp-json\/wp\/v2\/types\/product"}],"wp:featuredmedia":[{"embeddable":true,"href":"https:\/\/occasions-teile.ch\/fr\/wp-json\/wp\/v2\/media\/307677"}],"wp:attachment":[{"href":"https:\/\/occasions-teile.ch\/fr\/wp-json\/wp\/v2\/media?parent=307680"}],"wp:term":[{"taxonomy":"product_brand","embeddable":true,"href":"https:\/\/occasions-teile.ch\/fr\/wp-json\/wp\/v2\/product_brand?post=307680"},{"taxonomy":"product_cat","embeddable":true,"href":"https:\/\/occasions-teile.ch\/fr\/wp-json\/wp\/v2\/product_cat?post=307680"},{"taxonomy":"product_tag","embeddable":true,"href":"https:\/\/occasions-teile.ch\/fr\/wp-json\/wp\/v2\/product_tag?post=307680"}],"curies":[{"name":"wp","href":"https:\/\/api.w.org\/{rel}","templated":true}]}}