{"id":307508,"date":"2024-04-30T02:34:04","date_gmt":"2024-04-30T02:34:04","guid":{"rendered":"https:\/\/occasions-teile.ch\/product\/ford-ranger-steuergeraet-ecu\/"},"modified":"2024-05-28T04:48:15","modified_gmt":"2024-05-28T04:48:15","slug":"ford-ranger-steuergeraet-ecu","status":"publish","type":"product","link":"https:\/\/occasions-teile.ch\/fr\/produkt\/ford-ranger-steuergeraet-ecu\/","title":{"rendered":"Ford Ranger  Steuerger\u00e4t (ECU)"},"content":{"rendered":"<p><span><b>Technische Daten<\/b><\/p>\n<p> Fahrzeug: Ford Ranger<br \/>\n Chassis Nr.: 6FPPXXMJ2PHM54701<br \/>\n Baujahr: 2017<br \/>\n Kilometer: 174987 KM<br \/>\n Leistung: 200 KW<br \/>\n Hubraum: 3198 ccm<br \/>\n Typ: 3ff781<br \/>\n Farbcode: White\/Weiss<br \/>\n Hinweise: &#8211;<\/p>\n<p> Versand: Versand nur in der Schweiz m\u00f6glich.Im Ausland ist der Transport k\u00e4uferseits.<br \/>\n Garantie: 3 Monate Garantie. Bitte beachten Sie, dass die Gew\u00e4hrleistung nur g\u00fcltig ist, wenn der Ersatzteileinbau durch eine Fachwerkstatt\/Meisterwerkstatt erfolgt. Das Ein- und Ausbau des Ersatzteiles kann nicht an uns verrechnet werden. <\/p>\n<p> Ersatzteil: f\u00fcr andere Fahrzeugen (Marken) verf\u00fcgbar auf anfrage. Tel.041 980 27 47. Mobil. 076 589 27 47<\/p>\n<p> Kontakt<br \/>\n  Adresse: Autoverwertung Brun AG<br \/>\n           M\u00f6\u00f6slimatten 13<br \/>\n           6218 Ettiswil<br \/>\n  Telefon: 0041 (041) 980 27 47<br \/>\n  Telefax: 0041 (041) 980 03 47<\/p>\n<p> Wir bieten Ihnen weitere gebrauchte Autoteile zum Kauf an.<br \/>\n Tags: Steuerger\u00e4t (ECU), Control unitsforengine (ECU) , Unite\u00b4 de contro^le pour moteur  (ECU)<br \/>\n<\/span><\/p>\n","protected":false},"excerpt":{"rendered":"<p>Technische Daten Fahrzeug: Ford Ranger Chassis Nr.: 6FPPXXMJ2PHM54701 Baujahr: 2017 Kilometer: 174987 KM Leistung: 200 KW Hubraum: 3198 ccm Typ: 3ff781 Farbcode: White\/Weiss Hinweise: &#8211; Versand: Versand nur in der Schweiz m\u00f6glich.Im Ausland ist der Transport k\u00e4uferseits. Garantie: 3 Monate Garantie. Bitte beachten Sie, dass die Gew\u00e4hrleistung nur g\u00fcltig ist, wenn der Ersatzteileinbau durch eine&hellip; <a class=\"more-link\" href=\"https:\/\/occasions-teile.ch\/fr\/produkt\/ford-ranger-steuergeraet-ecu\/\">Poursuivre la lecture <span class=\"screen-reader-text\">Ford Ranger  Steuerger\u00e4t (ECU)<\/span><\/a><\/p>\n","protected":false},"featured_media":307505,"template":"","meta":[],"product_brand":[],"product_cat":[2066,2068,2064,856,854,937,627,624,621,1586,1589,1592,2067,2069,2065,936,852,20898,23739,938],"product_tag":[],"class_list":{"0":"post-307508","1":"product","2":"type-product","3":"status-publish","4":"has-post-thumbnail","6":"product_cat-en-6fppxxmj2phm54701","7":"product_cat-fr-6fppxxmj2phm54701","8":"product_cat-de-6fppxxmj2phm54701","9":"product_cat-fr-appareils-de-commande","10":"product_cat-en-control-units","11":"product_cat-en-control-unitsforengine-ecu","12":"product_cat-fr-electricite-dispositifs-de-commande","13":"product_cat-en-electrics-control-units","14":"product_cat-de-elektrik-steuergeraete","15":"product_cat-de_ford","16":"product_cat-en_ford","17":"product_cat-fr_ford","18":"product_cat-en_ranger","19":"product_cat-fr_ranger","20":"product_cat-de_ranger","21":"product_cat-de-steuergeraet-ecu","22":"product_cat-de-steuergeraete","23":"product_cat-de-tke-3-2-tdci-4x4-de_ranger-de_ford-manufacturer-28","24":"product_cat-de-tke-3-2-tdci-4x4-de_ranger-de_ford-manufacturer-30","25":"product_cat-fr-unite-de-controle-pour-moteur-ecu","26":"product_shipping_class-tarif-1","27":"entry","29":"first","30":"instock","31":"taxable","32":"shipping-taxable","33":"purchasable","34":"product-type-simple"},"jetpack_sharing_enabled":true,"_links":{"self":[{"href":"https:\/\/occasions-teile.ch\/fr\/wp-json\/wp\/v2\/product\/307508","targetHints":{"allow":["GET"]}}],"collection":[{"href":"https:\/\/occasions-teile.ch\/fr\/wp-json\/wp\/v2\/product"}],"about":[{"href":"https:\/\/occasions-teile.ch\/fr\/wp-json\/wp\/v2\/types\/product"}],"wp:featuredmedia":[{"embeddable":true,"href":"https:\/\/occasions-teile.ch\/fr\/wp-json\/wp\/v2\/media\/307505"}],"wp:attachment":[{"href":"https:\/\/occasions-teile.ch\/fr\/wp-json\/wp\/v2\/media?parent=307508"}],"wp:term":[{"taxonomy":"product_brand","embeddable":true,"href":"https:\/\/occasions-teile.ch\/fr\/wp-json\/wp\/v2\/product_brand?post=307508"},{"taxonomy":"product_cat","embeddable":true,"href":"https:\/\/occasions-teile.ch\/fr\/wp-json\/wp\/v2\/product_cat?post=307508"},{"taxonomy":"product_tag","embeddable":true,"href":"https:\/\/occasions-teile.ch\/fr\/wp-json\/wp\/v2\/product_tag?post=307508"}],"curies":[{"name":"wp","href":"https:\/\/api.w.org\/{rel}","templated":true}]}}