{"id":307308,"date":"2024-04-29T23:26:57","date_gmt":"2024-04-29T23:26:57","guid":{"rendered":"https:\/\/occasions-teile.ch\/product\/bmw-3-serien-316-pumpe-waschanlage\/"},"modified":"2024-05-28T18:31:31","modified_gmt":"2024-05-28T18:31:31","slug":"bmw-3-serien-316-pumpe-waschanlage","status":"publish","type":"product","link":"https:\/\/occasions-teile.ch\/fr\/produkt\/bmw-3-serien-316-pumpe-waschanlage\/","title":{"rendered":"BMW 3-serien 316 Pumpe Waschanlage"},"content":{"rendered":"<p><span><b>Technische Daten<\/b><\/p>\n<p> Fahrzeug: BMW 3-serien 316<br \/>\n Chassis Nr.: WBA3K91090F912551<br \/>\n Baujahr: 2014<br \/>\n Kilometer: 135000 KM<br \/>\n Leistung: 116 KW<br \/>\n Hubraum: 1995 ccm<br \/>\n Typ: 1bd874<br \/>\n Farbcode: &#8211;<br \/>\n Hinweise: &#8211;<\/p>\n<p> Versand: Versand nur in der Schweiz m\u00f6glich.Im Ausland ist der Transport k\u00e4uferseits.<br \/>\n Garantie: 3 Monate Garantie. Bitte beachten Sie, dass die Gew\u00e4hrleistung nur g\u00fcltig ist, wenn der Ersatzteileinbau durch eine Fachwerkstatt\/Meisterwerkstatt erfolgt. Das Ein- und Ausbau des Ersatzteiles kann nicht an uns verrechnet werden. <\/p>\n<p> Ersatzteil: f\u00fcr andere Fahrzeugen (Marken) verf\u00fcgbar auf anfrage. Tel.041 980 27 47. Mobil. 076 589 27 47<\/p>\n<p> Kontakt<br \/>\n  Adresse: Autoverwertung Brun AG<br \/>\n           M\u00f6\u00f6slimatten 13<br \/>\n           6218 Ettiswil<br \/>\n  Telefon: 0041 (041) 980 27 47<br \/>\n  Telefax: 0041 (041) 980 03 47<\/p>\n<p> Wir bieten Ihnen weitere gebrauchte Autoteile zum Kauf an.<br \/>\n Tags: Pumpe Waschanlage, Pump Washer, Pompe Syste`me de lavage<br \/>\n<\/span><\/p>\n","protected":false},"excerpt":{"rendered":"<p>Technische Daten Fahrzeug: BMW 3-serien 316 Chassis Nr.: WBA3K91090F912551 Baujahr: 2014 Kilometer: 135000 KM Leistung: 116 KW Hubraum: 1995 ccm Typ: 1bd874 Farbcode: &#8211; Hinweise: &#8211; Versand: Versand nur in der Schweiz m\u00f6glich.Im Ausland ist der Transport k\u00e4uferseits. Garantie: 3 Monate Garantie. Bitte beachten Sie, dass die Gew\u00e4hrleistung nur g\u00fcltig ist, wenn der Ersatzteileinbau durch&hellip; <a class=\"more-link\" href=\"https:\/\/occasions-teile.ch\/fr\/produkt\/bmw-3-serien-316-pumpe-waschanlage\/\">Poursuivre la lecture <span class=\"screen-reader-text\">BMW 3-serien 316 Pumpe Waschanlage<\/span><\/a><\/p>\n","protected":false},"featured_media":307305,"template":"","meta":[],"product_brand":[],"product_cat":[1844,1515,23795,20847,1853,1852,675,1843],"product_tag":[],"class_list":{"0":"post-307308","1":"product","2":"type-product","3":"status-publish","4":"has-post-thumbnail","6":"product_cat-fr_3-serien-316","7":"product_cat-fr_bmw","8":"product_cat-de-f31-d-de_3-serien-316-de_bmw-manufacturer-31","9":"product_cat-de-f31-d-de_3-serien-316-de_bmw-manufacturer-27","10":"product_cat-fr-pompe-systeme-de-lavage","11":"product_cat-fr-pompesysteme-de-lavage","12":"product_cat-fr-nettoyage-des-vitres","13":"product_cat-fr-wba3k91090f912551","14":"product_shipping_class-tarif-1-fr","15":"entry","17":"first","18":"instock","19":"taxable","20":"shipping-taxable","21":"purchasable","22":"product-type-simple"},"jetpack_sharing_enabled":true,"_links":{"self":[{"href":"https:\/\/occasions-teile.ch\/fr\/wp-json\/wp\/v2\/product\/307308","targetHints":{"allow":["GET"]}}],"collection":[{"href":"https:\/\/occasions-teile.ch\/fr\/wp-json\/wp\/v2\/product"}],"about":[{"href":"https:\/\/occasions-teile.ch\/fr\/wp-json\/wp\/v2\/types\/product"}],"wp:featuredmedia":[{"embeddable":true,"href":"https:\/\/occasions-teile.ch\/fr\/wp-json\/wp\/v2\/media\/307305"}],"wp:attachment":[{"href":"https:\/\/occasions-teile.ch\/fr\/wp-json\/wp\/v2\/media?parent=307308"}],"wp:term":[{"taxonomy":"product_brand","embeddable":true,"href":"https:\/\/occasions-teile.ch\/fr\/wp-json\/wp\/v2\/product_brand?post=307308"},{"taxonomy":"product_cat","embeddable":true,"href":"https:\/\/occasions-teile.ch\/fr\/wp-json\/wp\/v2\/product_cat?post=307308"},{"taxonomy":"product_tag","embeddable":true,"href":"https:\/\/occasions-teile.ch\/fr\/wp-json\/wp\/v2\/product_tag?post=307308"}],"curies":[{"name":"wp","href":"https:\/\/api.w.org\/{rel}","templated":true}]}}