{"id":307276,"date":"2024-04-29T22:52:52","date_gmt":"2024-04-29T22:52:52","guid":{"rendered":"https:\/\/occasions-teile.ch\/product\/opel-zafira-querlenker-vorn-rechts\/"},"modified":"2024-05-27T05:44:49","modified_gmt":"2024-05-27T05:44:49","slug":"opel-zafira-querlenker-vorn-rechts","status":"publish","type":"product","link":"https:\/\/occasions-teile.ch\/fr\/produkt\/opel-zafira-querlenker-vorn-rechts\/","title":{"rendered":"Opel Zafira  Querlenker vorn rechts"},"content":{"rendered":"<p><span><b>Technische Daten<\/b><\/p>\n<p> Fahrzeug: Opel Zafira<br \/>\n Chassis Nr.: W0LPE9EN8E2054729<br \/>\n Baujahr: 2014<br \/>\n Kilometer: 152315 KM<br \/>\n Leistung: 165 KW<br \/>\n Hubraum: 1956 ccm<br \/>\n Typ: 1ob627<br \/>\n Farbcode: &#8211;<br \/>\n Hinweise: &#8211;<\/p>\n<p> Versand: Versand nur in der Schweiz m\u00f6glich.Im Ausland ist der Transport k\u00e4uferseits.<br \/>\n Garantie: 3 Monate Garantie. Bitte beachten Sie, dass die Gew\u00e4hrleistung nur g\u00fcltig ist, wenn der Ersatzteileinbau durch eine Fachwerkstatt\/Meisterwerkstatt erfolgt. Das Ein- und Ausbau des Ersatzteiles kann nicht an uns verrechnet werden. <\/p>\n<p> Ersatzteil: f\u00fcr andere Fahrzeugen (Marken) verf\u00fcgbar auf anfrage. Tel.041 980 27 47. Mobil. 076 589 27 47<\/p>\n<p> Kontakt<br \/>\n  Adresse: Autoverwertung Brun AG<br \/>\n           M\u00f6\u00f6slimatten 13<br \/>\n           6218 Ettiswil<br \/>\n  Telefon: 0041 (041) 980 27 47<br \/>\n  Telefax: 0041 (041) 980 03 47<\/p>\n<p> Wir bieten Ihnen weitere gebrauchte Autoteile zum Kauf an.<br \/>\n Tags: Querlenker vorn rechts, Wishbone front right , Bras de suspension avant droit<br \/>\n<\/span><\/p>\n","protected":false},"excerpt":{"rendered":"<p>Technische Daten Fahrzeug: Opel Zafira Chassis Nr.: W0LPE9EN8E2054729 Baujahr: 2014 Kilometer: 152315 KM Leistung: 165 KW Hubraum: 1956 ccm Typ: 1ob627 Farbcode: &#8211; Hinweise: &#8211; Versand: Versand nur in der Schweiz m\u00f6glich.Im Ausland ist der Transport k\u00e4uferseits. Garantie: 3 Monate Garantie. Bitte beachten Sie, dass die Gew\u00e4hrleistung nur g\u00fcltig ist, wenn der Ersatzteileinbau durch eine&hellip; <a class=\"more-link\" href=\"https:\/\/occasions-teile.ch\/fr\/produkt\/opel-zafira-querlenker-vorn-rechts\/\">Poursuivre la lecture <span class=\"screen-reader-text\">Opel Zafira  Querlenker vorn rechts<\/span><\/a><\/p>\n","protected":false},"featured_media":307273,"template":"","meta":[],"product_brand":[],"product_cat":[793,803,20839,23677,544,541,613,616,619,789,801,547,1416,1418,1414,791,802,1419,1415,1417],"product_tag":[],"class_list":{"0":"post-307276","1":"product","2":"type-product","3":"status-publish","4":"has-post-thumbnail","6":"product_cat-fr-bras-de-suspension","7":"product_cat-fr-bras-de-suspension-avant-droit","8":"product_cat-de-c-20dth-de_zafira-de_opel-manufacturer-29","9":"product_cat-de-c-20dth-de_zafira-de_opel-manufacturer-52","10":"product_cat-en-chassis-steering","11":"product_cat-de-fahrwerk-lenkung","12":"product_cat-de_opel","13":"product_cat-en_opel","14":"product_cat-fr_opel","15":"product_cat-de-querlenker","16":"product_cat-de-querlenkervornrechts","17":"product_cat-fr-train-de-roulement-direction","18":"product_cat-en-w0lpe9en8e2054729","19":"product_cat-fr-w0lpe9en8e2054729","20":"product_cat-de-w0lpe9en8e2054729","21":"product_cat-en-wishbone","22":"product_cat-en-wishbone-front-right","23":"product_cat-fr_zafira","24":"product_cat-de_zafira","25":"product_cat-en_zafira","26":"product_shipping_class-tarif-1","27":"entry","29":"first","30":"instock","31":"taxable","32":"shipping-taxable","33":"purchasable","34":"product-type-simple"},"jetpack_sharing_enabled":true,"_links":{"self":[{"href":"https:\/\/occasions-teile.ch\/fr\/wp-json\/wp\/v2\/product\/307276","targetHints":{"allow":["GET"]}}],"collection":[{"href":"https:\/\/occasions-teile.ch\/fr\/wp-json\/wp\/v2\/product"}],"about":[{"href":"https:\/\/occasions-teile.ch\/fr\/wp-json\/wp\/v2\/types\/product"}],"wp:featuredmedia":[{"embeddable":true,"href":"https:\/\/occasions-teile.ch\/fr\/wp-json\/wp\/v2\/media\/307273"}],"wp:attachment":[{"href":"https:\/\/occasions-teile.ch\/fr\/wp-json\/wp\/v2\/media?parent=307276"}],"wp:term":[{"taxonomy":"product_brand","embeddable":true,"href":"https:\/\/occasions-teile.ch\/fr\/wp-json\/wp\/v2\/product_brand?post=307276"},{"taxonomy":"product_cat","embeddable":true,"href":"https:\/\/occasions-teile.ch\/fr\/wp-json\/wp\/v2\/product_cat?post=307276"},{"taxonomy":"product_tag","embeddable":true,"href":"https:\/\/occasions-teile.ch\/fr\/wp-json\/wp\/v2\/product_tag?post=307276"}],"curies":[{"name":"wp","href":"https:\/\/api.w.org\/{rel}","templated":true}]}}