{"id":307180,"date":"2024-04-29T21:07:36","date_gmt":"2024-04-29T21:07:36","guid":{"rendered":"https:\/\/occasions-teile.ch\/product\/nissan-qashqai-wischermotor-vorne\/"},"modified":"2024-05-26T00:18:18","modified_gmt":"2024-05-26T00:18:18","slug":"nissan-qashqai-wischermotor-vorne","status":"publish","type":"product","link":"https:\/\/occasions-teile.ch\/fr\/produkt\/nissan-qashqai-wischermotor-vorne\/","title":{"rendered":"Nissan Qashqai  Wischermotor vorne"},"content":{"rendered":"<p><span><b>Technische Daten<\/b><\/p>\n<p> Fahrzeug: Nissan Qashqai<br \/>\n Chassis Nr.: 3273 YF<br \/>\n Baujahr: 2016<br \/>\n Kilometer: 18600 KM<br \/>\n Leistung: 115 KW<br \/>\n Hubraum: 1197 ccm<br \/>\n Typ: 1NA851<br \/>\n Farbcode: silber<br \/>\n Hinweise: &#8211;<\/p>\n<p> Versand: Versand nur in der Schweiz m\u00f6glich.Im Ausland ist der Transport k\u00e4uferseits.<br \/>\n Garantie: 3 Monate Garantie. Bitte beachten Sie, dass die Gew\u00e4hrleistung nur g\u00fcltig ist, wenn der Ersatzteileinbau durch eine Fachwerkstatt\/Meisterwerkstatt erfolgt. Das Ein- und Ausbau des Ersatzteiles kann nicht an uns verrechnet werden. <\/p>\n<p> Ersatzteil: f\u00fcr andere Fahrzeugen (Marken) verf\u00fcgbar auf anfrage. Tel.041 980 27 47. Mobil. 076 589 27 47<\/p>\n<p> Kontakt<br \/>\n  Adresse: Autoverwertung Brun AG<br \/>\n           M\u00f6\u00f6slimatten 13<br \/>\n           6218 Ettiswil<br \/>\n  Telefon: 0041 (041) 980 27 47<br \/>\n  Telefax: 0041 (041) 980 03 47<\/p>\n<p> Wir bieten Ihnen weitere gebrauchte Autoteile zum Kauf an.<br \/>\n Tags: Wischermotor vorne, Wiper motor front, Moteur d&rsquo;essuie-glace avant<br \/>\n<\/span><\/p>\n","protected":false},"excerpt":{"rendered":"<p>Technische Daten Fahrzeug: Nissan Qashqai Chassis Nr.: 3273 YF Baujahr: 2016 Kilometer: 18600 KM Leistung: 115 KW Hubraum: 1197 ccm Typ: 1NA851 Farbcode: silber Hinweise: &#8211; Versand: Versand nur in der Schweiz m\u00f6glich.Im Ausland ist der Transport k\u00e4uferseits. Garantie: 3 Monate Garantie. Bitte beachten Sie, dass die Gew\u00e4hrleistung nur g\u00fcltig ist, wenn der Ersatzteileinbau durch&hellip; <a class=\"more-link\" href=\"https:\/\/occasions-teile.ch\/fr\/produkt\/nissan-qashqai-wischermotor-vorne\/\">Poursuivre la lecture <span class=\"screen-reader-text\">Nissan Qashqai  Wischermotor vorne<\/span><\/a><\/p>\n","protected":false},"featured_media":307177,"template":"","meta":[],"product_brand":[],"product_cat":[20814,23635,676,677,675,1757,1751,1754,2043,2045,2041,669,2044,2040,2042,672,673,674,670,671],"product_tag":[],"class_list":{"0":"post-307180","1":"product","2":"type-product","3":"status-publish","4":"has-post-thumbnail","6":"product_cat-de-j11-1-2-dig-t-de_qashqai-de_nissan-manufacturer-16","7":"product_cat-de-j11-1-2-dig-t-de_qashqai-de_nissan-manufacturer-19","8":"product_cat-fr-moteur-dessuie-glace-avant","9":"product_cat-fr-moteur-dessuie-glace-avant-fr-moteur-dessuie-glace-avant","10":"product_cat-fr-nettoyage-des-vitres","11":"product_cat-fr_nissan","12":"product_cat-de_nissan","13":"product_cat-en_nissan","14":"product_cat-en_qashqai","15":"product_cat-fr_qashqai","16":"product_cat-de_qashqai","17":"product_cat-de-scheibenreinigung","18":"product_cat-fr-sjndeaj11u1368970","19":"product_cat-de-sjndeaj11u1368970","20":"product_cat-en-sjndeaj11u1368970","21":"product_cat-en-window-cleaning","22":"product_cat-en-wiper-motor-front","23":"product_cat-en-wiper-motor-front-en-wiper-motor-front","24":"product_cat-de-wischermotorvorn","25":"product_cat-de-wischermotorvorn-de-wischermotorvorn","26":"product_shipping_class-tarif-1","27":"entry","29":"first","30":"instock","31":"taxable","32":"shipping-taxable","33":"purchasable","34":"product-type-simple"},"jetpack_sharing_enabled":true,"_links":{"self":[{"href":"https:\/\/occasions-teile.ch\/fr\/wp-json\/wp\/v2\/product\/307180","targetHints":{"allow":["GET"]}}],"collection":[{"href":"https:\/\/occasions-teile.ch\/fr\/wp-json\/wp\/v2\/product"}],"about":[{"href":"https:\/\/occasions-teile.ch\/fr\/wp-json\/wp\/v2\/types\/product"}],"wp:featuredmedia":[{"embeddable":true,"href":"https:\/\/occasions-teile.ch\/fr\/wp-json\/wp\/v2\/media\/307177"}],"wp:attachment":[{"href":"https:\/\/occasions-teile.ch\/fr\/wp-json\/wp\/v2\/media?parent=307180"}],"wp:term":[{"taxonomy":"product_brand","embeddable":true,"href":"https:\/\/occasions-teile.ch\/fr\/wp-json\/wp\/v2\/product_brand?post=307180"},{"taxonomy":"product_cat","embeddable":true,"href":"https:\/\/occasions-teile.ch\/fr\/wp-json\/wp\/v2\/product_cat?post=307180"},{"taxonomy":"product_tag","embeddable":true,"href":"https:\/\/occasions-teile.ch\/fr\/wp-json\/wp\/v2\/product_tag?post=307180"}],"curies":[{"name":"wp","href":"https:\/\/api.w.org\/{rel}","templated":true}]}}