{"id":307132,"date":"2024-04-29T20:16:58","date_gmt":"2024-04-29T20:16:58","guid":{"rendered":"https:\/\/occasions-teile.ch\/product\/vw-golf-wischermotor-hinten-5\/"},"modified":"2024-05-29T02:07:22","modified_gmt":"2024-05-29T02:07:22","slug":"vw-golf-wischermotor-hinten-5","status":"publish","type":"product","link":"https:\/\/occasions-teile.ch\/fr\/produkt\/vw-golf-wischermotor-hinten-5\/","title":{"rendered":"VW Golf  Wischermotor hinten"},"content":{"rendered":"<p><span><b>Technische Daten<\/b><\/p>\n<p> Fahrzeug: VW Golf<br \/>\n Chassis Nr.: WVWZZZCD4PW516854<br \/>\n Baujahr: 2022<br \/>\n Kilometer: 2394 KM<br \/>\n Leistung: 150 KW<br \/>\n Hubraum: 1968 ccm<br \/>\n Typ: 1VQ904<br \/>\n Farbcode: White\/Weiss<br \/>\n Hinweise: &#8211;<\/p>\n<p> Versand: Versand nur in der Schweiz m\u00f6glich.Im Ausland ist der Transport k\u00e4uferseits.<br \/>\n Garantie: 3 Monate Garantie. Bitte beachten Sie, dass die Gew\u00e4hrleistung nur g\u00fcltig ist, wenn der Ersatzteileinbau durch eine Fachwerkstatt\/Meisterwerkstatt erfolgt. Das Ein- und Ausbau des Ersatzteiles kann nicht an uns verrechnet werden. <\/p>\n<p> Ersatzteil: f\u00fcr andere Fahrzeugen (Marken) verf\u00fcgbar auf anfrage. Tel.041 980 27 47. Mobil. 076 589 27 47<\/p>\n<p> Kontakt<br \/>\n  Adresse: Autoverwertung Brun AG<br \/>\n           M\u00f6\u00f6slimatten 13<br \/>\n           6218 Ettiswil<br \/>\n  Telefon: 0041 (041) 980 27 47<br \/>\n  Telefax: 0041 (041) 980 03 47<\/p>\n<p> Wir bieten Ihnen weitere gebrauchte Autoteile zum Kauf an.<br \/>\n Tags: Wischermotor hinten, Wiper motor rear, Arrie`re du moteur d&rsquo;essuie-glace<br \/>\n<\/span><\/p>\n","protected":false},"excerpt":{"rendered":"<p>Technische Daten Fahrzeug: VW Golf Chassis Nr.: WVWZZZCD4PW516854 Baujahr: 2022 Kilometer: 2394 KM Leistung: 150 KW Hubraum: 1968 ccm Typ: 1VQ904 Farbcode: White\/Weiss Hinweise: &#8211; Versand: Versand nur in der Schweiz m\u00f6glich.Im Ausland ist der Transport k\u00e4uferseits. Garantie: 3 Monate Garantie. Bitte beachten Sie, dass die Gew\u00e4hrleistung nur g\u00fcltig ist, wenn der Ersatzteileinbau durch eine&hellip; <a class=\"more-link\" href=\"https:\/\/occasions-teile.ch\/fr\/produkt\/vw-golf-wischermotor-hinten-5\/\">Poursuivre la lecture <span class=\"screen-reader-text\">VW Golf  Wischermotor hinten<\/span><\/a><\/p>\n","protected":false},"featured_media":307129,"template":"","meta":[],"product_brand":[],"product_cat":[23808,20801,681,682,1281,1281,1281,669,669,1280,1280,1280,669,681,682,681,682,2252,2252,2252],"product_tag":[],"class_list":{"0":"post-307132","1":"product","2":"type-product","3":"status-publish","4":"has-post-thumbnail","6":"product_cat-de-8-variant-2-0tdi-cg5-de_golf-de_volkswagen-manufacturer-33","7":"product_cat-de-8-variant-2-0tdi-cg5-de_golf-de_volkswagen-manufacturer-28","8":"product_cat-de-wischermotorhinten","9":"product_cat-de-wischermotorhinten-de-wischermotorhinten","10":"product_cat-de_golf","13":"product_cat-de-scheibenreinigung","15":"product_cat-de_volkswagen","23":"product_cat-de-wvwzzzcd4pw516854-20000192","26":"product_shipping_class-tarif-1","27":"entry","29":"first","30":"instock","31":"taxable","32":"shipping-taxable","33":"purchasable","34":"product-type-simple"},"jetpack_sharing_enabled":true,"_links":{"self":[{"href":"https:\/\/occasions-teile.ch\/fr\/wp-json\/wp\/v2\/product\/307132","targetHints":{"allow":["GET"]}}],"collection":[{"href":"https:\/\/occasions-teile.ch\/fr\/wp-json\/wp\/v2\/product"}],"about":[{"href":"https:\/\/occasions-teile.ch\/fr\/wp-json\/wp\/v2\/types\/product"}],"wp:featuredmedia":[{"embeddable":true,"href":"https:\/\/occasions-teile.ch\/fr\/wp-json\/wp\/v2\/media\/307129"}],"wp:attachment":[{"href":"https:\/\/occasions-teile.ch\/fr\/wp-json\/wp\/v2\/media?parent=307132"}],"wp:term":[{"taxonomy":"product_brand","embeddable":true,"href":"https:\/\/occasions-teile.ch\/fr\/wp-json\/wp\/v2\/product_brand?post=307132"},{"taxonomy":"product_cat","embeddable":true,"href":"https:\/\/occasions-teile.ch\/fr\/wp-json\/wp\/v2\/product_cat?post=307132"},{"taxonomy":"product_tag","embeddable":true,"href":"https:\/\/occasions-teile.ch\/fr\/wp-json\/wp\/v2\/product_tag?post=307132"}],"curies":[{"name":"wp","href":"https:\/\/api.w.org\/{rel}","templated":true}]}}