{"id":307052,"date":"2024-04-29T19:05:30","date_gmt":"2024-04-29T19:05:30","guid":{"rendered":"https:\/\/occasions-teile.ch\/product\/mitsubishi-space-serien-space-star-geblaeseregler-widerstand\/"},"modified":"2024-05-26T08:08:49","modified_gmt":"2024-05-26T08:08:49","slug":"mitsubishi-space-serien-space-star-geblaeseregler-widerstand","status":"publish","type":"product","link":"https:\/\/occasions-teile.ch\/fr\/produkt\/mitsubishi-space-serien-space-star-geblaeseregler-widerstand\/","title":{"rendered":"Mitsubishi Space-serien Space Star Gebl\u00e4seregler Widerstand"},"content":{"rendered":"<p><span><b>Technische Daten<\/b><\/p>\n<p> Fahrzeug: Mitsubishi Space-serien Space Star<br \/>\n Chassis Nr.: MMCXNA05AKH035766<br \/>\n Baujahr: 2019<br \/>\n Kilometer: 43319 KM<br \/>\n Leistung: 71 KW<br \/>\n Hubraum: 999 ccm<br \/>\n Typ: 1MK621<br \/>\n Farbcode: silber<br \/>\n Hinweise: &#8211;<\/p>\n<p> Versand: Versand nur in der Schweiz m\u00f6glich.Im Ausland ist der Transport k\u00e4uferseits.<br \/>\n Garantie: 3 Monate Garantie. Bitte beachten Sie, dass die Gew\u00e4hrleistung nur g\u00fcltig ist, wenn der Ersatzteileinbau durch eine Fachwerkstatt\/Meisterwerkstatt erfolgt. Das Ein- und Ausbau des Ersatzteiles kann nicht an uns verrechnet werden. <\/p>\n<p> Ersatzteil: f\u00fcr andere Fahrzeugen (Marken) verf\u00fcgbar auf anfrage. Tel.041 980 27 47. Mobil. 076 589 27 47<\/p>\n<p> Kontakt<br \/>\n  Adresse: Autoverwertung Brun AG<br \/>\n           M\u00f6\u00f6slimatten 13<br \/>\n           6218 Ettiswil<br \/>\n  Telefon: 0041 (041) 980 27 47<br \/>\n  Telefax: 0041 (041) 980 03 47<\/p>\n<p> Wir bieten Ihnen weitere gebrauchte Autoteile zum Kauf an.<br \/>\n Tags: Gebl\u00e4seregler Widerstand, Gebl\u00e4seregler Widerstand, Fan regulator resistance<br \/>\n<\/span><\/p>\n","protected":false},"excerpt":{"rendered":"<p>Technische Daten Fahrzeug: Mitsubishi Space-serien Space Star Chassis Nr.: MMCXNA05AKH035766 Baujahr: 2019 Kilometer: 43319 KM Leistung: 71 KW Hubraum: 999 ccm Typ: 1MK621 Farbcode: silber Hinweise: &#8211; Versand: Versand nur in der Schweiz m\u00f6glich.Im Ausland ist der Transport k\u00e4uferseits. Garantie: 3 Monate Garantie. Bitte beachten Sie, dass die Gew\u00e4hrleistung nur g\u00fcltig ist, wenn der Ersatzteileinbau&hellip; <a class=\"more-link\" href=\"https:\/\/occasions-teile.ch\/fr\/produkt\/mitsubishi-space-serien-space-star-geblaeseregler-widerstand\/\">Poursuivre la lecture <span class=\"screen-reader-text\">Mitsubishi Space-serien Space Star Gebl\u00e4seregler Widerstand<\/span><\/a><\/p>\n","protected":false},"featured_media":307049,"template":"","meta":[],"product_brand":[],"product_cat":[23645,20781,840,841,711,840,841,711,711,2457,2457,2457,2456,2456,2456,840,841,2458,2458,2458],"product_tag":[],"class_list":{"0":"post-307052","1":"product","2":"type-product","3":"status-publish","4":"has-post-thumbnail","6":"product_cat-de-1-0-de_space-serien-space-star-de_mitsubishi-manufacturer-25","7":"product_cat-de-1-0-de_space-serien-space-star-de_mitsubishi-manufacturer-20","8":"product_cat-de-geblaeseregler-vorwiderstand","9":"product_cat-de-geblaeseregler-vorwiderstand-de-geblaeseregler-vorwiderstand","10":"product_cat-de-heizung-klima","15":"product_cat-de_mitsubishi","18":"product_cat-de-mmcxna05akh035766-20000216","23":"product_cat-de_space-serien-space-star","26":"product_shipping_class-tarif-1","27":"entry","29":"first","30":"instock","31":"taxable","32":"shipping-taxable","33":"purchasable","34":"product-type-simple"},"jetpack_sharing_enabled":true,"_links":{"self":[{"href":"https:\/\/occasions-teile.ch\/fr\/wp-json\/wp\/v2\/product\/307052","targetHints":{"allow":["GET"]}}],"collection":[{"href":"https:\/\/occasions-teile.ch\/fr\/wp-json\/wp\/v2\/product"}],"about":[{"href":"https:\/\/occasions-teile.ch\/fr\/wp-json\/wp\/v2\/types\/product"}],"wp:featuredmedia":[{"embeddable":true,"href":"https:\/\/occasions-teile.ch\/fr\/wp-json\/wp\/v2\/media\/307049"}],"wp:attachment":[{"href":"https:\/\/occasions-teile.ch\/fr\/wp-json\/wp\/v2\/media?parent=307052"}],"wp:term":[{"taxonomy":"product_brand","embeddable":true,"href":"https:\/\/occasions-teile.ch\/fr\/wp-json\/wp\/v2\/product_brand?post=307052"},{"taxonomy":"product_cat","embeddable":true,"href":"https:\/\/occasions-teile.ch\/fr\/wp-json\/wp\/v2\/product_cat?post=307052"},{"taxonomy":"product_tag","embeddable":true,"href":"https:\/\/occasions-teile.ch\/fr\/wp-json\/wp\/v2\/product_tag?post=307052"}],"curies":[{"name":"wp","href":"https:\/\/api.w.org\/{rel}","templated":true}]}}