{"id":306964,"date":"2024-04-29T17:46:50","date_gmt":"2024-04-29T17:46:50","guid":{"rendered":"https:\/\/occasions-teile.ch\/product\/toyota-yaris-steuergeraet-ecu\/"},"modified":"2024-05-28T17:16:12","modified_gmt":"2024-05-28T17:16:12","slug":"toyota-yaris-steuergeraet-ecu","status":"publish","type":"product","link":"https:\/\/occasions-teile.ch\/fr\/produkt\/toyota-yaris-steuergeraet-ecu\/","title":{"rendered":"Toyota Yaris  Steuerger\u00e4t (ECU)"},"content":{"rendered":"<p><span><b>Technische Daten<\/b><\/p>\n<p> Fahrzeug: Toyota Yaris<br \/>\n Chassis Nr.: VNKKG3D300A142232<br \/>\n Baujahr: 2019<br \/>\n Kilometer: 83454 KM<br \/>\n Leistung: 111 KW<br \/>\n Hubraum: 1496 ccm<br \/>\n Typ: X<br \/>\n Farbcode: White\/Weiss<br \/>\n Hinweise: &#8211;<\/p>\n<p> Versand: Versand nur in der Schweiz m\u00f6glich.Im Ausland ist der Transport k\u00e4uferseits.<br \/>\n Garantie: 3 Monate Garantie. Bitte beachten Sie, dass die Gew\u00e4hrleistung nur g\u00fcltig ist, wenn der Ersatzteileinbau durch eine Fachwerkstatt\/Meisterwerkstatt erfolgt. Das Ein- und Ausbau des Ersatzteiles kann nicht an uns verrechnet werden. <\/p>\n<p> Ersatzteil: f\u00fcr andere Fahrzeugen (Marken) verf\u00fcgbar auf anfrage. Tel.041 980 27 47. Mobil. 076 589 27 47<\/p>\n<p> Kontakt<br \/>\n  Adresse: Autoverwertung Brun AG<br \/>\n           M\u00f6\u00f6slimatten 13<br \/>\n           6218 Ettiswil<br \/>\n  Telefon: 0041 (041) 980 27 47<br \/>\n  Telefax: 0041 (041) 980 03 47<\/p>\n<p> Wir bieten Ihnen weitere gebrauchte Autoteile zum Kauf an.<br \/>\n Tags: Steuerger\u00e4t (ECU), Control unitsforengine (ECU) , Unite\u00b4 de contro^le pour moteur  (ECU)<br \/>\n<\/span><\/p>\n","protected":false},"excerpt":{"rendered":"<p>Technische Daten Fahrzeug: Toyota Yaris Chassis Nr.: VNKKG3D300A142232 Baujahr: 2019 Kilometer: 83454 KM Leistung: 111 KW Hubraum: 1496 ccm Typ: X Farbcode: White\/Weiss Hinweise: &#8211; Versand: Versand nur in der Schweiz m\u00f6glich.Im Ausland ist der Transport k\u00e4uferseits. Garantie: 3 Monate Garantie. Bitte beachten Sie, dass die Gew\u00e4hrleistung nur g\u00fcltig ist, wenn der Ersatzteileinbau durch eine&hellip; <a class=\"more-link\" href=\"https:\/\/occasions-teile.ch\/fr\/produkt\/toyota-yaris-steuergeraet-ecu\/\">Poursuivre la lecture <span class=\"screen-reader-text\">Toyota Yaris  Steuerger\u00e4t (ECU)<\/span><\/a><\/p>\n","protected":false},"featured_media":306961,"template":"","meta":[],"product_brand":[],"product_cat":[20759,23697,856,854,937,627,624,621,936,852,1335,1332,1329,938,1334,1331,1328,1330,1336,1333],"product_tag":[],"class_list":{"0":"post-306964","1":"product","2":"type-product","3":"status-publish","4":"has-post-thumbnail","6":"product_cat-de-1-5-de_yaris-de_toyota-manufacturer-27","7":"product_cat-de-1-5-hybrid-de_yaris-de_toyota-manufacturer-47","8":"product_cat-fr-appareils-de-commande","9":"product_cat-en-control-units","10":"product_cat-en-control-unitsforengine-ecu","11":"product_cat-fr-electricite-dispositifs-de-commande","12":"product_cat-en-electrics-control-units","13":"product_cat-de-elektrik-steuergeraete","14":"product_cat-de-steuergeraet-ecu","15":"product_cat-de-steuergeraete","16":"product_cat-fr_toyota","17":"product_cat-en_toyota","18":"product_cat-de_toyota","19":"product_cat-fr-unite-de-controle-pour-moteur-ecu","20":"product_cat-fr-vnkkg3d300a142232","21":"product_cat-en-vnkkg3d300a142232","22":"product_cat-de-vnkkg3d300a142232","23":"product_cat-de_yaris","24":"product_cat-fr_yaris","25":"product_cat-en_yaris","26":"product_shipping_class-tarif-1","27":"entry","29":"first","30":"instock","31":"taxable","32":"shipping-taxable","33":"purchasable","34":"product-type-simple"},"jetpack_sharing_enabled":true,"_links":{"self":[{"href":"https:\/\/occasions-teile.ch\/fr\/wp-json\/wp\/v2\/product\/306964","targetHints":{"allow":["GET"]}}],"collection":[{"href":"https:\/\/occasions-teile.ch\/fr\/wp-json\/wp\/v2\/product"}],"about":[{"href":"https:\/\/occasions-teile.ch\/fr\/wp-json\/wp\/v2\/types\/product"}],"wp:featuredmedia":[{"embeddable":true,"href":"https:\/\/occasions-teile.ch\/fr\/wp-json\/wp\/v2\/media\/306961"}],"wp:attachment":[{"href":"https:\/\/occasions-teile.ch\/fr\/wp-json\/wp\/v2\/media?parent=306964"}],"wp:term":[{"taxonomy":"product_brand","embeddable":true,"href":"https:\/\/occasions-teile.ch\/fr\/wp-json\/wp\/v2\/product_brand?post=306964"},{"taxonomy":"product_cat","embeddable":true,"href":"https:\/\/occasions-teile.ch\/fr\/wp-json\/wp\/v2\/product_cat?post=306964"},{"taxonomy":"product_tag","embeddable":true,"href":"https:\/\/occasions-teile.ch\/fr\/wp-json\/wp\/v2\/product_tag?post=306964"}],"curies":[{"name":"wp","href":"https:\/\/api.w.org\/{rel}","templated":true}]}}