{"id":306944,"date":"2024-04-29T17:28:56","date_gmt":"2024-04-29T17:28:56","guid":{"rendered":"https:\/\/occasions-teile.ch\/product\/bmw-7-serien-735-steuergeraet-ecu\/"},"modified":"2024-05-29T12:29:04","modified_gmt":"2024-05-29T12:29:04","slug":"bmw-7-serien-735-steuergeraet-ecu","status":"publish","type":"product","link":"https:\/\/occasions-teile.ch\/fr\/produkt\/bmw-7-serien-735-steuergeraet-ecu\/","title":{"rendered":"BMW 7-serien 735 Steuerger\u00e4t (ECU)"},"content":{"rendered":"<p><span><b>Technische Daten<\/b><\/p>\n<p> Fahrzeug: BMW 7-serien 735<br \/>\n Chassis Nr.: WBAGL41050DL94225<br \/>\n Baujahr: 2002<br \/>\n Kilometer: 185987 KM<br \/>\n Leistung: 272 KW<br \/>\n Hubraum: 3600 ccm<br \/>\n Typ: 1BB155<br \/>\n Farbcode: Green<br \/>\n Hinweise: &#8211;<\/p>\n<p> Versand: Versand nur in der Schweiz m\u00f6glich.Im Ausland ist der Transport k\u00e4uferseits.<br \/>\n Garantie: 3 Monate Garantie. Bitte beachten Sie, dass die Gew\u00e4hrleistung nur g\u00fcltig ist, wenn der Ersatzteileinbau durch eine Fachwerkstatt\/Meisterwerkstatt erfolgt. Das Ein- und Ausbau des Ersatzteiles kann nicht an uns verrechnet werden. <\/p>\n<p> Ersatzteil: f\u00fcr andere Fahrzeugen (Marken) verf\u00fcgbar auf anfrage. Tel.041 980 27 47. Mobil. 076 589 27 47<\/p>\n<p> Kontakt<br \/>\n  Adresse: Autoverwertung Brun AG<br \/>\n           M\u00f6\u00f6slimatten 13<br \/>\n           6218 Ettiswil<br \/>\n  Telefon: 0041 (041) 980 27 47<br \/>\n  Telefax: 0041 (041) 980 03 47<\/p>\n<p> Wir bieten Ihnen weitere gebrauchte Autoteile zum Kauf an.<br \/>\n Tags: Steuerger\u00e4t (ECU), Control unitsforengine (ECU) , Unite\u00b4 de contro^le pour moteur  (ECU)<br \/>\n<\/span><\/p>\n","protected":false},"excerpt":{"rendered":"<p>Technische Daten Fahrzeug: BMW 7-serien 735 Chassis Nr.: WBAGL41050DL94225 Baujahr: 2002 Kilometer: 185987 KM Leistung: 272 KW Hubraum: 3600 ccm Typ: 1BB155 Farbcode: Green Hinweise: &#8211; Versand: Versand nur in der Schweiz m\u00f6glich.Im Ausland ist der Transport k\u00e4uferseits. Garantie: 3 Monate Garantie. Bitte beachten Sie, dass die Gew\u00e4hrleistung nur g\u00fcltig ist, wenn der Ersatzteileinbau durch&hellip; <a class=\"more-link\" href=\"https:\/\/occasions-teile.ch\/fr\/produkt\/bmw-7-serien-735-steuergeraet-ecu\/\">Poursuivre la lecture <span class=\"screen-reader-text\">BMW 7-serien 735 Steuerger\u00e4t (ECU)<\/span><\/a><\/p>\n","protected":false},"featured_media":306941,"template":"","meta":[],"product_brand":[],"product_cat":[4907,4907,4907,852,1509,1509,1509,852,936,621,23832,20754,621,621,936,852,936,6997,6997,6997],"product_tag":[],"class_list":{"0":"post-306944","1":"product","2":"type-product","3":"status-publish","4":"has-post-thumbnail","6":"product_cat-de_slug_bmw_7-serien-735_796","9":"product_cat-de-steuergeraete","10":"product_cat-de_bmw","14":"product_cat-de-steuergeraet-ecu","15":"product_cat-de-elektrik-steuergeraete","16":"product_cat-de-e65-v8-de_slug_bmw_7-serien-735_796-de_bmw-manufacturer-108","17":"product_cat-de-e65-v8-de_slug_bmw_7-serien-735_796-de_bmw-manufacturer-103","23":"product_cat-de-wbagl41050dl94225-200000231","26":"product_shipping_class-tarif-1","27":"entry","29":"first","30":"instock","31":"taxable","32":"shipping-taxable","33":"purchasable","34":"product-type-simple"},"jetpack_sharing_enabled":true,"_links":{"self":[{"href":"https:\/\/occasions-teile.ch\/fr\/wp-json\/wp\/v2\/product\/306944","targetHints":{"allow":["GET"]}}],"collection":[{"href":"https:\/\/occasions-teile.ch\/fr\/wp-json\/wp\/v2\/product"}],"about":[{"href":"https:\/\/occasions-teile.ch\/fr\/wp-json\/wp\/v2\/types\/product"}],"wp:featuredmedia":[{"embeddable":true,"href":"https:\/\/occasions-teile.ch\/fr\/wp-json\/wp\/v2\/media\/306941"}],"wp:attachment":[{"href":"https:\/\/occasions-teile.ch\/fr\/wp-json\/wp\/v2\/media?parent=306944"}],"wp:term":[{"taxonomy":"product_brand","embeddable":true,"href":"https:\/\/occasions-teile.ch\/fr\/wp-json\/wp\/v2\/product_brand?post=306944"},{"taxonomy":"product_cat","embeddable":true,"href":"https:\/\/occasions-teile.ch\/fr\/wp-json\/wp\/v2\/product_cat?post=306944"},{"taxonomy":"product_tag","embeddable":true,"href":"https:\/\/occasions-teile.ch\/fr\/wp-json\/wp\/v2\/product_tag?post=306944"}],"curies":[{"name":"wp","href":"https:\/\/api.w.org\/{rel}","templated":true}]}}