{"id":306880,"date":"2024-04-29T16:31:23","date_gmt":"2024-04-29T16:31:23","guid":{"rendered":"https:\/\/occasions-teile.ch\/product\/vw-polo-abdeckung-windlauf-wasserabweiser-2\/"},"modified":"2024-05-28T19:47:46","modified_gmt":"2024-05-28T19:47:46","slug":"vw-polo-abdeckung-windlauf-wasserabweiser-2","status":"publish","type":"product","link":"https:\/\/occasions-teile.ch\/fr\/produkt\/vw-polo-abdeckung-windlauf-wasserabweiser-2\/","title":{"rendered":"VW Polo  Abdeckung Windlauf, Wasserabweiser"},"content":{"rendered":"<p><span><b>Technische Daten<\/b><\/p>\n<p> Fahrzeug: VW Polo<br \/>\n Chassis Nr.: WVWZZZ6RZAY035082<br \/>\n Baujahr: 2009<br \/>\n Kilometer: 189671 KM<br \/>\n Leistung: 85 KW<br \/>\n Hubraum: 1390 ccm<br \/>\n Typ: 1vd623<br \/>\n Farbcode: White\/Weiss<br \/>\n Hinweise: &#8211;<\/p>\n<p> Versand: Versand nur in der Schweiz m\u00f6glich.Im Ausland ist der Transport k\u00e4uferseits.<br \/>\n Garantie: 3 Monate Garantie. Bitte beachten Sie, dass die Gew\u00e4hrleistung nur g\u00fcltig ist, wenn der Ersatzteileinbau durch eine Fachwerkstatt\/Meisterwerkstatt erfolgt. Das Ein- und Ausbau des Ersatzteiles kann nicht an uns verrechnet werden. <\/p>\n<p> Ersatzteil: f\u00fcr andere Fahrzeugen (Marken) verf\u00fcgbar auf anfrage. Tel.041 980 27 47. Mobil. 076 589 27 47<\/p>\n<p> Kontakt<br \/>\n  Adresse: Autoverwertung Brun AG<br \/>\n           M\u00f6\u00f6slimatten 13<br \/>\n           6218 Ettiswil<br \/>\n  Telefon: 0041 (041) 980 27 47<br \/>\n  Telefax: 0041 (041) 980 03 47<\/p>\n<p> Wir bieten Ihnen weitere gebrauchte Autoteile zum Kauf an.<br \/>\n Tags: Abdeckung Windlauf, Wasserabweiser, Cover Wind Run, Water Deflector , Couverture Coupe-vent,de\u00b4flecteur d&rsquo;eau<br \/>\n<\/span><\/p>\n","protected":false},"excerpt":{"rendered":"<p>Technische Daten Fahrzeug: VW Polo Chassis Nr.: WVWZZZ6RZAY035082 Baujahr: 2009 Kilometer: 189671 KM Leistung: 85 KW Hubraum: 1390 ccm Typ: 1vd623 Farbcode: White\/Weiss Hinweise: &#8211; Versand: Versand nur in der Schweiz m\u00f6glich.Im Ausland ist der Transport k\u00e4uferseits. Garantie: 3 Monate Garantie. Bitte beachten Sie, dass die Gew\u00e4hrleistung nur g\u00fcltig ist, wenn der Ersatzteileinbau durch eine&hellip; <a class=\"more-link\" href=\"https:\/\/occasions-teile.ch\/fr\/produkt\/vw-polo-abdeckung-windlauf-wasserabweiser-2\/\">Poursuivre la lecture <span class=\"screen-reader-text\">VW Polo  Abdeckung Windlauf, Wasserabweiser<\/span><\/a><\/p>\n","protected":false},"featured_media":306877,"template":"","meta":[],"product_brand":[],"product_cat":[20738,23799,994,993,515,518,998,997,996,995,512,1634,1636,1638,1286,1280,1283,2073,2074,2075],"product_tag":[],"class_list":{"0":"post-306880","1":"product","2":"type-product","3":"status-publish","4":"has-post-thumbnail","6":"product_cat-de-1-4-6r-de_polo-de_volkswagen-manufacturer-30","7":"product_cat-de-1-4-6r-de_polo-de_volkswagen-manufacturer-33","8":"product_cat-de-abdeckung-windlauf-wasserabweiser","9":"product_cat-de-abdeckungwindlaufwasserabweiser","10":"product_cat-en-body-front","11":"product_cat-fr-carrosserie-front","12":"product_cat-fr-couverture-coupe-ventdeflecteur-deau","13":"product_cat-fr-couverturecoupe-ventdeflecteur-deau","14":"product_cat-en-cover-wind-run-water-deflector","15":"product_cat-en-coverwind-runwater-deflector","16":"product_cat-de-karosserie-front","17":"product_cat-de_polo","18":"product_cat-en_polo","19":"product_cat-fr_polo","20":"product_cat-fr_volkswagen","21":"product_cat-de_volkswagen","22":"product_cat-en_volkswagen","23":"product_cat-de-wvwzzz6rzay035082","24":"product_cat-en-wvwzzz6rzay035082","25":"product_cat-fr-wvwzzz6rzay035082","26":"product_shipping_class-tarif-1","27":"entry","29":"first","30":"instock","31":"taxable","32":"shipping-taxable","33":"purchasable","34":"product-type-simple"},"jetpack_sharing_enabled":true,"_links":{"self":[{"href":"https:\/\/occasions-teile.ch\/fr\/wp-json\/wp\/v2\/product\/306880","targetHints":{"allow":["GET"]}}],"collection":[{"href":"https:\/\/occasions-teile.ch\/fr\/wp-json\/wp\/v2\/product"}],"about":[{"href":"https:\/\/occasions-teile.ch\/fr\/wp-json\/wp\/v2\/types\/product"}],"wp:featuredmedia":[{"embeddable":true,"href":"https:\/\/occasions-teile.ch\/fr\/wp-json\/wp\/v2\/media\/306877"}],"wp:attachment":[{"href":"https:\/\/occasions-teile.ch\/fr\/wp-json\/wp\/v2\/media?parent=306880"}],"wp:term":[{"taxonomy":"product_brand","embeddable":true,"href":"https:\/\/occasions-teile.ch\/fr\/wp-json\/wp\/v2\/product_brand?post=306880"},{"taxonomy":"product_cat","embeddable":true,"href":"https:\/\/occasions-teile.ch\/fr\/wp-json\/wp\/v2\/product_cat?post=306880"},{"taxonomy":"product_tag","embeddable":true,"href":"https:\/\/occasions-teile.ch\/fr\/wp-json\/wp\/v2\/product_tag?post=306880"}],"curies":[{"name":"wp","href":"https:\/\/api.w.org\/{rel}","templated":true}]}}