{"id":306860,"date":"2024-04-29T16:13:37","date_gmt":"2024-04-29T16:13:37","guid":{"rendered":"https:\/\/occasions-teile.ch\/product\/skoda-octavia-motorsteuergeraet-7\/"},"modified":"2024-05-24T20:40:01","modified_gmt":"2024-05-24T20:40:01","slug":"skoda-octavia-motorsteuergeraet-7","status":"publish","type":"product","link":"https:\/\/occasions-teile.ch\/fr\/produkt\/skoda-octavia-motorsteuergeraet-7\/","title":{"rendered":"Skoda Octavia  Motorsteuerger\u00e4t"},"content":{"rendered":"<p><span><b>Technische Daten<\/b><\/p>\n<p> Fahrzeug: Skoda Octavia<br \/>\n Chassis Nr.: TMBGT61Z1D2039681<br \/>\n Baujahr: 2012<br \/>\n Kilometer: 106093 KM<br \/>\n Leistung: 105 KW<br \/>\n Hubraum: 1598 ccm<br \/>\n Typ: 1SF701<br \/>\n Farbcode: Black<br \/>\n Hinweise: &#8211;<\/p>\n<p> Versand: Versand nur in der Schweiz m\u00f6glich.Im Ausland ist der Transport k\u00e4uferseits.<br \/>\n Garantie: 3 Monate Garantie. Bitte beachten Sie, dass die Gew\u00e4hrleistung nur g\u00fcltig ist, wenn der Ersatzteileinbau durch eine Fachwerkstatt\/Meisterwerkstatt erfolgt. Das Ein- und Ausbau des Ersatzteiles kann nicht an uns verrechnet werden. <\/p>\n<p> Ersatzteil: f\u00fcr andere Fahrzeugen (Marken) verf\u00fcgbar auf anfrage. Tel.041 980 27 47. Mobil. 076 589 27 47<\/p>\n<p> Kontakt<br \/>\n  Adresse: Autoverwertung Brun AG<br \/>\n           M\u00f6\u00f6slimatten 13<br \/>\n           6218 Ettiswil<br \/>\n  Telefon: 0041 (041) 980 27 47<br \/>\n  Telefax: 0041 (041) 980 03 47<\/p>\n<p> Wir bieten Ihnen weitere gebrauchte Autoteile zum Kauf an.<br \/>\n Tags: Motorsteuerger\u00e4t , Control unit Motor , Unite\u00b4 de contro^le Moteur<br \/>\n<\/span><\/p>\n","protected":false},"excerpt":{"rendered":"<p>Technische Daten Fahrzeug: Skoda Octavia Chassis Nr.: TMBGT61Z1D2039681 Baujahr: 2012 Kilometer: 106093 KM Leistung: 105 KW Hubraum: 1598 ccm Typ: 1SF701 Farbcode: Black Hinweise: &#8211; Versand: Versand nur in der Schweiz m\u00f6glich.Im Ausland ist der Transport k\u00e4uferseits. Garantie: 3 Monate Garantie. Bitte beachten Sie, dass die Gew\u00e4hrleistung nur g\u00fcltig ist, wenn der Ersatzteileinbau durch eine&hellip; <a class=\"more-link\" href=\"https:\/\/occasions-teile.ch\/fr\/produkt\/skoda-octavia-motorsteuergeraet-7\/\">Poursuivre la lecture <span class=\"screen-reader-text\">Skoda Octavia  Motorsteuerger\u00e4t<\/span><\/a><\/p>\n","protected":false},"featured_media":306857,"template":"","meta":[],"product_brand":[],"product_cat":[661,660,659,20733,23589,500,494,497,657,1472,1477,1464,1476,1463,1471,658,2004,2005,2003,662],"product_tag":[],"class_list":{"0":"post-306860","1":"product","2":"type-product","3":"status-publish","4":"has-post-thumbnail","6":"product_cat-fr-commande-du-moteur-allumage","7":"product_cat-en-control-unit-motor","8":"product_cat-en-engine-control-ignition","9":"product_cat-de-ii-1-6tdi-de_octavia-de_skoda-manufacturer-2","10":"product_cat-de-ii-1-6tdi-de_octavia-de_skoda-manufacturer-4","11":"product_cat-fr-moteur","12":"product_cat-de-motor","13":"product_cat-en-motor","14":"product_cat-de-motorsteuerung-zuendung","15":"product_cat-en_octavia-en_skoda-manufacturer-en","16":"product_cat-fr_octavia-fr_skoda-fabricant-2","17":"product_cat-de_octavia","18":"product_cat-fr_skoda-fabricant-2","19":"product_cat-de_skoda","20":"product_cat-en_skoda-manufacturer-en","21":"product_cat-de-steuergeraet-motor","22":"product_cat-en-tmbgt61z1d2039681","23":"product_cat-fr-tmbgt61z1d2039681","24":"product_cat-de-tmbgt61z1d2039681","25":"product_cat-fr-unite-de-controle-moteur","26":"product_shipping_class-tarif-1","27":"entry","29":"first","30":"instock","31":"taxable","32":"shipping-taxable","33":"purchasable","34":"product-type-simple"},"jetpack_sharing_enabled":true,"_links":{"self":[{"href":"https:\/\/occasions-teile.ch\/fr\/wp-json\/wp\/v2\/product\/306860","targetHints":{"allow":["GET"]}}],"collection":[{"href":"https:\/\/occasions-teile.ch\/fr\/wp-json\/wp\/v2\/product"}],"about":[{"href":"https:\/\/occasions-teile.ch\/fr\/wp-json\/wp\/v2\/types\/product"}],"wp:featuredmedia":[{"embeddable":true,"href":"https:\/\/occasions-teile.ch\/fr\/wp-json\/wp\/v2\/media\/306857"}],"wp:attachment":[{"href":"https:\/\/occasions-teile.ch\/fr\/wp-json\/wp\/v2\/media?parent=306860"}],"wp:term":[{"taxonomy":"product_brand","embeddable":true,"href":"https:\/\/occasions-teile.ch\/fr\/wp-json\/wp\/v2\/product_brand?post=306860"},{"taxonomy":"product_cat","embeddable":true,"href":"https:\/\/occasions-teile.ch\/fr\/wp-json\/wp\/v2\/product_cat?post=306860"},{"taxonomy":"product_tag","embeddable":true,"href":"https:\/\/occasions-teile.ch\/fr\/wp-json\/wp\/v2\/product_tag?post=306860"}],"curies":[{"name":"wp","href":"https:\/\/api.w.org\/{rel}","templated":true}]}}