{"id":306776,"date":"2024-04-29T14:40:53","date_gmt":"2024-04-29T14:40:53","guid":{"rendered":"https:\/\/occasions-teile.ch\/product\/vw-golf-motorsteuergeraet-4\/"},"modified":"2024-05-29T04:07:06","modified_gmt":"2024-05-29T04:07:06","slug":"vw-golf-motorsteuergeraet-4","status":"publish","type":"product","link":"https:\/\/occasions-teile.ch\/fr\/produkt\/vw-golf-motorsteuergeraet-4\/","title":{"rendered":"VW Golf  Motorsteuerger\u00e4t"},"content":{"rendered":"<p><span><b>Technische Daten<\/b><\/p>\n<p> Fahrzeug: VW Golf<br \/>\n Chassis Nr.: WVWZZZ1KZCP158796<br \/>\n Baujahr: 2012<br \/>\n Kilometer: 170007 KM<br \/>\n Leistung: 86 KW<br \/>\n Hubraum: 1197 ccm<br \/>\n Typ: 1VD779<br \/>\n Farbcode: rot<br \/>\n Hinweise: &#8211;<\/p>\n<p> Versand: Versand nur in der Schweiz m\u00f6glich.Im Ausland ist der Transport k\u00e4uferseits.<br \/>\n Garantie: 3 Monate Garantie. Bitte beachten Sie, dass die Gew\u00e4hrleistung nur g\u00fcltig ist, wenn der Ersatzteileinbau durch eine Fachwerkstatt\/Meisterwerkstatt erfolgt. Das Ein- und Ausbau des Ersatzteiles kann nicht an uns verrechnet werden. <\/p>\n<p> Ersatzteil: f\u00fcr andere Fahrzeugen (Marken) verf\u00fcgbar auf anfrage. Tel.041 980 27 47. Mobil. 076 589 27 47<\/p>\n<p> Kontakt<br \/>\n  Adresse: Autoverwertung Brun AG<br \/>\n           M\u00f6\u00f6slimatten 13<br \/>\n           6218 Ettiswil<br \/>\n  Telefon: 0041 (041) 980 27 47<br \/>\n  Telefax: 0041 (041) 980 03 47<\/p>\n<p> Wir bieten Ihnen weitere gebrauchte Autoteile zum Kauf an.<br \/>\n Tags: Motorsteuerger\u00e4t , Control unit Motor , Unite\u00b4 de contro^le Moteur<br \/>\n<\/span><\/p>\n","protected":false},"excerpt":{"rendered":"<p>Technische Daten Fahrzeug: VW Golf Chassis Nr.: WVWZZZ1KZCP158796 Baujahr: 2012 Kilometer: 170007 KM Leistung: 86 KW Hubraum: 1197 ccm Typ: 1VD779 Farbcode: rot Hinweise: &#8211; Versand: Versand nur in der Schweiz m\u00f6glich.Im Ausland ist der Transport k\u00e4uferseits. Garantie: 3 Monate Garantie. Bitte beachten Sie, dass die Gew\u00e4hrleistung nur g\u00fcltig ist, wenn der Ersatzteileinbau durch eine&hellip; <a class=\"more-link\" href=\"https:\/\/occasions-teile.ch\/fr\/produkt\/vw-golf-motorsteuergeraet-4\/\">Poursuivre la lecture <span class=\"screen-reader-text\">VW Golf  Motorsteuerger\u00e4t<\/span><\/a><\/p>\n","protected":false},"featured_media":306773,"template":"","meta":[],"product_brand":[],"product_cat":[661,660,659,1287,1281,1284,500,494,497,657,658,662,20710,23531,1286,1280,1283,2170,2168,2169],"product_tag":[],"class_list":{"0":"post-306776","1":"product","2":"type-product","3":"status-publish","4":"has-post-thumbnail","6":"product_cat-fr-commande-du-moteur-allumage","7":"product_cat-en-control-unit-motor","8":"product_cat-en-engine-control-ignition","9":"product_cat-fr_golf","10":"product_cat-de_golf","11":"product_cat-en_golf","12":"product_cat-fr-moteur","13":"product_cat-de-motor","14":"product_cat-en-motor","15":"product_cat-de-motorsteuerung-zuendung","16":"product_cat-de-steuergeraet-motor","17":"product_cat-fr-unite-de-controle-moteur","18":"product_cat-de-vi-1-2tsi-de_golf-de_volkswagen-manufacturer-20","19":"product_cat-de-vi-1-2tsi-de_golf-de_volkswagen-manufacturer-32","20":"product_cat-fr_volkswagen","21":"product_cat-de_volkswagen","22":"product_cat-en_volkswagen","23":"product_cat-fr-wvwzzz1kzcp158796-20000184","24":"product_cat-de-wvwzzz1kzcp158796-20000184","25":"product_cat-en-wvwzzz1kzcp158796-20000184","26":"product_shipping_class-tarif-1","27":"entry","29":"first","30":"instock","31":"taxable","32":"shipping-taxable","33":"purchasable","34":"product-type-simple"},"jetpack_sharing_enabled":true,"_links":{"self":[{"href":"https:\/\/occasions-teile.ch\/fr\/wp-json\/wp\/v2\/product\/306776","targetHints":{"allow":["GET"]}}],"collection":[{"href":"https:\/\/occasions-teile.ch\/fr\/wp-json\/wp\/v2\/product"}],"about":[{"href":"https:\/\/occasions-teile.ch\/fr\/wp-json\/wp\/v2\/types\/product"}],"wp:featuredmedia":[{"embeddable":true,"href":"https:\/\/occasions-teile.ch\/fr\/wp-json\/wp\/v2\/media\/306773"}],"wp:attachment":[{"href":"https:\/\/occasions-teile.ch\/fr\/wp-json\/wp\/v2\/media?parent=306776"}],"wp:term":[{"taxonomy":"product_brand","embeddable":true,"href":"https:\/\/occasions-teile.ch\/fr\/wp-json\/wp\/v2\/product_brand?post=306776"},{"taxonomy":"product_cat","embeddable":true,"href":"https:\/\/occasions-teile.ch\/fr\/wp-json\/wp\/v2\/product_cat?post=306776"},{"taxonomy":"product_tag","embeddable":true,"href":"https:\/\/occasions-teile.ch\/fr\/wp-json\/wp\/v2\/product_tag?post=306776"}],"curies":[{"name":"wp","href":"https:\/\/api.w.org\/{rel}","templated":true}]}}