{"id":306756,"date":"2024-04-29T14:17:24","date_gmt":"2024-04-29T14:17:24","guid":{"rendered":"https:\/\/occasions-teile.ch\/product\/bmw-1-serien-118-elektroluefter-lueftermotor-kuehler\/"},"modified":"2024-05-30T03:58:15","modified_gmt":"2024-05-30T03:58:15","slug":"bmw-1-serien-118-elektroluefter-lueftermotor-kuehler","status":"publish","type":"product","link":"https:\/\/occasions-teile.ch\/fr\/produkt\/bmw-1-serien-118-elektroluefter-lueftermotor-kuehler\/","title":{"rendered":"BMW 1-serien 118 Elektrol\u00fcfter L\u00fcftermotor (K\u00fchler)"},"content":{"rendered":"<p><span><b>Technische Daten<\/b><\/p>\n<p> Fahrzeug: BMW 1-serien 118<br \/>\n Chassis Nr.: WBA1R51060V992506<br \/>\n Baujahr: 2017<br \/>\n Kilometer: 120139 KM<br \/>\n Leistung: 136 KW<br \/>\n Hubraum: 1499 ccm<br \/>\n Typ: 1BH835<br \/>\n Farbcode: orange<br \/>\n Hinweise: &#8211;<\/p>\n<p> Versand: Versand nur in der Schweiz m\u00f6glich.Im Ausland ist der Transport k\u00e4uferseits.<br \/>\n Garantie: 3 Monate Garantie. Bitte beachten Sie, dass die Gew\u00e4hrleistung nur g\u00fcltig ist, wenn der Ersatzteileinbau durch eine Fachwerkstatt\/Meisterwerkstatt erfolgt. Das Ein- und Ausbau des Ersatzteiles kann nicht an uns verrechnet werden. <\/p>\n<p> Ersatzteil: f\u00fcr andere Fahrzeugen (Marken) verf\u00fcgbar auf anfrage. Tel.041 980 27 47. Mobil. 076 589 27 47<\/p>\n<p> Kontakt<br \/>\n  Adresse: Autoverwertung Brun AG<br \/>\n           M\u00f6\u00f6slimatten 13<br \/>\n           6218 Ettiswil<br \/>\n  Telefon: 0041 (041) 980 27 47<br \/>\n  Telefax: 0041 (041) 980 03 47<\/p>\n<p> Wir bieten Ihnen weitere gebrauchte Autoteile zum Kauf an.<br \/>\n Tags: Elektrol\u00fcfter L\u00fcftermotor (K\u00fchler), Electric fan fan motor (cooler), Pompes a` eau pompes a` eau supple\u00b4mentaires<br \/>\n<\/span><\/p>\n","protected":false},"excerpt":{"rendered":"<p>Technische Daten Fahrzeug: BMW 1-serien 118 Chassis Nr.: WBA1R51060V992506 Baujahr: 2017 Kilometer: 120139 KM Leistung: 136 KW Hubraum: 1499 ccm Typ: 1BH835 Farbcode: orange Hinweise: &#8211; Versand: Versand nur in der Schweiz m\u00f6glich.Im Ausland ist der Transport k\u00e4uferseits. Garantie: 3 Monate Garantie. Bitte beachten Sie, dass die Gew\u00e4hrleistung nur g\u00fcltig ist, wenn der Ersatzteileinbau durch&hellip; <a class=\"more-link\" href=\"https:\/\/occasions-teile.ch\/fr\/produkt\/bmw-1-serien-118-elektroluefter-lueftermotor-kuehler\/\">Poursuivre la lecture <span class=\"screen-reader-text\">BMW 1-serien 118 Elektrol\u00fcfter L\u00fcftermotor (K\u00fchler)<\/span><\/a><\/p>\n","protected":false},"featured_media":306753,"template":"","meta":[],"product_brand":[],"product_cat":[2200,2196,2198,1509,1512,1515,1001,1323,1322,20705,23815,999,500,494,497,1324,1003,2197,2199,2195],"product_tag":[],"class_list":{"0":"post-306756","1":"product","2":"type-product","3":"status-publish","4":"has-post-thumbnail","6":"product_cat-fr_1-serien-118","7":"product_cat-de_1-serien-118","8":"product_cat-en_1-serien-118","9":"product_cat-de_bmw","10":"product_cat-en_bmw","11":"product_cat-fr_bmw","12":"product_cat-en-coolingmotor","13":"product_cat-en-electric-fan-fan-motor-cooler","14":"product_cat-de-elektroluefter-lueftermotor-kuehler","15":"product_cat-de-f20-de_1-serien-118-de_bmw-manufacturer-16","16":"product_cat-de-f20-de_1-serien-118-de_bmw-manufacturer-18","17":"product_cat-de-kuehlungmotor","18":"product_cat-fr-moteur","19":"product_cat-de-motor","20":"product_cat-en-motor","21":"product_cat-fr-pompes-a-eau-pompes-a-eau-supplementaires","22":"product_cat-fr-refroidissement-moteur","23":"product_cat-en-wba1r51060v992506-20000188","24":"product_cat-fr-wba1r51060v992506-20000188","25":"product_cat-de-wba1r51060v992506-20000188","26":"product_shipping_class-tarif-1","27":"entry","29":"first","30":"instock","31":"taxable","32":"shipping-taxable","33":"purchasable","34":"product-type-simple"},"jetpack_sharing_enabled":true,"_links":{"self":[{"href":"https:\/\/occasions-teile.ch\/fr\/wp-json\/wp\/v2\/product\/306756","targetHints":{"allow":["GET"]}}],"collection":[{"href":"https:\/\/occasions-teile.ch\/fr\/wp-json\/wp\/v2\/product"}],"about":[{"href":"https:\/\/occasions-teile.ch\/fr\/wp-json\/wp\/v2\/types\/product"}],"wp:featuredmedia":[{"embeddable":true,"href":"https:\/\/occasions-teile.ch\/fr\/wp-json\/wp\/v2\/media\/306753"}],"wp:attachment":[{"href":"https:\/\/occasions-teile.ch\/fr\/wp-json\/wp\/v2\/media?parent=306756"}],"wp:term":[{"taxonomy":"product_brand","embeddable":true,"href":"https:\/\/occasions-teile.ch\/fr\/wp-json\/wp\/v2\/product_brand?post=306756"},{"taxonomy":"product_cat","embeddable":true,"href":"https:\/\/occasions-teile.ch\/fr\/wp-json\/wp\/v2\/product_cat?post=306756"},{"taxonomy":"product_tag","embeddable":true,"href":"https:\/\/occasions-teile.ch\/fr\/wp-json\/wp\/v2\/product_tag?post=306756"}],"curies":[{"name":"wp","href":"https:\/\/api.w.org\/{rel}","templated":true}]}}