{"id":306576,"date":"2024-04-29T11:31:08","date_gmt":"2024-04-29T11:31:08","guid":{"rendered":"https:\/\/occasions-teile.ch\/product\/nissan-qashqai-wasserkuehler\/"},"modified":"2024-05-28T13:22:50","modified_gmt":"2024-05-28T13:22:50","slug":"nissan-qashqai-wasserkuehler","status":"publish","type":"product","link":"https:\/\/occasions-teile.ch\/fr\/produkt\/nissan-qashqai-wasserkuehler\/","title":{"rendered":"Nissan Qashqai  Wasserk\u00fchler"},"content":{"rendered":"<p><span><b>Technische Daten<\/b><\/p>\n<p> Fahrzeug: Nissan Qashqai<br \/>\n Chassis Nr.: SJNFBNJ10U1006629<br \/>\n Baujahr: 2007<br \/>\n Kilometer: 170528 KM<br \/>\n Leistung: 141 KW<br \/>\n Hubraum: 1997 ccm<br \/>\n Typ: 1NA376<br \/>\n Farbcode: grau<br \/>\n Hinweise: &#8211;<\/p>\n<p> Versand: Versand nur in der Schweiz m\u00f6glich.Im Ausland ist der Transport k\u00e4uferseits.<br \/>\n Garantie: 3 Monate Garantie. Bitte beachten Sie, dass die Gew\u00e4hrleistung nur g\u00fcltig ist, wenn der Ersatzteileinbau durch eine Fachwerkstatt\/Meisterwerkstatt erfolgt. Das Ein- und Ausbau des Ersatzteiles kann nicht an uns verrechnet werden. <\/p>\n<p> Ersatzteil: f\u00fcr andere Fahrzeugen (Marken) verf\u00fcgbar auf anfrage. Tel.041 980 27 47. Mobil. 076 589 27 47<\/p>\n<p> Kontakt<br \/>\n  Adresse: Autoverwertung Brun AG<br \/>\n           M\u00f6\u00f6slimatten 13<br \/>\n           6218 Ettiswil<br \/>\n  Telefon: 0041 (041) 980 27 47<br \/>\n  Telefax: 0041 (041) 980 03 47<\/p>\n<p> Wir bieten Ihnen weitere gebrauchte Autoteile zum Kauf an.<br \/>\n Tags: Wasserk\u00fchler, Water cooler, Refroidisseur d&rsquo;eau<br \/>\n<\/span><\/p>\n","protected":false},"excerpt":{"rendered":"<p>Technische Daten Fahrzeug: Nissan Qashqai Chassis Nr.: SJNFBNJ10U1006629 Baujahr: 2007 Kilometer: 170528 KM Leistung: 141 KW Hubraum: 1997 ccm Typ: 1NA376 Farbcode: grau Hinweise: &#8211; Versand: Versand nur in der Schweiz m\u00f6glich.Im Ausland ist der Transport k\u00e4uferseits. Garantie: 3 Monate Garantie. Bitte beachten Sie, dass die Gew\u00e4hrleistung nur g\u00fcltig ist, wenn der Ersatzteileinbau durch eine&hellip; <a class=\"more-link\" href=\"https:\/\/occasions-teile.ch\/fr\/produkt\/nissan-qashqai-wasserkuehler\/\">Poursuivre la lecture <span class=\"screen-reader-text\">Nissan Qashqai  Wasserk\u00fchler<\/span><\/a><\/p>\n","protected":false},"featured_media":306573,"template":"","meta":[],"product_brand":[],"product_cat":[515,518,20660,23529,512,1046,1757,1751,1754,2041,2043,2045,1049,1044,2120,2122,2119,1048,1045,1047],"product_tag":[],"class_list":{"0":"post-306576","1":"product","2":"type-product","3":"status-publish","4":"has-post-thumbnail","6":"product_cat-en-body-front","7":"product_cat-fr-carrosserie-front","8":"product_cat-de-j10-2-0-de_qashqai-de_nissan-manufacturer-24","9":"product_cat-de-j10-2-0-de_qashqai-de_nissan-manufacturer-38","10":"product_cat-de-karosserie-front","11":"product_cat-en-lock-beamcooler","12":"product_cat-fr_nissan","13":"product_cat-de_nissan","14":"product_cat-en_nissan","15":"product_cat-de_qashqai","16":"product_cat-en_qashqai","17":"product_cat-fr_qashqai","18":"product_cat-fr-refroidisseur-deau","19":"product_cat-de-schlosstraegerkuehler","20":"product_cat-en-sjnfbnj10u1006629-20000181","21":"product_cat-fr-sjnfbnj10u1006629-20000181-vehicle-fr-2","22":"product_cat-de-sjnfbnj10u1006629-20000181","23":"product_cat-fr-support-de-serrure-radiateur","24":"product_cat-de-wasserkuehler","25":"product_cat-en-water-cooler","26":"product_shipping_class-tarif-1","27":"entry","29":"first","30":"instock","31":"taxable","32":"shipping-taxable","33":"purchasable","34":"product-type-simple"},"jetpack_sharing_enabled":true,"_links":{"self":[{"href":"https:\/\/occasions-teile.ch\/fr\/wp-json\/wp\/v2\/product\/306576","targetHints":{"allow":["GET"]}}],"collection":[{"href":"https:\/\/occasions-teile.ch\/fr\/wp-json\/wp\/v2\/product"}],"about":[{"href":"https:\/\/occasions-teile.ch\/fr\/wp-json\/wp\/v2\/types\/product"}],"wp:featuredmedia":[{"embeddable":true,"href":"https:\/\/occasions-teile.ch\/fr\/wp-json\/wp\/v2\/media\/306573"}],"wp:attachment":[{"href":"https:\/\/occasions-teile.ch\/fr\/wp-json\/wp\/v2\/media?parent=306576"}],"wp:term":[{"taxonomy":"product_brand","embeddable":true,"href":"https:\/\/occasions-teile.ch\/fr\/wp-json\/wp\/v2\/product_brand?post=306576"},{"taxonomy":"product_cat","embeddable":true,"href":"https:\/\/occasions-teile.ch\/fr\/wp-json\/wp\/v2\/product_cat?post=306576"},{"taxonomy":"product_tag","embeddable":true,"href":"https:\/\/occasions-teile.ch\/fr\/wp-json\/wp\/v2\/product_tag?post=306576"}],"curies":[{"name":"wp","href":"https:\/\/api.w.org\/{rel}","templated":true}]}}