{"id":306444,"date":"2024-04-29T09:32:30","date_gmt":"2024-04-29T09:32:30","guid":{"rendered":"https:\/\/occasions-teile.ch\/product\/ford-focus-turbolader\/"},"modified":"2025-12-05T14:12:40","modified_gmt":"2025-12-05T14:12:40","slug":"ford-focus-turbolader","status":"publish","type":"product","link":"https:\/\/occasions-teile.ch\/fr\/produkt\/ford-focus-turbolader\/","title":{"rendered":"Ford Focus  Turbolader"},"content":{"rendered":"<p><span><b>Technische Daten<\/b><\/p>\n<p> Fahrzeug: Ford Focus  III 1.0 EcoBoost<br \/>\n Chassis Nr.: WF0KXXGCBKDJ65048<br \/>\n Baujahr: 2013<br \/>\n Kilometer: 102955 KM<br \/>\n Leistung: 100 KW<br \/>\n Hubraum: 998 ccm<br \/>\n Typ: 1FJ355<br \/>\n Farbcode: Schwarz<br \/>\n Hinweise: &#8211;<\/p>\n<p> Versand: Versand nur in der Schweiz m\u00f6glich.Im Ausland ist der Transport k\u00e4uferseits.<br \/>\n Garantie: 3 Monate Garantie. Bitte beachten Sie, dass die Gew\u00e4hrleistung nur g\u00fcltig ist, wenn der Ersatzteileinbau durch eine Fachwerkstatt\/Meisterwerkstatt erfolgt. Das Ein- und Ausbau des Ersatzteiles kann nicht an uns verrechnet werden. <\/p>\n<p> Ersatzteil: f\u00fcr andere Fahrzeugen (Marken) verf\u00fcgbar auf anfrage. Tel.041 980 27 47. Mobil. 076 589 27 47<\/p>\n<p> Kontakt<br \/>\n  Adresse: Autoverwertung Brun AG<br \/>\n           M\u00f6\u00f6slimatten 13<br \/>\n           6218 Ettiswil<br \/>\n  Telefon: 0041 (041) 980 27 47<br \/>\n  Telefax: 0041 (041) 980 03 47<\/p>\n<p> Wir bieten Ihnen weitere gebrauchte Autoteile zum Kauf an.<br \/>\n Tags: Turbolader, Turbocharger, Turbocompresseur<br \/>\n<\/span><\/p>\n","protected":false},"excerpt":{"rendered":"<p>Technische Daten Fahrzeug: Ford Focus III 1.0 EcoBoost Chassis Nr.: WF0KXXGCBKDJ65048 Baujahr: 2013 Kilometer: 102955 KM Leistung: 100 KW Hubraum: 998 ccm Typ: 1FJ355 Farbcode: Schwarz Hinweise: &#8211; Versand: Versand nur in der Schweiz m\u00f6glich.Im Ausland ist der Transport k\u00e4uferseits. Garantie: 3 Monate Garantie. Bitte beachten Sie, dass die Gew\u00e4hrleistung nur g\u00fcltig ist, wenn der&hellip; <a class=\"more-link\" href=\"https:\/\/occasions-teile.ch\/fr\/produkt\/ford-focus-turbolader\/\">Poursuivre la lecture <span class=\"screen-reader-text\">Ford Focus  Turbolader<\/span><\/a><\/p>\n","protected":false},"featured_media":306441,"template":"","meta":[],"product_brand":[],"product_cat":[1673,1675,1677,1589,1592,1586,500,497,494,633,632,635,634,631,630,2189,2190,2191],"product_tag":[],"class_list":{"0":"post-306444","1":"product","2":"type-product","3":"status-publish","4":"has-post-thumbnail","6":"product_cat-de_focus","7":"product_cat-en_focus","8":"product_cat-fr_focus","9":"product_cat-en_ford","10":"product_cat-fr_ford","11":"product_cat-de_ford","12":"product_cat-fr-moteur","13":"product_cat-en-motor","14":"product_cat-de-motor","15":"product_cat-en-turbocharger","16":"product_cat-en-turbocharger-compressor","17":"product_cat-fr-turbocompresseur","18":"product_cat-fr-turbocompresseur-compresseur","19":"product_cat-de-turbolader","20":"product_cat-de-turbolader-kompressor","21":"product_cat-de-wf0kxxgcbkdj65048-20000187","22":"product_cat-en-wf0kxxgcbkdj65048-20000187","23":"product_cat-fr-wf0kxxgcbkdj65048-20000187","24":"product_shipping_class-tarif-1","25":"entry","27":"first","28":"instock","29":"taxable","30":"shipping-taxable","31":"purchasable","32":"product-type-simple"},"jetpack_sharing_enabled":true,"_links":{"self":[{"href":"https:\/\/occasions-teile.ch\/fr\/wp-json\/wp\/v2\/product\/306444","targetHints":{"allow":["GET"]}}],"collection":[{"href":"https:\/\/occasions-teile.ch\/fr\/wp-json\/wp\/v2\/product"}],"about":[{"href":"https:\/\/occasions-teile.ch\/fr\/wp-json\/wp\/v2\/types\/product"}],"wp:featuredmedia":[{"embeddable":true,"href":"https:\/\/occasions-teile.ch\/fr\/wp-json\/wp\/v2\/media\/306441"}],"wp:attachment":[{"href":"https:\/\/occasions-teile.ch\/fr\/wp-json\/wp\/v2\/media?parent=306444"}],"wp:term":[{"taxonomy":"product_brand","embeddable":true,"href":"https:\/\/occasions-teile.ch\/fr\/wp-json\/wp\/v2\/product_brand?post=306444"},{"taxonomy":"product_cat","embeddable":true,"href":"https:\/\/occasions-teile.ch\/fr\/wp-json\/wp\/v2\/product_cat?post=306444"},{"taxonomy":"product_tag","embeddable":true,"href":"https:\/\/occasions-teile.ch\/fr\/wp-json\/wp\/v2\/product_tag?post=306444"}],"curies":[{"name":"wp","href":"https:\/\/api.w.org\/{rel}","templated":true}]}}