{"id":306351,"date":"2024-04-29T07:58:27","date_gmt":"2024-04-29T07:58:27","guid":{"rendered":"https:\/\/occasions-teile.ch\/product\/audi-a4-luftmengenmesser-3\/"},"modified":"2024-05-28T11:10:23","modified_gmt":"2024-05-28T11:10:23","slug":"audi-a4-luftmengenmesser-3","status":"publish","type":"product","link":"https:\/\/occasions-teile.ch\/fr\/produkt\/audi-a4-luftmengenmesser-3\/","title":{"rendered":"Audi A4  Luftmengenmesser"},"content":{"rendered":"<p><span><b>Technische Daten<\/b><\/p>\n<p> Fahrzeug: Audi A4<br \/>\n Chassis Nr.: WAUZZZF46GA019925<br \/>\n Baujahr: 2016<br \/>\n Kilometer: 135986 KM<br \/>\n Leistung: 150 KW<br \/>\n Hubraum: 1968 ccm<br \/>\n Typ: 1XN164<br \/>\n Farbcode: White\/Weiss<br \/>\n Hinweise: &#8211;<\/p>\n<p> Versand: Versand nur in der Schweiz m\u00f6glich.Im Ausland ist der Transport k\u00e4uferseits.<br \/>\n Garantie: 3 Monate Garantie. Bitte beachten Sie, dass die Gew\u00e4hrleistung nur g\u00fcltig ist, wenn der Ersatzteileinbau durch eine Fachwerkstatt\/Meisterwerkstatt erfolgt. Das Ein- und Ausbau des Ersatzteiles kann nicht an uns verrechnet werden. <\/p>\n<p> Ersatzteil: f\u00fcr andere Fahrzeugen (Marken) verf\u00fcgbar auf anfrage. Tel.041 980 27 47. Mobil. 076 589 27 47<\/p>\n<p> Kontakt<br \/>\n  Adresse: Autoverwertung Brun AG<br \/>\n           M\u00f6\u00f6slimatten 13<br \/>\n           6218 Ettiswil<br \/>\n  Telefon: 0041 (041) 980 27 47<br \/>\n  Telefax: 0041 (041) 980 03 47<\/p>\n<p> Wir bieten Ihnen weitere gebrauchte Autoteile zum Kauf an.<br \/>\n Tags: Luftmengenmesser, Air flow meter, De\u00b4bitme`tre d&rsquo;air<br \/>\n<\/span><\/p>\n","protected":false},"excerpt":{"rendered":"<p>Technische Daten Fahrzeug: Audi A4 Chassis Nr.: WAUZZZF46GA019925 Baujahr: 2016 Kilometer: 135986 KM Leistung: 150 KW Hubraum: 1968 ccm Typ: 1XN164 Farbcode: White\/Weiss Hinweise: &#8211; Versand: Versand nur in der Schweiz m\u00f6glich.Im Ausland ist der Transport k\u00e4uferseits. Garantie: 3 Monate Garantie. Bitte beachten Sie, dass die Gew\u00e4hrleistung nur g\u00fcltig ist, wenn der Ersatzteileinbau durch eine&hellip; <a class=\"more-link\" href=\"https:\/\/occasions-teile.ch\/fr\/produkt\/audi-a4-luftmengenmesser-3\/\">Poursuivre la lecture <span class=\"screen-reader-text\">Audi A4  Luftmengenmesser<\/span><\/a><\/p>\n","protected":false},"featured_media":306348,"template":"","meta":[],"product_brand":[],"product_cat":[462,465,459,666,665,461,464,458,20604,23762,668,663,664,500,497,494,667,2382,2383,2381],"product_tag":[],"class_list":{"0":"post-306351","1":"product","2":"type-product","3":"status-publish","4":"has-post-thumbnail","6":"product_cat-en_a4","7":"product_cat-fr_a4","8":"product_cat-de_a4","9":"product_cat-en-air-flow-meter","10":"product_cat-en-air-fuel-system","11":"product_cat-en_audi","12":"product_cat-fr_audi","13":"product_cat-de_audi","14":"product_cat-de-b9-2-0tdi-de_a4-de_audi-manufacturer-29","15":"product_cat-de-b9-2-0tdi-de_a4-de_audi-manufacturer-37","16":"product_cat-fr-debitmetre-dair","17":"product_cat-de-luft-kraftstoffsystem","18":"product_cat-de-luftmengenmesser","19":"product_cat-fr-moteur","20":"product_cat-en-motor","21":"product_cat-de-motor","22":"product_cat-fr-systeme-dair-carburant","23":"product_cat-en-wauzzzf46ga019925-20000206","24":"product_cat-fr-wauzzzf46ga019925-20000206","25":"product_cat-de-wauzzzf46ga019925-20000206","26":"product_shipping_class-tarif-1","27":"entry","29":"first","30":"instock","31":"taxable","32":"shipping-taxable","33":"purchasable","34":"product-type-simple"},"jetpack_sharing_enabled":true,"_links":{"self":[{"href":"https:\/\/occasions-teile.ch\/fr\/wp-json\/wp\/v2\/product\/306351","targetHints":{"allow":["GET"]}}],"collection":[{"href":"https:\/\/occasions-teile.ch\/fr\/wp-json\/wp\/v2\/product"}],"about":[{"href":"https:\/\/occasions-teile.ch\/fr\/wp-json\/wp\/v2\/types\/product"}],"wp:featuredmedia":[{"embeddable":true,"href":"https:\/\/occasions-teile.ch\/fr\/wp-json\/wp\/v2\/media\/306348"}],"wp:attachment":[{"href":"https:\/\/occasions-teile.ch\/fr\/wp-json\/wp\/v2\/media?parent=306351"}],"wp:term":[{"taxonomy":"product_brand","embeddable":true,"href":"https:\/\/occasions-teile.ch\/fr\/wp-json\/wp\/v2\/product_brand?post=306351"},{"taxonomy":"product_cat","embeddable":true,"href":"https:\/\/occasions-teile.ch\/fr\/wp-json\/wp\/v2\/product_cat?post=306351"},{"taxonomy":"product_tag","embeddable":true,"href":"https:\/\/occasions-teile.ch\/fr\/wp-json\/wp\/v2\/product_tag?post=306351"}],"curies":[{"name":"wp","href":"https:\/\/api.w.org\/{rel}","templated":true}]}}